{"id":56086,"date":"2024-09-18T12:06:40","date_gmt":"2024-09-18T12:06:40","guid":{"rendered":"https:\/\/e.kosmolat.eu\/?post_type=product&#038;p=56086"},"modified":"2026-04-22T09:41:11","modified_gmt":"2026-04-22T09:41:11","slug":"deba-multi-lift-nostiprinoss-serums-sejai-un-kaklam-30-ml","status":"publish","type":"product","link":"https:\/\/e.kosmolat.eu\/lt\/produktas\/deba-multi-lift-nostiprinoss-serums-sejai-un-kaklam-30-ml\/","title":{"rendered":"DeBa Multi Lift Stiprinantis serumas veidui ir kaklui, 30 ml"},"content":{"rendered":"<p>Sud\u0117tyje yra aktyvi\u0173 ingredient\u0173, specialiai skirt\u0173 kovoti su smulkiomis rauk\u0161lel\u0117mis ir rauk\u0161l\u0117mis. L\u0117tina nauj\u0173 rauk\u0161li\u0173 atsiradim\u0105 ir padeda pa\u0161alinti sen\u0117jimo po\u017eymius vietose, kurios labiausiai linkusios \u012f smulkias linijas ir rauk\u0161les. Pagerina brand\u017eios odos stangrum\u0105 ir elastingum\u0105.<\/p>\n<p>Veikliosios med\u017eiagos ir j\u0173 poveikis:<\/p>\n<p>Argirelinas yra peptidas, skirtas veido rauk\u0161li\u0173 prevencijai ir ma\u017einimui.<br \/>\nSepilift DPHP \u2013 skatina kolageno gamyb\u0105.<br \/>\n\u0160ilko baltymai \u2013 subalansuoja dr\u0117gm\u0117s lyg\u012f.<\/p>\n<p>Dienos ir nakties prie\u017ei\u016brai; visiems odos tipams.<\/p>\n<p>Sud\u0117tyje yra vitamino A. Prie\u0161 vartojim\u0105 b\u016btina atsi\u017evelgti \u012f paros doz\u0119.<\/p>\n<p>Naudojimas: ryte ir vakare kelis la\u0161us serumo u\u017ela\u0161inkite ant \u0161varios odos \u0161velniais masa\u017eo judesiais. Tinka paaki\u0173 zonai. <\/p>\n<p>Laikyti nuo +5 \u00b0C iki +25 \u00b0C temperat\u016broje.<\/p>\n","protected":false},"excerpt":{"rendered":"<p>Sud\u0117tyje yra aktyvi\u0173 ingredient\u0173, specialiai skirt\u0173 kovoti su smulkiomis rauk\u0161lel\u0117mis ir rauk\u0161l\u0117mis. L\u0117tina nauj\u0173 rauk\u0161li\u0173 atsiradim\u0105 ir padeda pa\u0161alinti sen\u0117jimo po\u017eymius vietose, kurios labiausiai linkusios \u012f smulkias linijas ir rauk\u0161les. Pagerina brand\u017eios odos stangrum\u0105 ir elastingum\u0105. Veikliosios med\u017eiagos ir j\u0173 poveikis: Argirelinas yra peptidas, skirtas veido rauk\u0161li\u0173 prevencijai ir ma\u017einimui. Sepilift DPHP \u2013 skatina kolageno [&#8230;]\n","protected":false},"featured_media":102833,"template":"","meta":[],"product_cat":[2181],"product_tag":[],"class_list":{"0":"post-56086","1":"product","2":"type-product","3":"status-publish","4":"has-post-thumbnail","6":"product_brand-rubella-bg-lt","7":"product_cat-bez-kategorijas-lt","9":"first","10":"instock","11":"taxable","12":"shipping-taxable","13":"product-type-simple"},"_links":{"self":[{"href":"https:\/\/e.kosmolat.eu\/lt\/wp-json\/wp\/v2\/product\/56086","targetHints":{"allow":["GET"]}}],"collection":[{"href":"https:\/\/e.kosmolat.eu\/lt\/wp-json\/wp\/v2\/product"}],"about":[{"href":"https:\/\/e.kosmolat.eu\/lt\/wp-json\/wp\/v2\/types\/product"}],"wp:featuredmedia":[{"embeddable":true,"href":"https:\/\/e.kosmolat.eu\/lt\/wp-json\/wp\/v2\/media\/102833"}],"wp:attachment":[{"href":"https:\/\/e.kosmolat.eu\/lt\/wp-json\/wp\/v2\/media?parent=56086"}],"wp:term":[{"taxonomy":"product_cat","embeddable":true,"href":"https:\/\/e.kosmolat.eu\/lt\/wp-json\/wp\/v2\/product_cat?post=56086"},{"taxonomy":"product_tag","embeddable":true,"href":"https:\/\/e.kosmolat.eu\/lt\/wp-json\/wp\/v2\/product_tag?post=56086"}],"curies":[{"name":"wp","href":"https:\/\/api.w.org\/{rel}","templated":true}]}}