{"id":56082,"date":"2024-09-18T11:50:38","date_gmt":"2024-09-18T11:50:38","guid":{"rendered":"https:\/\/e.kosmolat.eu\/?post_type=product&#038;p=56082"},"modified":"2026-04-20T10:16:16","modified_gmt":"2026-04-20T10:16:16","slug":"deba-multi-lift-atjaunojosa-nakts-sejas-maska-50-ml","status":"publish","type":"product","link":"https:\/\/e.kosmolat.eu\/lt\/produktas\/deba-multi-lift-atjaunojosa-nakts-sejas-maska-50-ml\/","title":{"rendered":"DeBa Multi Lift Atkurianti naktin\u0117 kauk\u0117, 50 ml"},"content":{"rendered":"<p>Intensyvi naktin\u0117 nenuplaunama veido kauk\u0117, skirta giliai maitinti ir dr\u0117kinti od\u0105. Pa\u0161alina nuovargio po\u017eymius, po kuri\u0173 oda atrodo pails\u0117jusi ir \u0161vytinti.<\/p>\n<p>Veikliosios med\u017eiagos ir j\u0173 poveikis:<br \/>\n\u0160ilko baltymai \u2013 reguliuoja hidratacijos lyg\u012f.<br \/>\nOrganinis kofermentas Q10 yra galingas antioksidantas.<br \/>\nVynuogi\u0173 kauliuk\u0173 aliejus \u2013 gerina odos strukt\u016br\u0105.<\/p>\n<p>Nakties prie\u017ei\u016brai; visiems odos tipams.<\/p>\n<p>Sud\u0117tyje yra vitamino A. Prie\u0161 vartojim\u0105 b\u016btina atsi\u017evelgti \u012f paros doz\u0119.<\/p>\n<p>Naudojimas: Tepkite veid\u0105, kakl\u0105 ir dekolt\u0117 od\u0105 kiekvien\u0105 vakar\u0105 arba bent 2 kartus per savait\u0119 po valymo prie\u0161 mieg\u0105. Masa\u017euokite od\u0105, kol visi\u0161kai \u012fsigers.<\/p>\n","protected":false},"excerpt":{"rendered":"<p>Intensyvi naktin\u0117 nenuplaunama veido kauk\u0117, skirta giliai maitinti ir dr\u0117kinti od\u0105. Pa\u0161alina nuovargio po\u017eymius, po kuri\u0173 oda atrodo pails\u0117jusi ir \u0161vytinti. Veikliosios med\u017eiagos ir j\u0173 poveikis: \u0160ilko baltymai \u2013 reguliuoja hidratacijos lyg\u012f. Organinis kofermentas Q10 yra galingas antioksidantas. Vynuogi\u0173 kauliuk\u0173 aliejus \u2013 gerina odos strukt\u016br\u0105. Nakties prie\u017ei\u016brai; visiems odos tipams. Sud\u0117tyje yra vitamino A. Prie\u0161 [&#8230;]\n","protected":false},"featured_media":100096,"template":"","meta":[],"product_cat":[1322],"product_tag":[],"class_list":{"0":"post-56082","1":"product","2":"type-product","3":"status-publish","4":"has-post-thumbnail","6":"product_brand-rubella-bg-lt","7":"product_cat-veido-kremai","9":"first","10":"instock","11":"taxable","12":"shipping-taxable","13":"product-type-simple"},"_links":{"self":[{"href":"https:\/\/e.kosmolat.eu\/lt\/wp-json\/wp\/v2\/product\/56082","targetHints":{"allow":["GET"]}}],"collection":[{"href":"https:\/\/e.kosmolat.eu\/lt\/wp-json\/wp\/v2\/product"}],"about":[{"href":"https:\/\/e.kosmolat.eu\/lt\/wp-json\/wp\/v2\/types\/product"}],"wp:featuredmedia":[{"embeddable":true,"href":"https:\/\/e.kosmolat.eu\/lt\/wp-json\/wp\/v2\/media\/100096"}],"wp:attachment":[{"href":"https:\/\/e.kosmolat.eu\/lt\/wp-json\/wp\/v2\/media?parent=56082"}],"wp:term":[{"taxonomy":"product_cat","embeddable":true,"href":"https:\/\/e.kosmolat.eu\/lt\/wp-json\/wp\/v2\/product_cat?post=56082"},{"taxonomy":"product_tag","embeddable":true,"href":"https:\/\/e.kosmolat.eu\/lt\/wp-json\/wp\/v2\/product_tag?post=56082"}],"curies":[{"name":"wp","href":"https:\/\/api.w.org\/{rel}","templated":true}]}}