{"id":56078,"date":"2024-09-18T10:36:38","date_gmt":"2024-09-18T10:36:38","guid":{"rendered":"https:\/\/e.kosmolat.eu\/?post_type=product&#038;p=56078"},"modified":"2026-04-23T07:34:08","modified_gmt":"2026-04-23T07:34:08","slug":"deba-multi-lift-firmplump-atjaun-sejas-kr-ar-pept-kompl-un-si-sviestu-50-ml","status":"publish","type":"product","link":"https:\/\/e.kosmolat.eu\/lt\/produktas\/deba-multi-lift-firmplump-atjaun-sejas-kr-ar-pept-kompl-un-si-sviestu-50-ml\/","title":{"rendered":"DeBa Multi Lift Firm &#038; Plump Jauninantis veido kremas su peptid\u0173 kompleksu ir sviestmed\u017ei\u0173 sviestu,"},"content":{"rendered":"<p>L\u0117tina sen\u0117jimo po\u017eymius ir aktyvina visas odos atk\u016brimo funkcijas. Apsaugo nuo mimikos linij\u0173 ir kit\u0173 tip\u0173 rauk\u0161li\u0173 atsiradimo. Atkuria nat\u016bral\u0173 sausos odos lipid\u0173 faktori\u0173.<\/p>\n<p>Veikliosios med\u017eiagos ir j\u0173 poveikis:<br \/>\n\u2022 Argireline ir Leufasil \u2013 peptidai veido rauk\u0161li\u0173 profilaktikai ir ma\u017einimui.<br \/>\n\u2022 Sepilift DPHP \u2013 skatina kolageno gamyb\u0105.<br \/>\n\u2022 Sviestmed\u017e\u0173  sviestas \u2013 mink\u0161tina od\u0105.<\/p>\n<p>Dienos ir nakties prie\u017ei\u016brai; visiems odos tipams.<\/p>\n<p>Sud\u0117tyje yra vitamino A. Prie\u0161 vartojim\u0105 b\u016btina atsi\u017evelgti \u012f paros doz\u0119.<\/p>\n<p>Naudojimas: tepkite ant \u0161varios odos ryte ir vakare. Masa\u017euokite, kol visi\u0161kai \u012fsigers.<\/p>\n","protected":false},"excerpt":{"rendered":"<p>L\u0117tina sen\u0117jimo po\u017eymius ir aktyvina visas odos atk\u016brimo funkcijas. Apsaugo nuo mimikos linij\u0173 ir kit\u0173 tip\u0173 rauk\u0161li\u0173 atsiradimo. Atkuria nat\u016bral\u0173 sausos odos lipid\u0173 faktori\u0173. Veikliosios med\u017eiagos ir j\u0173 poveikis: \u2022 Argireline ir Leufasil \u2013 peptidai veido rauk\u0161li\u0173 profilaktikai ir ma\u017einimui. \u2022 Sepilift DPHP \u2013 skatina kolageno gamyb\u0105. \u2022 Sviestmed\u017e\u0173 sviestas \u2013 mink\u0161tina od\u0105. Dienos ir [&#8230;]\n","protected":false},"featured_media":100396,"template":"","meta":[],"product_cat":[2181],"product_tag":[],"class_list":{"0":"post-56078","1":"product","2":"type-product","3":"status-publish","4":"has-post-thumbnail","6":"product_brand-rubella-bg-lt","7":"product_cat-bez-kategorijas-lt","9":"first","10":"instock","11":"taxable","12":"shipping-taxable","13":"product-type-simple"},"_links":{"self":[{"href":"https:\/\/e.kosmolat.eu\/lt\/wp-json\/wp\/v2\/product\/56078","targetHints":{"allow":["GET"]}}],"collection":[{"href":"https:\/\/e.kosmolat.eu\/lt\/wp-json\/wp\/v2\/product"}],"about":[{"href":"https:\/\/e.kosmolat.eu\/lt\/wp-json\/wp\/v2\/types\/product"}],"wp:featuredmedia":[{"embeddable":true,"href":"https:\/\/e.kosmolat.eu\/lt\/wp-json\/wp\/v2\/media\/100396"}],"wp:attachment":[{"href":"https:\/\/e.kosmolat.eu\/lt\/wp-json\/wp\/v2\/media?parent=56078"}],"wp:term":[{"taxonomy":"product_cat","embeddable":true,"href":"https:\/\/e.kosmolat.eu\/lt\/wp-json\/wp\/v2\/product_cat?post=56078"},{"taxonomy":"product_tag","embeddable":true,"href":"https:\/\/e.kosmolat.eu\/lt\/wp-json\/wp\/v2\/product_tag?post=56078"}],"curies":[{"name":"wp","href":"https:\/\/api.w.org\/{rel}","templated":true}]}}