{"id":56074,"date":"2024-09-18T10:20:39","date_gmt":"2024-09-18T10:20:39","guid":{"rendered":"https:\/\/e.kosmolat.eu\/?post_type=product&#038;p=56074"},"modified":"2026-04-22T09:40:56","modified_gmt":"2026-04-22T09:40:56","slug":"deba-multi-lift-firmplump-atjaun-sejas-kr-ar-vitaminu-un-liftinga-kompl-50-ml","status":"publish","type":"product","link":"https:\/\/e.kosmolat.eu\/lt\/produktas\/deba-multi-lift-firmplump-atjaun-sejas-kr-ar-vitaminu-un-liftinga-kompl-50-ml\/","title":{"rendered":"DeBa Multi Lift Firm &#038; Plump Jauninantis veido kremas su vitamin\u0173 ir stangrinan\u010diu kompleksu, 50 ml"},"content":{"rendered":"<p>L\u0117tina sen\u0117jimo po\u017eymius ir aktyvina visas odos atk\u016brimo funkcijas. Apsaugo nuo mimikos linij\u0173 ir kit\u0173 tip\u0173 rauk\u0161li\u0173 atsiradimo.<\/p>\n<p>Veikliosios med\u017eiagos ir j\u0173 poveikis:<br \/>\n\u2022 Argireline ir Leufasil \u2013 peptidai veido rauk\u0161li\u0173 profilaktikai ir ma\u017einimui.<br \/>\n\u2022 Sepilift DPHP \u2013 skatina kolageno gamyb\u0105.<br \/>\n\u2022 Vynuogi\u0173 kauliuk\u0173 aliejus \u2013 gerina odos strukt\u016br\u0105.<br \/>\nDienos ir nakties prie\u017ei\u016brai; visiems odos tipams.<\/p>\n<p>Sud\u0117tyje yra vitamino A. Prie\u0161 vartojim\u0105 b\u016btina atsi\u017evelgti \u012f paros doz\u0119.<\/p>\n<p>Naudojimas: tepkite ant \u0161varios odos ryte ir vakare. Masa\u017euokite, kol visi\u0161kai \u012fsigers.<\/p>\n","protected":false},"excerpt":{"rendered":"<p>L\u0117tina sen\u0117jimo po\u017eymius ir aktyvina visas odos atk\u016brimo funkcijas. Apsaugo nuo mimikos linij\u0173 ir kit\u0173 tip\u0173 rauk\u0161li\u0173 atsiradimo. Veikliosios med\u017eiagos ir j\u0173 poveikis: \u2022 Argireline ir Leufasil \u2013 peptidai veido rauk\u0161li\u0173 profilaktikai ir ma\u017einimui. \u2022 Sepilift DPHP \u2013 skatina kolageno gamyb\u0105. \u2022 Vynuogi\u0173 kauliuk\u0173 aliejus \u2013 gerina odos strukt\u016br\u0105. Dienos ir nakties prie\u017ei\u016brai; visiems odos [&#8230;]\n","protected":false},"featured_media":100140,"template":"","meta":[],"product_cat":[2181],"product_tag":[],"class_list":{"0":"post-56074","1":"product","2":"type-product","3":"status-publish","4":"has-post-thumbnail","6":"product_brand-rubella-bg-lt","7":"product_cat-bez-kategorijas-lt","9":"first","10":"instock","11":"taxable","12":"shipping-taxable","13":"product-type-simple"},"_links":{"self":[{"href":"https:\/\/e.kosmolat.eu\/lt\/wp-json\/wp\/v2\/product\/56074","targetHints":{"allow":["GET"]}}],"collection":[{"href":"https:\/\/e.kosmolat.eu\/lt\/wp-json\/wp\/v2\/product"}],"about":[{"href":"https:\/\/e.kosmolat.eu\/lt\/wp-json\/wp\/v2\/types\/product"}],"wp:featuredmedia":[{"embeddable":true,"href":"https:\/\/e.kosmolat.eu\/lt\/wp-json\/wp\/v2\/media\/100140"}],"wp:attachment":[{"href":"https:\/\/e.kosmolat.eu\/lt\/wp-json\/wp\/v2\/media?parent=56074"}],"wp:term":[{"taxonomy":"product_cat","embeddable":true,"href":"https:\/\/e.kosmolat.eu\/lt\/wp-json\/wp\/v2\/product_cat?post=56074"},{"taxonomy":"product_tag","embeddable":true,"href":"https:\/\/e.kosmolat.eu\/lt\/wp-json\/wp\/v2\/product_tag?post=56074"}],"curies":[{"name":"wp","href":"https:\/\/api.w.org\/{rel}","templated":true}]}}