{"id":56070,"date":"2024-09-18T10:06:29","date_gmt":"2024-09-18T10:06:29","guid":{"rendered":"https:\/\/e.kosmolat.eu\/?post_type=product&#038;p=56070"},"modified":"2026-04-20T10:16:44","modified_gmt":"2026-04-20T10:16:44","slug":"deba-ceramides-mitrinoss-barojoss-sejas-krems-50-ml","status":"publish","type":"product","link":"https:\/\/e.kosmolat.eu\/lt\/produktas\/deba-ceramides-mitrinoss-barojoss-sejas-krems-50-ml\/","title":{"rendered":"DeBa Ceramides Dr\u0117kinantis ir maitinantis kremas, 50 ml"},"content":{"rendered":"<p>Praturtintas keramid\u0173, hialurono r\u016bg\u0161ties ir skvalano kompleksu. Veido kremas padeda atkurti nat\u016bral\u0173 odos barjer\u0105, apsaugodamas nuo dr\u0117gm\u0117s praradimo ir i\u0161orinio poveikio. Giliai dr\u0117kina ir lygina, suma\u017eina smulki\u0173 rauk\u0161li\u0173 atsiradim\u0105. Maitina ir saugo od\u0105.<\/p>\n<p>Veikliosios med\u017eiagos ir j\u0173 poveikis:<br \/>\nKeramido kompleksas \u2013 maitina ir stiprina odos barjer\u0105.Hialurono r\u016bg\u0161tis \u2013 oda atrodo elastingesn\u0117.<br \/>\nSkvalanas \u2013 giliai maitina.<\/p>\n<p>Dienos ir nakties prie\u017ei\u016brai; Tinka visiems odos tipams; be kvapo.<\/p>\n<p>Naudojimo instrukcija: tepti ant \u0161varios odos ryte ir vakare. Masa\u017euokite, kol visi\u0161kai \u012fsigers.<\/p>\n","protected":false},"excerpt":{"rendered":"<p>Praturtintas keramid\u0173, hialurono r\u016bg\u0161ties ir skvalano kompleksu. Veido kremas padeda atkurti nat\u016bral\u0173 odos barjer\u0105, apsaugodamas nuo dr\u0117gm\u0117s praradimo ir i\u0161orinio poveikio. Giliai dr\u0117kina ir lygina, suma\u017eina smulki\u0173 rauk\u0161li\u0173 atsiradim\u0105. Maitina ir saugo od\u0105. Veikliosios med\u017eiagos ir j\u0173 poveikis: Keramido kompleksas \u2013 maitina ir stiprina odos barjer\u0105.Hialurono r\u016bg\u0161tis \u2013 oda atrodo elastingesn\u0117. Skvalanas \u2013 giliai maitina. [&#8230;]\n","protected":false},"featured_media":101558,"template":"","meta":[],"product_cat":[1322],"product_tag":[],"class_list":{"0":"post-56070","1":"product","2":"type-product","3":"status-publish","4":"has-post-thumbnail","6":"product_brand-rubella-bg-lt","7":"product_cat-veido-kremai","9":"first","10":"instock","11":"taxable","12":"shipping-taxable","13":"product-type-simple"},"_links":{"self":[{"href":"https:\/\/e.kosmolat.eu\/lt\/wp-json\/wp\/v2\/product\/56070","targetHints":{"allow":["GET"]}}],"collection":[{"href":"https:\/\/e.kosmolat.eu\/lt\/wp-json\/wp\/v2\/product"}],"about":[{"href":"https:\/\/e.kosmolat.eu\/lt\/wp-json\/wp\/v2\/types\/product"}],"wp:featuredmedia":[{"embeddable":true,"href":"https:\/\/e.kosmolat.eu\/lt\/wp-json\/wp\/v2\/media\/101558"}],"wp:attachment":[{"href":"https:\/\/e.kosmolat.eu\/lt\/wp-json\/wp\/v2\/media?parent=56070"}],"wp:term":[{"taxonomy":"product_cat","embeddable":true,"href":"https:\/\/e.kosmolat.eu\/lt\/wp-json\/wp\/v2\/product_cat?post=56070"},{"taxonomy":"product_tag","embeddable":true,"href":"https:\/\/e.kosmolat.eu\/lt\/wp-json\/wp\/v2\/product_tag?post=56070"}],"curies":[{"name":"wp","href":"https:\/\/api.w.org\/{rel}","templated":true}]}}