{"id":56062,"date":"2024-09-18T09:36:47","date_gmt":"2024-09-18T09:36:47","guid":{"rendered":"https:\/\/e.kosmolat.eu\/?post_type=product&#038;p=56062"},"modified":"2026-04-14T15:43:15","modified_gmt":"2026-04-14T15:43:15","slug":"deba-ceramides-atjaunojoss-balz-adai-ap-acim-15-ml","status":"publish","type":"product","link":"https:\/\/e.kosmolat.eu\/lt\/produktas\/deba-ceramides-atjaunojoss-balz-adai-ap-acim-15-ml\/","title":{"rendered":"DeBa Ceramides Atkuriantis balzamas odai aplink akis, 15 ml"},"content":{"rendered":"<p>Praturtintas keramid\u0173 kompleksu, hialurono r\u016bg\u0161timi ir Ecoskin.<\/p>\n<p>Aki\u0173 balzamas giliai maitina ir stiprina odos barjer\u0105, atkuria ir palaiko elastingum\u0105, suteikdamas intensyv\u0173 ir ilgalaik\u012f dr\u0117kinim\u0105. Padeda tonizuoti ir i\u0161lygina smulkias rauk\u0161leles.<\/p>\n<p>Veikliosios med\u017eiagos ir j\u0173 poveikis:<br \/>\nKeramid\u0173 kompleksas \u2013 maitina ir stiprina odos barjer\u0105.<br \/>\nHialurono r\u016bg\u0161tis \u2013 oda atrodo elastingesn\u0117.<br \/>\nEcoskin \u2013 pagerina odos \u0161vyt\u0117jim\u0105.<\/p>\n<p>Dienos ir nakties prie\u017ei\u016brai; tinka visiems odos tipams; be kvapo.<\/p>\n<p>Naudojimas: ryte ir vakare tepkite \u0161vari\u0105 paaki\u0173 od\u0105. \u0160velniai paskirstykite patp\u0161nojant.<\/p>\n","protected":false},"excerpt":{"rendered":"<p>Praturtintas keramid\u0173 kompleksu, hialurono r\u016bg\u0161timi ir Ecoskin. Aki\u0173 balzamas giliai maitina ir stiprina odos barjer\u0105, atkuria ir palaiko elastingum\u0105, suteikdamas intensyv\u0173 ir ilgalaik\u012f dr\u0117kinim\u0105. Padeda tonizuoti ir i\u0161lygina smulkias rauk\u0161leles. Veikliosios med\u017eiagos ir j\u0173 poveikis: Keramid\u0173 kompleksas \u2013 maitina ir stiprina odos barjer\u0105. Hialurono r\u016bg\u0161tis \u2013 oda atrodo elastingesn\u0117. Ecoskin \u2013 pagerina odos \u0161vyt\u0117jim\u0105. Dienos [&#8230;]\n","protected":false},"featured_media":101522,"template":"","meta":[],"product_cat":[1590],"product_tag":[],"class_list":{"0":"post-56062","1":"product","2":"type-product","3":"status-publish","4":"has-post-thumbnail","6":"product_brand-rubella-bg-lt","7":"product_cat-paakiu-kremai","9":"first","10":"outofstock","11":"taxable","12":"shipping-taxable","13":"product-type-simple"},"_links":{"self":[{"href":"https:\/\/e.kosmolat.eu\/lt\/wp-json\/wp\/v2\/product\/56062","targetHints":{"allow":["GET"]}}],"collection":[{"href":"https:\/\/e.kosmolat.eu\/lt\/wp-json\/wp\/v2\/product"}],"about":[{"href":"https:\/\/e.kosmolat.eu\/lt\/wp-json\/wp\/v2\/types\/product"}],"wp:featuredmedia":[{"embeddable":true,"href":"https:\/\/e.kosmolat.eu\/lt\/wp-json\/wp\/v2\/media\/101522"}],"wp:attachment":[{"href":"https:\/\/e.kosmolat.eu\/lt\/wp-json\/wp\/v2\/media?parent=56062"}],"wp:term":[{"taxonomy":"product_cat","embeddable":true,"href":"https:\/\/e.kosmolat.eu\/lt\/wp-json\/wp\/v2\/product_cat?post=56062"},{"taxonomy":"product_tag","embeddable":true,"href":"https:\/\/e.kosmolat.eu\/lt\/wp-json\/wp\/v2\/product_tag?post=56062"}],"curies":[{"name":"wp","href":"https:\/\/api.w.org\/{rel}","templated":true}]}}