{"id":56058,"date":"2024-09-18T09:36:28","date_gmt":"2024-09-18T09:36:28","guid":{"rendered":"https:\/\/e.kosmolat.eu\/?post_type=product&#038;p=56058"},"modified":"2026-04-22T09:40:22","modified_gmt":"2026-04-22T09:40:22","slug":"deba-ceramides-micelarais-udens-ar-keramid-200-ml","status":"publish","type":"product","link":"https:\/\/e.kosmolat.eu\/lt\/produktas\/deba-ceramides-micelarais-udens-ar-keramid-200-ml\/","title":{"rendered":"DeBa Ceramides Micelinis vanduo su keramidais, 200 ml"},"content":{"rendered":"<p>Pa\u0161alina makia\u017e\u0105 ir nuvalo veido, aki\u0173 ir kaklo od\u0105 nuo ne\u0161varum\u0173. \u0160velni formul\u0117 nedirgina ir nesausina odos. Keramidai dr\u0117kina ir saugo od\u0105.<\/p>\n<p>Visiems odos tipams, kasdieniam naudojimui; be kvapo.<\/p>\n<p>Naudojimas: U\u017etepkite nedidel\u012f kiek\u012f micelinio vandens ant vatos diskelio ir nuvalykite veid\u0105, akis ir kakl\u0105. Venkite intensyvaus trynimo, kad apsaugotum\u0117te jautri\u0105 aki\u0173 srit\u012f.<\/p>\n","protected":false},"excerpt":{"rendered":"<p>Pa\u0161alina makia\u017e\u0105 ir nuvalo veido, aki\u0173 ir kaklo od\u0105 nuo ne\u0161varum\u0173. \u0160velni formul\u0117 nedirgina ir nesausina odos. Keramidai dr\u0117kina ir saugo od\u0105. Visiems odos tipams, kasdieniam naudojimui; be kvapo. Naudojimas: U\u017etepkite nedidel\u012f kiek\u012f micelinio vandens ant vatos diskelio ir nuvalykite veid\u0105, akis ir kakl\u0105. Venkite intensyvaus trynimo, kad apsaugotum\u0117te jautri\u0105 aki\u0173 srit\u012f.<\/p>\n","protected":false},"featured_media":100136,"template":"","meta":[],"product_cat":[2181],"product_tag":[],"class_list":{"0":"post-56058","1":"product","2":"type-product","3":"status-publish","4":"has-post-thumbnail","6":"product_brand-rubella-bg-lt","7":"product_cat-bez-kategorijas-lt","9":"first","10":"instock","11":"taxable","12":"shipping-taxable","13":"product-type-simple"},"_links":{"self":[{"href":"https:\/\/e.kosmolat.eu\/lt\/wp-json\/wp\/v2\/product\/56058","targetHints":{"allow":["GET"]}}],"collection":[{"href":"https:\/\/e.kosmolat.eu\/lt\/wp-json\/wp\/v2\/product"}],"about":[{"href":"https:\/\/e.kosmolat.eu\/lt\/wp-json\/wp\/v2\/types\/product"}],"wp:featuredmedia":[{"embeddable":true,"href":"https:\/\/e.kosmolat.eu\/lt\/wp-json\/wp\/v2\/media\/100136"}],"wp:attachment":[{"href":"https:\/\/e.kosmolat.eu\/lt\/wp-json\/wp\/v2\/media?parent=56058"}],"wp:term":[{"taxonomy":"product_cat","embeddable":true,"href":"https:\/\/e.kosmolat.eu\/lt\/wp-json\/wp\/v2\/product_cat?post=56058"},{"taxonomy":"product_tag","embeddable":true,"href":"https:\/\/e.kosmolat.eu\/lt\/wp-json\/wp\/v2\/product_tag?post=56058"}],"curies":[{"name":"wp","href":"https:\/\/api.w.org\/{rel}","templated":true}]}}