{"id":55968,"date":"2024-09-17T04:10:27","date_gmt":"2024-09-17T04:10:27","guid":{"rendered":"https:\/\/e.kosmolat.eu\/product\/jantar-barojoss-sejas-krems-kombin-saus-un-normal-adai-40-g\/"},"modified":"2026-04-21T10:31:23","modified_gmt":"2026-04-21T10:31:23","slug":"jantar-barojoss-sejas-krems-kombin-saus-un-normal-adai-40-g","status":"publish","type":"product","link":"https:\/\/e.kosmolat.eu\/lt\/produktas\/jantar-barojoss-sejas-krems-kombin-saus-un-normal-adai-40-g\/","title":{"rendered":"JANTAR Maitinamasis kremas mi\u0161riai, sausai ir normaliai veido odai, 40 g"},"content":{"rendered":"<p>Su alyvuogi\u0173 aliejumi ir bi\u010di\u0173 va\u0161ku.<br \/>\nNat\u016bralios veikliosios med\u017eiagos \u2013 bisabololis, alyvuogi\u0173 aliejus, bi\u010di\u0173 va\u0161kas, vynuogi\u0173 kauliuk\u0173 aliejus, taukmed\u017ei\u0173 sviestas ir lanolinas:<\/p>\n<p>\u2022 intensyviai maitina, mink\u0161tina ir \u0161alina i\u0161saus\u0117jusi\u0105 od\u0105;<br \/>\n\u2022 suteikia stangrumo ir elastingumo;<br \/>\n\u2022 u\u017ekirta keli\u0105 rauk\u0161li\u0173 atsiradimui.<\/p>\n<p>Naudojimas: Tepkite ant \u0161varios veido odos 2 valandas prie\u0161 mieg\u0105. Kremo pertekli\u0173 pa\u0161alinkite servet\u0117le. Krem\u0105 galima naudoti kaip \u201enam\u0173 kauk\u0119\u201c ypa\u010d sausai odai: tepti veid\u0105 20-30 min., tada liku\u010dius nuvalyti servet\u0117le.<\/p>\n","protected":false},"excerpt":{"rendered":"<p>Su alyvuogi\u0173 aliejumi ir bi\u010di\u0173 va\u0161ku. Nat\u016bralios veikliosios med\u017eiagos \u2013 bisabololis, alyvuogi\u0173 aliejus, bi\u010di\u0173 va\u0161kas, vynuogi\u0173 kauliuk\u0173 aliejus, taukmed\u017ei\u0173 sviestas ir lanolinas: \u2022 intensyviai maitina, mink\u0161tina ir \u0161alina i\u0161saus\u0117jusi\u0105 od\u0105; \u2022 suteikia stangrumo ir elastingumo; \u2022 u\u017ekirta keli\u0105 rauk\u0161li\u0173 atsiradimui. Naudojimas: Tepkite ant \u0161varios veido odos 2 valandas prie\u0161 mieg\u0105. Kremo pertekli\u0173 pa\u0161alinkite servet\u0117le. Krem\u0105 [&#8230;]\n","protected":false},"featured_media":103214,"template":"","meta":[],"product_cat":[2181],"product_tag":[],"class_list":{"0":"post-55968","1":"product","2":"type-product","3":"status-publish","4":"has-post-thumbnail","6":"product_brand-healer-cosmetics_ua-lt","7":"product_cat-bez-kategorijas-lt","9":"first","10":"instock","11":"taxable","12":"shipping-taxable","13":"product-type-simple"},"_links":{"self":[{"href":"https:\/\/e.kosmolat.eu\/lt\/wp-json\/wp\/v2\/product\/55968","targetHints":{"allow":["GET"]}}],"collection":[{"href":"https:\/\/e.kosmolat.eu\/lt\/wp-json\/wp\/v2\/product"}],"about":[{"href":"https:\/\/e.kosmolat.eu\/lt\/wp-json\/wp\/v2\/types\/product"}],"wp:featuredmedia":[{"embeddable":true,"href":"https:\/\/e.kosmolat.eu\/lt\/wp-json\/wp\/v2\/media\/103214"}],"wp:attachment":[{"href":"https:\/\/e.kosmolat.eu\/lt\/wp-json\/wp\/v2\/media?parent=55968"}],"wp:term":[{"taxonomy":"product_cat","embeddable":true,"href":"https:\/\/e.kosmolat.eu\/lt\/wp-json\/wp\/v2\/product_cat?post=55968"},{"taxonomy":"product_tag","embeddable":true,"href":"https:\/\/e.kosmolat.eu\/lt\/wp-json\/wp\/v2\/product_tag?post=55968"}],"curies":[{"name":"wp","href":"https:\/\/api.w.org\/{rel}","templated":true}]}}