{"id":55960,"date":"2024-09-17T04:10:00","date_gmt":"2024-09-17T04:10:00","guid":{"rendered":"https:\/\/e.kosmolat.eu\/product\/ballet-tonalais-krems-ar-lecitinu-tonis-zilonkaula-41-g\/"},"modified":"2026-04-23T13:16:09","modified_gmt":"2026-04-23T13:16:09","slug":"ballet-tonalais-krems-ar-lecitinu-tonis-zilonkaula-41-g","status":"publish","type":"product","link":"https:\/\/e.kosmolat.eu\/lt\/produktas\/ballet-tonalais-krems-ar-lecitinu-tonis-zilonkaula-41-g\/","title":{"rendered":"BALLET Tonuojantis kremas su lecitinu, tonas dramblio kaulas, 41 g"},"content":{"rendered":"<p>Nat\u016bralus atspalvis. Lengvai u\u017etepamas ir gerai pasiskirsto; Tolygiai padengia od\u0105 ir suteikia jai matin\u012f atspalv\u012f; Reguliuoja apykaitos procesus odoje; I\u0161liekas vis\u0105 dien\u0105.  <\/p>\n<p>Rezultatas: Oda \u012fgauna lygi\u0105 ir \u0161velni\u0105 spalv\u0105, tampa lygi ir \u0161velni. <\/p>\n<p>Naudojimo b\u016bdas: Ant i\u0161 anksto nuvalytos odos u\u017etepti nedidel\u012f kiek\u012f makia\u017eo pagrindo ir tolygiai paskirstyti \u0161velniais judesiais. Jeigu oda sausa, prie\u0161 tai u\u017etepti plon\u0105 sluoksn\u012f dr\u0117kinamojo kremo. <\/p>\n<p>Laikyti nuo +5 \u00b0C iki +25 \u00b0C temperat\u016broje.<\/p>\n","protected":false},"excerpt":{"rendered":"<p>Nat\u016bralus atspalvis. Lengvai u\u017etepamas ir gerai pasiskirsto; Tolygiai padengia od\u0105 ir suteikia jai matin\u012f atspalv\u012f; Reguliuoja apykaitos procesus odoje; I\u0161liekas vis\u0105 dien\u0105. Rezultatas: Oda \u012fgauna lygi\u0105 ir \u0161velni\u0105 spalv\u0105, tampa lygi ir \u0161velni. Naudojimo b\u016bdas: Ant i\u0161 anksto nuvalytos odos u\u017etepti nedidel\u012f kiek\u012f makia\u017eo pagrindo ir tolygiai paskirstyti \u0161velniais judesiais. Jeigu oda sausa, prie\u0161 tai [&#8230;]\n","protected":false},"featured_media":100428,"template":"","meta":[],"product_cat":[1291],"product_tag":[],"class_list":{"0":"post-55960","1":"product","2":"type-product","3":"status-publish","4":"has-post-thumbnail","6":"product_brand-healer-cosmetics_ua-lt","7":"product_cat-makiazo-pagrindas","9":"first","10":"instock","11":"taxable","12":"shipping-taxable","13":"product-type-simple"},"_links":{"self":[{"href":"https:\/\/e.kosmolat.eu\/lt\/wp-json\/wp\/v2\/product\/55960","targetHints":{"allow":["GET"]}}],"collection":[{"href":"https:\/\/e.kosmolat.eu\/lt\/wp-json\/wp\/v2\/product"}],"about":[{"href":"https:\/\/e.kosmolat.eu\/lt\/wp-json\/wp\/v2\/types\/product"}],"wp:featuredmedia":[{"embeddable":true,"href":"https:\/\/e.kosmolat.eu\/lt\/wp-json\/wp\/v2\/media\/100428"}],"wp:attachment":[{"href":"https:\/\/e.kosmolat.eu\/lt\/wp-json\/wp\/v2\/media?parent=55960"}],"wp:term":[{"taxonomy":"product_cat","embeddable":true,"href":"https:\/\/e.kosmolat.eu\/lt\/wp-json\/wp\/v2\/product_cat?post=55960"},{"taxonomy":"product_tag","embeddable":true,"href":"https:\/\/e.kosmolat.eu\/lt\/wp-json\/wp\/v2\/product_tag?post=55960"}],"curies":[{"name":"wp","href":"https:\/\/api.w.org\/{rel}","templated":true}]}}