{"id":55928,"date":"2024-09-17T04:08:38","date_gmt":"2024-09-17T04:08:38","guid":{"rendered":"https:\/\/e.kosmolat.eu\/product\/nc-8-zales-zeleja-balzams-adas-bojaj-un-apdeg-40-g\/"},"modified":"2026-04-22T13:53:28","modified_gmt":"2026-04-22T13:53:28","slug":"nc-8-zales-zeleja-balzams-adas-bojaj-un-apdeg-40-g","status":"publish","type":"product","link":"https:\/\/e.kosmolat.eu\/lt\/produktas\/nc-8-zales-zeleja-balzams-adas-bojaj-un-apdeg-40-g\/","title":{"rendered":"NARODNYJ CELITEL 8 \u017dolel\u0117s Gelis &#8211; balzamas prie\u0161 odos pa\u017eeidimus ir nudegimus, 40 g"},"content":{"rendered":"<p>Veiksmingas produktas, pagr\u012fstas nat\u016braliais ekstraktais ir augalais. Maitina ir ramina od\u0105, saugo j\u0105 nuo skilin\u0117jimo, skatina odos atsistatym\u0105, sukuria apsaugin\u012f barjer\u0105 nuo agresyvaus aplinkos poveikio.<\/p>\n<p>Sud\u0117tis: pantenolis, vitaminas A, vitaminas E, glicerinas, jona\u017eoli\u0173 ekstraktai, asi\u016bkli\u0173, pu\u0161\u0173 sak\u0173, ramun\u0117li\u0173, eukalipt\u0173, salier\u0173, citrin\u0173 eterinis aliejus.<\/p>\n<p>Sud\u0117tyje yra vitamino A. Prie\u0161 naudojant atsi\u017evelgti \u012f paros doz\u0119.<\/p>\n<p>Naudojimo instrukcijos: Nedidel\u012f kiek\u012f gelio-balzamo u\u017etepkite ant problemini\u0173 odos viet\u0173. <\/p>\n<p>Atsargumo priemon\u0117s: Tik i\u0161oriniam naudojimui. Nenaudokite, jei yra padid\u0117j\u0119s jautrumas atskiriems kompozicijos komponentams. Ne vaistas.<\/p>\n<p>Laikymo s\u0105lygos: laikyti nuo +5 \u00b0C iki +25 \u00b0C temperat\u016broje ir santykin\u0117je oro dr\u0117gm\u0117je iki 75%, saugoti nuo tiesiogini\u0173 saul\u0117s spinduli\u0173. Laikyti vaikams nepasiekiamoje vietoje.<\/p>\n<p>Geriausias: 36 m\u0117nesiai nuo pagaminimo datos.<\/p>\n","protected":false},"excerpt":{"rendered":"<p>Veiksmingas produktas, pagr\u012fstas nat\u016braliais ekstraktais ir augalais. Maitina ir ramina od\u0105, saugo j\u0105 nuo skilin\u0117jimo, skatina odos atsistatym\u0105, sukuria apsaugin\u012f barjer\u0105 nuo agresyvaus aplinkos poveikio. Sud\u0117tis: pantenolis, vitaminas A, vitaminas E, glicerinas, jona\u017eoli\u0173 ekstraktai, asi\u016bkli\u0173, pu\u0161\u0173 sak\u0173, ramun\u0117li\u0173, eukalipt\u0173, salier\u0173, citrin\u0173 eterinis aliejus. Sud\u0117tyje yra vitamino A. Prie\u0161 naudojant atsi\u017evelgti \u012f paros doz\u0119. Naudojimo instrukcijos: [&#8230;]\n","protected":false},"featured_media":98635,"template":"","meta":[],"product_cat":[2181],"product_tag":[],"class_list":{"0":"post-55928","1":"product","2":"type-product","3":"status-publish","4":"has-post-thumbnail","6":"product_brand-healer-cosmetics_ua-lt","7":"product_cat-bez-kategorijas-lt","9":"first","10":"instock","11":"taxable","12":"shipping-taxable","13":"product-type-simple"},"_links":{"self":[{"href":"https:\/\/e.kosmolat.eu\/lt\/wp-json\/wp\/v2\/product\/55928","targetHints":{"allow":["GET"]}}],"collection":[{"href":"https:\/\/e.kosmolat.eu\/lt\/wp-json\/wp\/v2\/product"}],"about":[{"href":"https:\/\/e.kosmolat.eu\/lt\/wp-json\/wp\/v2\/types\/product"}],"wp:featuredmedia":[{"embeddable":true,"href":"https:\/\/e.kosmolat.eu\/lt\/wp-json\/wp\/v2\/media\/98635"}],"wp:attachment":[{"href":"https:\/\/e.kosmolat.eu\/lt\/wp-json\/wp\/v2\/media?parent=55928"}],"wp:term":[{"taxonomy":"product_cat","embeddable":true,"href":"https:\/\/e.kosmolat.eu\/lt\/wp-json\/wp\/v2\/product_cat?post=55928"},{"taxonomy":"product_tag","embeddable":true,"href":"https:\/\/e.kosmolat.eu\/lt\/wp-json\/wp\/v2\/product_tag?post=55928"}],"curies":[{"name":"wp","href":"https:\/\/api.w.org\/{rel}","templated":true}]}}