{"id":55920,"date":"2024-09-17T04:08:17","date_gmt":"2024-09-17T04:08:17","guid":{"rendered":"https:\/\/e.kosmolat.eu\/product\/nc-17-zales-zeleja-balz-sasit-sastiep-un-zilumiem-40-g\/"},"modified":"2026-05-15T06:59:05","modified_gmt":"2026-05-15T06:59:05","slug":"nc-17-zales-zeleja-balz-sasit-sastiep-un-zilumiem-40-g","status":"publish","type":"product","link":"https:\/\/e.kosmolat.eu\/lt\/produktas\/nc-17-zales-zeleja-balz-sasit-sastiep-un-zilumiem-40-g\/","title":{"rendered":"NARODNYJ CELITEL 17 \u017doleli\u0173 Gelis &#8211; balzamas prie\u0161 patempimus, sumu\u0161imus, kraujosr\u016bvas, 40 g"},"content":{"rendered":"<p>Veiksmingas produktas, pagr\u012fstas nat\u016braliais ekstraktais ir augalais. Gerina kraujotak\u0105 ir atkuria od\u0105.<\/p>\n<p>Veikli\u0173j\u0173 med\u017eiag\u0173 sud\u0117tis: kamparas, terpentinas, mentolis, trokserutinas; arnik\u0173, medetk\u0173, jona\u017eoli\u0173, sofor\u0173s, ka\u0161ton\u0173, svilaro\u017ei\u0173 \u0161akn\u0173 ekstraktai; citrin\u0173, levand\u0173, melis\u0173, cinamono, rozmarin\u0173, kadagi\u0173 eteriniai aliejai.<\/p>\n<p>Naudojimas: problemines odos vietas u\u017etepkite geliu-balzamu, tada u\u017ed\u0117kite \u0161alt\u0105 kompres\u0105. Naudokite 2-3 kartus per dien\u0105, kol pager\u0117s odos b\u016bkl\u0117.<\/p>\n<p>D\u0117mesio! Nenaudoti vaikams iki 3 met\u0173 am\u017eiaus.<\/p>\n<p>Atsargumo priemon\u0117s: tik i\u0161oriniam naudojimui. Nenaudokite, jei yra padid\u0117j\u0119s jautrumas atskiriems kompozicijos komponentams. Ne vaistas.<\/p>\n<p>Laikymo s\u0105lygos: laikyti nuo +5 \u00b0C iki +25 \u00b0C temperat\u016broje ir santykin\u0117je oro dr\u0117gm\u0117je iki 75%, saugoti nuo tiesiogini\u0173 saul\u0117s spinduli\u0173. Laikyti vaikams nepasiekiamoje vietoje.<\/p>\n<p>Geriausias: 36 m\u0117nesiai nuo pagaminimo datos.<\/p>\n","protected":false},"excerpt":{"rendered":"<p>Veiksmingas produktas, pagr\u012fstas nat\u016braliais ekstraktais ir augalais. Gerina kraujotak\u0105 ir atkuria od\u0105. Veikli\u0173j\u0173 med\u017eiag\u0173 sud\u0117tis: kamparas, terpentinas, mentolis, trokserutinas; arnik\u0173, medetk\u0173, jona\u017eoli\u0173, sofor\u0173s, ka\u0161ton\u0173, svilaro\u017ei\u0173 \u0161akn\u0173 ekstraktai; citrin\u0173, levand\u0173, melis\u0173, cinamono, rozmarin\u0173, kadagi\u0173 eteriniai aliejai. Naudojimas: problemines odos vietas u\u017etepkite geliu-balzamu, tada u\u017ed\u0117kite \u0161alt\u0105 kompres\u0105. Naudokite 2-3 kartus per dien\u0105, kol pager\u0117s odos b\u016bkl\u0117. D\u0117mesio! [&#8230;]\n","protected":false},"featured_media":98631,"template":"","meta":[],"product_cat":[1390],"product_tag":[],"class_list":{"0":"post-55920","1":"product","2":"type-product","3":"status-publish","4":"has-post-thumbnail","6":"product_brand-healer-cosmetics_ua-lt","7":"product_cat-kremai-aliejai-kuno-pienelis","9":"first","10":"instock","11":"taxable","12":"shipping-taxable","13":"product-type-simple"},"_links":{"self":[{"href":"https:\/\/e.kosmolat.eu\/lt\/wp-json\/wp\/v2\/product\/55920","targetHints":{"allow":["GET"]}}],"collection":[{"href":"https:\/\/e.kosmolat.eu\/lt\/wp-json\/wp\/v2\/product"}],"about":[{"href":"https:\/\/e.kosmolat.eu\/lt\/wp-json\/wp\/v2\/types\/product"}],"wp:featuredmedia":[{"embeddable":true,"href":"https:\/\/e.kosmolat.eu\/lt\/wp-json\/wp\/v2\/media\/98631"}],"wp:attachment":[{"href":"https:\/\/e.kosmolat.eu\/lt\/wp-json\/wp\/v2\/media?parent=55920"}],"wp:term":[{"taxonomy":"product_cat","embeddable":true,"href":"https:\/\/e.kosmolat.eu\/lt\/wp-json\/wp\/v2\/product_cat?post=55920"},{"taxonomy":"product_tag","embeddable":true,"href":"https:\/\/e.kosmolat.eu\/lt\/wp-json\/wp\/v2\/product_tag?post=55920"}],"curies":[{"name":"wp","href":"https:\/\/api.w.org\/{rel}","templated":true}]}}