{"id":55912,"date":"2024-09-17T04:07:58","date_gmt":"2024-09-17T04:07:58","guid":{"rendered":"https:\/\/e.kosmolat.eu\/product\/hc-krems-balz-pret-karpam-un-papilomam-10-g\/"},"modified":"2026-05-16T09:09:00","modified_gmt":"2026-05-16T09:09:00","slug":"hc-krems-balz-pret-karpam-un-papilomam-10-g","status":"publish","type":"product","link":"https:\/\/e.kosmolat.eu\/lt\/produktas\/hc-krems-balz-pret-karpam-un-papilomam-10-g\/","title":{"rendered":"HEALER COSMETICS Kremas &#8211; balzamas prie\u0161 karpas ir papilomas, 10 g"},"content":{"rendered":"<p>Nat\u016brali\u0173 ekstrakt\u0173 ir augalini\u0173 ingredient\u0173 pagrindu sukurtas kremas-balzamas padeda efektyviai atsikratyti papilom\u0173 ir karp\u0173. Neleid\u017eia toliau plisti juos sukelian\u010diam virusui.<\/p>\n<p>Arbatmed\u017ei\u0173 eterinis aliejus turi nat\u016brali\u0173 antivirusini\u0173 savybi\u0173. Aktyvi\u0173 med\u017eiag\u0173 kompleksas \u2013 \u010desnakai, gyslo\u010diai, karpa\u017eol\u0117s, kiaulpien\u0117s, kiaulpien\u0117s ir medetkos \u2013 skatina l\u0105steli\u0173 atsinaujinim\u0105. Ugnia\u017eol\u0117s  puikiai valo od\u0105 ir atkuria pa\u017eeistus audinius.<\/p>\n<p>Pagrindiniai balzamo komponentai (vazelinas, lanolinas, bi\u010di\u0173 va\u0161kas) u\u017etikrina greit\u0105 veikli\u0173j\u0173 med\u017eiag\u0173 \u012fsiskverbim\u0105 \u012f giliuosius odos sluoksnius.<\/p>\n<p>Naudojimas: tepkite lokaliai kelis kartus per dien\u0105. Norint sustiprinti efekt\u0105, apdorot\u0105 viet\u0105 rekomenduojama u\u017eklijuoti baktericidiniu pleistru.<\/p>\n<p>Atsargumo priemon\u0117s: nenaudokite, jei yra padid\u0117j\u0119s jautrumas atskiriems kompozicijos komponentams.<br \/>\nNe vaistas.<\/p>\n<p>Laikyti nuo 0 \u00b0\u0421 iki 25 \u00b0\u0421 temperat\u016broje sausoje vietoje.<\/p>\n<p>Geriausias iki: 3 metai nuo pagaminimo datos.<\/p>\n","protected":false},"excerpt":{"rendered":"<p>Nat\u016brali\u0173 ekstrakt\u0173 ir augalini\u0173 ingredient\u0173 pagrindu sukurtas kremas-balzamas padeda efektyviai atsikratyti papilom\u0173 ir karp\u0173. Neleid\u017eia toliau plisti juos sukelian\u010diam virusui. Arbatmed\u017ei\u0173 eterinis aliejus turi nat\u016brali\u0173 antivirusini\u0173 savybi\u0173. Aktyvi\u0173 med\u017eiag\u0173 kompleksas \u2013 \u010desnakai, gyslo\u010diai, karpa\u017eol\u0117s, kiaulpien\u0117s, kiaulpien\u0117s ir medetkos \u2013 skatina l\u0105steli\u0173 atsinaujinim\u0105. Ugnia\u017eol\u0117s puikiai valo od\u0105 ir atkuria pa\u017eeistus audinius. Pagrindiniai balzamo komponentai (vazelinas, lanolinas, [&#8230;]\n","protected":false},"featured_media":99128,"template":"","meta":[],"product_cat":[1390],"product_tag":[],"class_list":{"0":"post-55912","1":"product","2":"type-product","3":"status-publish","4":"has-post-thumbnail","6":"product_brand-healer-cosmetics_ua-lt","7":"product_cat-kremai-aliejai-kuno-pienelis","9":"first","10":"instock","11":"taxable","12":"shipping-taxable","13":"product-type-simple"},"_links":{"self":[{"href":"https:\/\/e.kosmolat.eu\/lt\/wp-json\/wp\/v2\/product\/55912","targetHints":{"allow":["GET"]}}],"collection":[{"href":"https:\/\/e.kosmolat.eu\/lt\/wp-json\/wp\/v2\/product"}],"about":[{"href":"https:\/\/e.kosmolat.eu\/lt\/wp-json\/wp\/v2\/types\/product"}],"wp:featuredmedia":[{"embeddable":true,"href":"https:\/\/e.kosmolat.eu\/lt\/wp-json\/wp\/v2\/media\/99128"}],"wp:attachment":[{"href":"https:\/\/e.kosmolat.eu\/lt\/wp-json\/wp\/v2\/media?parent=55912"}],"wp:term":[{"taxonomy":"product_cat","embeddable":true,"href":"https:\/\/e.kosmolat.eu\/lt\/wp-json\/wp\/v2\/product_cat?post=55912"},{"taxonomy":"product_tag","embeddable":true,"href":"https:\/\/e.kosmolat.eu\/lt\/wp-json\/wp\/v2\/product_tag?post=55912"}],"curies":[{"name":"wp","href":"https:\/\/api.w.org\/{rel}","templated":true}]}}