{"id":55904,"date":"2024-09-17T04:07:39","date_gmt":"2024-09-17T04:07:39","guid":{"rendered":"https:\/\/e.kosmolat.eu\/product\/hc-lupu-krems-balzams-antiherpes-10-g\/"},"modified":"2026-04-23T07:10:51","modified_gmt":"2026-04-23T07:10:51","slug":"hc-lupu-krems-balzams-antiherpes-10-g","status":"publish","type":"product","link":"https:\/\/e.kosmolat.eu\/lt\/produktas\/hc-lupu-krems-balzams-antiherpes-10-g\/","title":{"rendered":"HEALER COSMETICS L\u016bp\u0173 kremas &#8211; balzamas Antiherpes, 10 g"},"content":{"rendered":"<p>Balzamas herpes viruso profilaktikai su melis\u0173 aliejumi.<\/p>\n<p>Mink\u0161tina, saugo od\u0105 ir padeda i\u0161vengti herpeso plitimo.<\/p>\n<p>Ne vaistas.<\/p>\n","protected":false},"excerpt":{"rendered":"<p>Balzamas herpes viruso profilaktikai su melis\u0173 aliejumi. Mink\u0161tina, saugo od\u0105 ir padeda i\u0161vengti herpeso plitimo. Ne vaistas.<\/p>\n","protected":false},"featured_media":98627,"template":"","meta":[],"product_cat":[1386],"product_tag":[],"class_list":{"0":"post-55904","1":"product","2":"type-product","3":"status-publish","4":"has-post-thumbnail","6":"product_brand-healer-cosmetics_ua-lt","7":"product_cat-lupu-balzamas","9":"first","10":"instock","11":"taxable","12":"shipping-taxable","13":"product-type-simple"},"_links":{"self":[{"href":"https:\/\/e.kosmolat.eu\/lt\/wp-json\/wp\/v2\/product\/55904","targetHints":{"allow":["GET"]}}],"collection":[{"href":"https:\/\/e.kosmolat.eu\/lt\/wp-json\/wp\/v2\/product"}],"about":[{"href":"https:\/\/e.kosmolat.eu\/lt\/wp-json\/wp\/v2\/types\/product"}],"wp:featuredmedia":[{"embeddable":true,"href":"https:\/\/e.kosmolat.eu\/lt\/wp-json\/wp\/v2\/media\/98627"}],"wp:attachment":[{"href":"https:\/\/e.kosmolat.eu\/lt\/wp-json\/wp\/v2\/media?parent=55904"}],"wp:term":[{"taxonomy":"product_cat","embeddable":true,"href":"https:\/\/e.kosmolat.eu\/lt\/wp-json\/wp\/v2\/product_cat?post=55904"},{"taxonomy":"product_tag","embeddable":true,"href":"https:\/\/e.kosmolat.eu\/lt\/wp-json\/wp\/v2\/product_tag?post=55904"}],"curies":[{"name":"wp","href":"https:\/\/api.w.org\/{rel}","templated":true}]}}