{"id":55896,"date":"2024-09-17T04:07:19","date_gmt":"2024-09-17T04:07:19","guid":{"rendered":"https:\/\/e.kosmolat.eu\/product\/sustavit-kermena-zeleja-balzams-90-ml\/"},"modified":"2026-05-15T14:03:44","modified_gmt":"2026-05-15T14:03:44","slug":"sustavit-kermena-zeleja-balzams-90-ml","status":"publish","type":"product","link":"https:\/\/e.kosmolat.eu\/lt\/produktas\/sustavit-kermena-zeleja-balzams-90-ml\/","title":{"rendered":"SUSTAVIT K\u016bno gelis-balzamas, 90 ml \u013b 4,5 ml"},"content":{"rendered":"<p>Eterini\u0173 aliej\u0173 mi\u0161inio pagrindu: egli\u0173, eukalipt\u0173, arbatmed\u017ei\u0173 ir kadagi\u0173.<\/p>\n<p>Veikliosios med\u017eiagos gerina kraujotak\u0105, skatina l\u0105steli\u0173 atsistatym\u0105, turi dezinfekcin\u012f, antiseptin\u012f ir antimikrobin\u012f poveik\u012f.<br \/>\nNaudojimo instrukcijos: Tepkite problemines vietas. Naudokite pagal poreik\u012f.<\/p>\n<p>Kontraindikacijos: nenaudokite, jei yra padid\u0117j\u0119s jautrumas atskiriems kompozicijos komponentams.<br \/>\nNe vaistas.<\/p>\n<p>Laikyti nuo +5 \u00b0\u0421 iki +25 \u00b0\u0421 temperat\u016broje ne didesn\u0117je nei 75% santykin\u0117je dr\u0117gm\u0117je, toliau nuo saul\u0117s spinduli\u0173.<\/p>\n","protected":false},"excerpt":{"rendered":"<p>Eterini\u0173 aliej\u0173 mi\u0161inio pagrindu: egli\u0173, eukalipt\u0173, arbatmed\u017ei\u0173 ir kadagi\u0173. Veikliosios med\u017eiagos gerina kraujotak\u0105, skatina l\u0105steli\u0173 atsistatym\u0105, turi dezinfekcin\u012f, antiseptin\u012f ir antimikrobin\u012f poveik\u012f. Naudojimo instrukcijos: Tepkite problemines vietas. Naudokite pagal poreik\u012f. Kontraindikacijos: nenaudokite, jei yra padid\u0117j\u0119s jautrumas atskiriems kompozicijos komponentams. Ne vaistas. Laikyti nuo +5 \u00b0\u0421 iki +25 \u00b0\u0421 temperat\u016broje ne didesn\u0117je nei 75% santykin\u0117je dr\u0117gm\u0117je, [&#8230;]\n","protected":false},"featured_media":99960,"template":"","meta":[],"product_cat":[1390],"product_tag":[],"class_list":{"0":"post-55896","1":"product","2":"type-product","3":"status-publish","4":"has-post-thumbnail","6":"product_brand-healer-cosmetics_ua-lt","7":"product_cat-kremai-aliejai-kuno-pienelis","9":"first","10":"instock","11":"taxable","12":"shipping-taxable","13":"product-type-simple"},"_links":{"self":[{"href":"https:\/\/e.kosmolat.eu\/lt\/wp-json\/wp\/v2\/product\/55896","targetHints":{"allow":["GET"]}}],"collection":[{"href":"https:\/\/e.kosmolat.eu\/lt\/wp-json\/wp\/v2\/product"}],"about":[{"href":"https:\/\/e.kosmolat.eu\/lt\/wp-json\/wp\/v2\/types\/product"}],"wp:featuredmedia":[{"embeddable":true,"href":"https:\/\/e.kosmolat.eu\/lt\/wp-json\/wp\/v2\/media\/99960"}],"wp:attachment":[{"href":"https:\/\/e.kosmolat.eu\/lt\/wp-json\/wp\/v2\/media?parent=55896"}],"wp:term":[{"taxonomy":"product_cat","embeddable":true,"href":"https:\/\/e.kosmolat.eu\/lt\/wp-json\/wp\/v2\/product_cat?post=55896"},{"taxonomy":"product_tag","embeddable":true,"href":"https:\/\/e.kosmolat.eu\/lt\/wp-json\/wp\/v2\/product_tag?post=55896"}],"curies":[{"name":"wp","href":"https:\/\/api.w.org\/{rel}","templated":true}]}}