{"id":55888,"date":"2024-09-17T04:06:57","date_gmt":"2024-09-17T04:06:57","guid":{"rendered":"https:\/\/e.kosmolat.eu\/product\/vecer-acu-plakstinu-un-sejas-krems-sausai-un-jutigai-adai-40-g\/"},"modified":"2026-04-23T09:35:27","modified_gmt":"2026-04-23T09:35:27","slug":"vecer-acu-plakstinu-un-sejas-krems-sausai-un-jutigai-adai-40-g","status":"publish","type":"product","link":"https:\/\/e.kosmolat.eu\/lt\/produktas\/vecer-acu-plakstinu-un-sejas-krems-sausai-un-jutigai-adai-40-g\/","title":{"rendered":"VE\u010cER Paaki\u0173 ir veido kremas sausai ir jautriai odai, 40 g"},"content":{"rendered":"<p>Su petra\u017eoli\u0173 ekstraktu ir vitaminais A ir E.<\/p>\n<p>Veikliosios med\u017eiagos \u2013 petra\u017eoli\u0173 ekstraktas, vitaminai A ir E, nat\u016bralus migdol\u0173 aliejus, vynuogi\u0173 kauliuk\u0173 ir alyvuogi\u0173 aliejus, bi\u010di\u0173 va\u0161kas, lanolinas:<\/p>\n<p>\u2022 maitina ir mink\u0161tina od\u0105, suteikdama jai gaivi\u0105 i\u0161vaizd\u0105.<\/p>\n<p>Sud\u0117tyje yra vitamino A. Prie\u0161 naudodami atsi\u017evelkite \u012f \u0161io vitamino paros doz\u0119.<\/p>\n<p>Naudojimo instrukcija: tepkite krem\u0105 2 valandas prie\u0161 mieg\u0105. Likus\u012f krem\u0105 nuimkite servet\u0117le.<\/p>\n","protected":false},"excerpt":{"rendered":"<p>Su petra\u017eoli\u0173 ekstraktu ir vitaminais A ir E. Veikliosios med\u017eiagos \u2013 petra\u017eoli\u0173 ekstraktas, vitaminai A ir E, nat\u016bralus migdol\u0173 aliejus, vynuogi\u0173 kauliuk\u0173 ir alyvuogi\u0173 aliejus, bi\u010di\u0173 va\u0161kas, lanolinas: \u2022 maitina ir mink\u0161tina od\u0105, suteikdama jai gaivi\u0105 i\u0161vaizd\u0105. Sud\u0117tyje yra vitamino A. Prie\u0161 naudodami atsi\u017evelkite \u012f \u0161io vitamino paros doz\u0119. Naudojimo instrukcija: tepkite krem\u0105 2 valandas [&#8230;]\n","protected":false},"featured_media":98623,"template":"","meta":[],"product_cat":[1322],"product_tag":[],"class_list":{"0":"post-55888","1":"product","2":"type-product","3":"status-publish","4":"has-post-thumbnail","6":"product_brand-healer-cosmetics_ua-lt","7":"product_cat-veido-kremai","9":"first","10":"instock","11":"taxable","12":"shipping-taxable","13":"product-type-simple"},"_links":{"self":[{"href":"https:\/\/e.kosmolat.eu\/lt\/wp-json\/wp\/v2\/product\/55888","targetHints":{"allow":["GET"]}}],"collection":[{"href":"https:\/\/e.kosmolat.eu\/lt\/wp-json\/wp\/v2\/product"}],"about":[{"href":"https:\/\/e.kosmolat.eu\/lt\/wp-json\/wp\/v2\/types\/product"}],"wp:featuredmedia":[{"embeddable":true,"href":"https:\/\/e.kosmolat.eu\/lt\/wp-json\/wp\/v2\/media\/98623"}],"wp:attachment":[{"href":"https:\/\/e.kosmolat.eu\/lt\/wp-json\/wp\/v2\/media?parent=55888"}],"wp:term":[{"taxonomy":"product_cat","embeddable":true,"href":"https:\/\/e.kosmolat.eu\/lt\/wp-json\/wp\/v2\/product_cat?post=55888"},{"taxonomy":"product_tag","embeddable":true,"href":"https:\/\/e.kosmolat.eu\/lt\/wp-json\/wp\/v2\/product_tag?post=55888"}],"curies":[{"name":"wp","href":"https:\/\/api.w.org\/{rel}","templated":true}]}}