{"id":55880,"date":"2024-09-17T04:06:36","date_gmt":"2024-09-17T04:06:36","guid":{"rendered":"https:\/\/e.kosmolat.eu\/product\/gerontol-barojoss-sejas-krems-sausai-adai-40-g\/"},"modified":"2026-04-24T05:27:53","modified_gmt":"2026-04-24T05:27:53","slug":"gerontol-barojoss-sejas-krems-sausai-adai-40-g","status":"publish","type":"product","link":"https:\/\/e.kosmolat.eu\/lt\/produktas\/gerontol-barojoss-sejas-krems-sausai-adai-40-g\/","title":{"rendered":"GERONTOL Maitinantis veido kremas sausai odai, 40 g"},"content":{"rendered":"<p>Su alyvuogi\u0173 aliejumi ir hialurono r\u016bg\u0161timi. Veikliosios med\u017eiagos \u2013 hialurono r\u016bg\u0161tis, alyvuogi\u0173 ir migdol\u0173 aliejai, lanolinas ir bi\u010di\u0173 va\u0161kas \u2013 maitina ir mink\u0161tina od\u0105, ma\u017eina tempimo jausm\u0105, padeda atkurti elastingum\u0105, tod\u0117l oda tampa lygi ir elastinga. Sud\u0117tyje esanti hialurono r\u016bg\u0161tis padeda atkurti odos hidrolipid\u0173 pusiausvyr\u0105, kuri sutrinka b\u0117gant metams.<\/p>\n<p>Sud\u0117tyje yra vitamino A. Prie\u0161 naudojant atsi\u017evelgti \u012f paros doz\u0119.<\/p>\n<p>Naudojimas: u\u017etepti krem\u0105 ant \u0161varios veido odos 2val. iki miego. Kremo liku\u010dius pa\u0161alinti servetele. Po reguliaraus kremo naudojimo i\u0161silygina smulkios mimikos rauk\u0161l\u0117s ir oda geriau i\u0161laiko dr\u0117gm\u0119.<\/p>\n<p>Rezultatas: reguliariai naudojant krem\u0105 oda tampa lygi ir elastinga, i\u0161silygina smulkios veido rauk\u0161lel\u0117s, suma\u017e\u0117ja tempimo jausmas.<\/p>\n","protected":false},"excerpt":{"rendered":"<p>Su alyvuogi\u0173 aliejumi ir hialurono r\u016bg\u0161timi. Veikliosios med\u017eiagos \u2013 hialurono r\u016bg\u0161tis, alyvuogi\u0173 ir migdol\u0173 aliejai, lanolinas ir bi\u010di\u0173 va\u0161kas \u2013 maitina ir mink\u0161tina od\u0105, ma\u017eina tempimo jausm\u0105, padeda atkurti elastingum\u0105, tod\u0117l oda tampa lygi ir elastinga. Sud\u0117tyje esanti hialurono r\u016bg\u0161tis padeda atkurti odos hidrolipid\u0173 pusiausvyr\u0105, kuri sutrinka b\u0117gant metams. Sud\u0117tyje yra vitamino A. Prie\u0161 naudojant [&#8230;]\n","protected":false},"featured_media":99369,"template":"","meta":[],"product_cat":[1322],"product_tag":[],"class_list":{"0":"post-55880","1":"product","2":"type-product","3":"status-publish","4":"has-post-thumbnail","6":"product_brand-healer-cosmetics_ua-lt","7":"product_cat-veido-kremai","9":"first","10":"instock","11":"taxable","12":"shipping-taxable","13":"product-type-simple"},"_links":{"self":[{"href":"https:\/\/e.kosmolat.eu\/lt\/wp-json\/wp\/v2\/product\/55880","targetHints":{"allow":["GET"]}}],"collection":[{"href":"https:\/\/e.kosmolat.eu\/lt\/wp-json\/wp\/v2\/product"}],"about":[{"href":"https:\/\/e.kosmolat.eu\/lt\/wp-json\/wp\/v2\/types\/product"}],"wp:featuredmedia":[{"embeddable":true,"href":"https:\/\/e.kosmolat.eu\/lt\/wp-json\/wp\/v2\/media\/99369"}],"wp:attachment":[{"href":"https:\/\/e.kosmolat.eu\/lt\/wp-json\/wp\/v2\/media?parent=55880"}],"wp:term":[{"taxonomy":"product_cat","embeddable":true,"href":"https:\/\/e.kosmolat.eu\/lt\/wp-json\/wp\/v2\/product_cat?post=55880"},{"taxonomy":"product_tag","embeddable":true,"href":"https:\/\/e.kosmolat.eu\/lt\/wp-json\/wp\/v2\/product_tag?post=55880"}],"curies":[{"name":"wp","href":"https:\/\/api.w.org\/{rel}","templated":true}]}}