{"id":55872,"date":"2024-09-17T04:06:16","date_gmt":"2024-09-17T04:06:16","guid":{"rendered":"https:\/\/e.kosmolat.eu\/product\/hc-bernu-krems-0-40-g\/"},"modified":"2026-04-13T09:21:43","modified_gmt":"2026-04-13T09:21:43","slug":"hc-bernu-krems-0-40-g","status":"publish","type":"product","link":"https:\/\/e.kosmolat.eu\/lt\/produktas\/hc-bernu-krems-0-40-g\/","title":{"rendered":"HEALER COSMETICS Vaiki\u0161kas kremas 0+, 40 g"},"content":{"rendered":"<p>Hipoalerginis. Su laki\u0161i\u0173 ekstraktu, vitaminu A ir levand\u0173 aliejumi, specialiai sukurtas kasdienei vaik\u0173 odos prie\u017ei\u016brai.<\/p>\n<p>Kremo komponentai:<br \/>\n\u2022 mink\u0161tina saus\u0105 ir jautri\u0105 od\u0105, j\u0105 ramina;<br \/>\n\u2022 sukuria apsaugin\u012f odos barjer\u0105 nuo neigiamo i\u0161or\u0117s poveikio.<\/p>\n<p>Sud\u0117tyje yra vitamino A. Prie\u0161 naudodami atsi\u017evelkite \u012f \u0161io vitamino paros doz\u0119.<\/p>\n<p>Naudojimas: tepti ant \u0161varios odos po vandens proced\u016br\u0173 ir prie\u0161 i\u0161einant \u012f lauk\u0105, kad kremas \u012fsigert\u0173. Tinka vaikams nuo pirm\u0173j\u0173 gyvenimo dien\u0173.<\/p>\n<p>Tik i\u0161oriniam naudojimui.<\/p>\n","protected":false},"excerpt":{"rendered":"<p>Hipoalerginis. Su laki\u0161i\u0173 ekstraktu, vitaminu A ir levand\u0173 aliejumi, specialiai sukurtas kasdienei vaik\u0173 odos prie\u017ei\u016brai. Kremo komponentai: \u2022 mink\u0161tina saus\u0105 ir jautri\u0105 od\u0105, j\u0105 ramina; \u2022 sukuria apsaugin\u012f odos barjer\u0105 nuo neigiamo i\u0161or\u0117s poveikio. Sud\u0117tyje yra vitamino A. Prie\u0161 naudodami atsi\u017evelkite \u012f \u0161io vitamino paros doz\u0119. Naudojimas: tepti ant \u0161varios odos po vandens proced\u016br\u0173 ir [&#8230;]\n","protected":false},"featured_media":103132,"template":"","meta":[],"product_cat":[1363],"product_tag":[],"class_list":{"0":"post-55872","1":"product","2":"type-product","3":"status-publish","4":"has-post-thumbnail","6":"product_brand-healer-cosmetics_ua-lt","7":"product_cat-kuno-prieziuros-kosmetika","9":"first","10":"outofstock","11":"taxable","12":"shipping-taxable","13":"product-type-simple"},"_links":{"self":[{"href":"https:\/\/e.kosmolat.eu\/lt\/wp-json\/wp\/v2\/product\/55872","targetHints":{"allow":["GET"]}}],"collection":[{"href":"https:\/\/e.kosmolat.eu\/lt\/wp-json\/wp\/v2\/product"}],"about":[{"href":"https:\/\/e.kosmolat.eu\/lt\/wp-json\/wp\/v2\/types\/product"}],"wp:featuredmedia":[{"embeddable":true,"href":"https:\/\/e.kosmolat.eu\/lt\/wp-json\/wp\/v2\/media\/103132"}],"wp:attachment":[{"href":"https:\/\/e.kosmolat.eu\/lt\/wp-json\/wp\/v2\/media?parent=55872"}],"wp:term":[{"taxonomy":"product_cat","embeddable":true,"href":"https:\/\/e.kosmolat.eu\/lt\/wp-json\/wp\/v2\/product_cat?post=55872"},{"taxonomy":"product_tag","embeddable":true,"href":"https:\/\/e.kosmolat.eu\/lt\/wp-json\/wp\/v2\/product_tag?post=55872"}],"curies":[{"name":"wp","href":"https:\/\/api.w.org\/{rel}","templated":true}]}}