{"id":55864,"date":"2024-09-17T04:05:52","date_gmt":"2024-09-17T04:05:52","guid":{"rendered":"https:\/\/e.kosmolat.eu\/product\/lukss-barojoss-sejas-krems-sausai-adai-40-g\/"},"modified":"2026-04-23T08:30:10","modified_gmt":"2026-04-23T08:30:10","slug":"lukss-barojoss-sejas-krems-sausai-adai-40-g","status":"publish","type":"product","link":"https:\/\/e.kosmolat.eu\/lt\/produktas\/lukss-barojoss-sejas-krems-sausai-adai-40-g\/","title":{"rendered":"LIUKS Maitinantis kremas sausai odai, 40 g"},"content":{"rendered":"<p>Maitinamasis veido kremas su vitamin\u0173 A, E, F ir bisabololio kompleksu.<\/p>\n<p>Kremo sud\u0117tyje yra veikli\u0173j\u0173 med\u017eiag\u0173: bisabololio kartu su migdol\u0173 ir alyvuogi\u0173 aliejais, subalansuoto vitamin\u0173 A, E, F komplekso, bi\u010di\u0173 va\u0161ko ir lanolino:<\/p>\n<p>\u2022 Padeda i\u0161laikyti dr\u0117gm\u0119 odoje, tod\u0117l ji tampa \u0161velni ir lygi.<br \/>\n\u2022 Atkuria odos hidrolipidin\u012f barjer\u0105.<br \/>\n\u2022 Pagerina odos strukt\u016br\u0105 ir elastingum\u0105, tod\u0117l ji tampa elastingesn\u0117.<\/p>\n<p>Kremas rekomenduojamas kasdienei sausos, linkusios \u012f rauk\u0161les odos prie\u017ei\u016brai.<\/p>\n<p>Sud\u0117tyje yra vitamino A. Prie\u0161 naudodami atsi\u017evelkite \u012f \u0161io vitamino paros doz\u0119.<\/p>\n<p>Naudojimo instrukcija: Tepkite krem\u0105 ant \u0161varios veido odos 2 valandas prie\u0161 mieg\u0105. Kremo pertekli\u0173 pa\u0161alinkite servet\u0117le.<\/p>\n","protected":false},"excerpt":{"rendered":"<p>Maitinamasis veido kremas su vitamin\u0173 A, E, F ir bisabololio kompleksu. Kremo sud\u0117tyje yra veikli\u0173j\u0173 med\u017eiag\u0173: bisabololio kartu su migdol\u0173 ir alyvuogi\u0173 aliejais, subalansuoto vitamin\u0173 A, E, F komplekso, bi\u010di\u0173 va\u0161ko ir lanolino: \u2022 Padeda i\u0161laikyti dr\u0117gm\u0119 odoje, tod\u0117l ji tampa \u0161velni ir lygi. \u2022 Atkuria odos hidrolipidin\u012f barjer\u0105. \u2022 Pagerina odos strukt\u016br\u0105 ir elastingum\u0105, [&#8230;]\n","protected":false},"featured_media":98619,"template":"","meta":[],"product_cat":[1322],"product_tag":[],"class_list":{"0":"post-55864","1":"product","2":"type-product","3":"status-publish","4":"has-post-thumbnail","6":"product_brand-healer-cosmetics_ua-lt","7":"product_cat-veido-kremai","9":"first","10":"instock","11":"taxable","12":"shipping-taxable","13":"product-type-simple"},"_links":{"self":[{"href":"https:\/\/e.kosmolat.eu\/lt\/wp-json\/wp\/v2\/product\/55864","targetHints":{"allow":["GET"]}}],"collection":[{"href":"https:\/\/e.kosmolat.eu\/lt\/wp-json\/wp\/v2\/product"}],"about":[{"href":"https:\/\/e.kosmolat.eu\/lt\/wp-json\/wp\/v2\/types\/product"}],"wp:featuredmedia":[{"embeddable":true,"href":"https:\/\/e.kosmolat.eu\/lt\/wp-json\/wp\/v2\/media\/98619"}],"wp:attachment":[{"href":"https:\/\/e.kosmolat.eu\/lt\/wp-json\/wp\/v2\/media?parent=55864"}],"wp:term":[{"taxonomy":"product_cat","embeddable":true,"href":"https:\/\/e.kosmolat.eu\/lt\/wp-json\/wp\/v2\/product_cat?post=55864"},{"taxonomy":"product_tag","embeddable":true,"href":"https:\/\/e.kosmolat.eu\/lt\/wp-json\/wp\/v2\/product_tag?post=55864"}],"curies":[{"name":"wp","href":"https:\/\/api.w.org\/{rel}","templated":true}]}}