{"id":55856,"date":"2024-09-17T04:05:36","date_gmt":"2024-09-17T04:05:36","guid":{"rendered":"https:\/\/e.kosmolat.eu\/product\/nc-23-zales-zeleja-balz-edes-un-psoriazes-paasin-profilaksei-40-g\/"},"modified":"2026-04-22T13:14:11","modified_gmt":"2026-04-22T13:14:11","slug":"nc-23-zales-zeleja-balz-edes-un-psoriazes-paasin-profilaksei-40-g","status":"publish","type":"product","link":"https:\/\/e.kosmolat.eu\/lt\/produktas\/nc-23-zales-zeleja-balz-edes-un-psoriazes-paasin-profilaksei-40-g\/","title":{"rendered":"NARODNYJ CELITEL 23 \u017doleli\u0173 Gelis &#8211; balzamas prie\u0161 \u017evynelin\u0119, psoriaz\u0119, 40 g"},"content":{"rendered":"<p>Suma\u017eina neigiamas \u017evynelin\u0117s ir psoriaz\u0117s aprai\u0161kas, mink\u0161tina ir ramina od\u0105.<\/p>\n<p>Veikli\u0173j\u0173 med\u017eiag\u0173 sud\u0117tis: terpentinas, ber\u017e\u0173 derva, kamparas, vitaminas A, mumiyo, pantenolis; pu\u0161\u0173 sak\u0173, sophor\u0173 vaisi\u0173, medetk\u0173, alavij\u0173, laki\u0161i\u0173, ugnia\u017eoli\u0173, svilaro\u017ei\u0173 lap\u0173, raudon\u0173j\u0173 dobil\u0173, bra\u0161ki\u0173 lap\u0173 ekstraktai; kadagi\u0173 ir levand\u0173 eteriniai aliejai.<\/p>\n<p>Sud\u0117tyje yra vitamino A. Prie\u0161 naudojant atsi\u017evelgti \u012f paros doz\u0119.<\/p>\n<p>Naudojimas: problemines odos vietas u\u017etepkite geliu-balzamu. Naudokite 2-3 kartus per dien\u0105, kol pager\u0117s odos b\u016bkl\u0117.<\/p>\n<p>Atsargumo priemon\u0117s: Tik i\u0161oriniam naudojimui. Nenaudokite, jei yra padid\u0117j\u0119s jautrumas atskiriems kompozicijos komponentams. Ne vaistas.<\/p>\n<p>Laikymo s\u0105lygos: laikyti nuo +5 \u00b0C iki +25 \u00b0C temperat\u016broje ir santykin\u0117je oro dr\u0117gm\u0117je iki 75%, saugoti nuo tiesiogini\u0173 saul\u0117s spinduli\u0173. Laikyti vaikams nepasiekiamoje vietoje.<\/p>\n<p>Geriausias: 36 m\u0117nesiai nuo pagaminimo datos.<\/p>\n","protected":false},"excerpt":{"rendered":"<p>Suma\u017eina neigiamas \u017evynelin\u0117s ir psoriaz\u0117s aprai\u0161kas, mink\u0161tina ir ramina od\u0105. Veikli\u0173j\u0173 med\u017eiag\u0173 sud\u0117tis: terpentinas, ber\u017e\u0173 derva, kamparas, vitaminas A, mumiyo, pantenolis; pu\u0161\u0173 sak\u0173, sophor\u0173 vaisi\u0173, medetk\u0173, alavij\u0173, laki\u0161i\u0173, ugnia\u017eoli\u0173, svilaro\u017ei\u0173 lap\u0173, raudon\u0173j\u0173 dobil\u0173, bra\u0161ki\u0173 lap\u0173 ekstraktai; kadagi\u0173 ir levand\u0173 eteriniai aliejai. Sud\u0117tyje yra vitamino A. Prie\u0161 naudojant atsi\u017evelgti \u012f paros doz\u0119. Naudojimas: problemines odos vietas [&#8230;]\n","protected":false},"featured_media":98840,"template":"","meta":[],"product_cat":[2181],"product_tag":[],"class_list":{"0":"post-55856","1":"product","2":"type-product","3":"status-publish","4":"has-post-thumbnail","6":"product_brand-healer-cosmetics_ua-lt","7":"product_cat-bez-kategorijas-lt","9":"first","10":"outofstock","11":"taxable","12":"shipping-taxable","13":"product-type-simple"},"_links":{"self":[{"href":"https:\/\/e.kosmolat.eu\/lt\/wp-json\/wp\/v2\/product\/55856","targetHints":{"allow":["GET"]}}],"collection":[{"href":"https:\/\/e.kosmolat.eu\/lt\/wp-json\/wp\/v2\/product"}],"about":[{"href":"https:\/\/e.kosmolat.eu\/lt\/wp-json\/wp\/v2\/types\/product"}],"wp:featuredmedia":[{"embeddable":true,"href":"https:\/\/e.kosmolat.eu\/lt\/wp-json\/wp\/v2\/media\/98840"}],"wp:attachment":[{"href":"https:\/\/e.kosmolat.eu\/lt\/wp-json\/wp\/v2\/media?parent=55856"}],"wp:term":[{"taxonomy":"product_cat","embeddable":true,"href":"https:\/\/e.kosmolat.eu\/lt\/wp-json\/wp\/v2\/product_cat?post=55856"},{"taxonomy":"product_tag","embeddable":true,"href":"https:\/\/e.kosmolat.eu\/lt\/wp-json\/wp\/v2\/product_tag?post=55856"}],"curies":[{"name":"wp","href":"https:\/\/api.w.org\/{rel}","templated":true}]}}