{"id":55848,"date":"2024-09-17T04:05:17","date_gmt":"2024-09-17T04:05:17","guid":{"rendered":"https:\/\/e.kosmolat.eu\/product\/nc-15-zales-zeleja-balz-varikozes-un-pietukuma-profilaksei-40-g\/"},"modified":"2026-03-30T12:56:58","modified_gmt":"2026-03-30T12:56:58","slug":"nc-15-zales-zeleja-balz-varikozes-un-pietukuma-profilaksei-40-g","status":"publish","type":"product","link":"https:\/\/e.kosmolat.eu\/lt\/produktas\/nc-15-zales-zeleja-balz-varikozes-un-pietukuma-profilaksei-40-g\/","title":{"rendered":"NARODNYJ CELITEL 15 \u017doleli\u0173 Gelis &#8211; balzamas prie\u0161 varikoz\u0119, 40 g"},"content":{"rendered":"<p>Veiksmingas produktas, pagr\u012fstas nat\u016braliais eteriniais aliejais ir augal\u0173 ekstraktais. Sukurta suma\u017einti \u012ftamp\u0105 ir nuovarg\u012f. Unikali nat\u016brali\u0173 ingredient\u0173 sud\u0117tis leid\u017eia greitai ir efektyviai suma\u017einti diskomfort\u0105 bei turi prie\u0161u\u017edegimin\u012f poveik\u012f.<\/p>\n<p>Veikli\u0173j\u0173 med\u017eiag\u0173 sud\u0117tis: rutinas, glicerinas, melis\u0173, kiparis\u0173, kadagi\u0173, rozmarin\u0173, arbatmed\u017ei\u0173 eteriniai aliejai, taka\u017eoli\u0173 ekstraktai, galangali\u0173 \u0161aknys, medetk\u0173 \u017eiedai, arnikos, \u0105\u017euol\u0173 \u017eiev\u0117, ka\u0161ton\u0173 vaisiai, \u0161alavijai, krauja\u017eol\u0117s, japonin\u0117s soforos, saldymed\u017eiai.<\/p>\n<p>Naudojimas: tepkite problemines k\u016bno vietas, lengvais masa\u017eo judesiais \u012ftrinkite, kol visi\u0161kai \u012fsigers. Jei reikia kartokite 2-3 kartus per dien\u0105.<\/p>\n<p>Atsargumo priemon\u0117s: Tik i\u0161oriniam naudojimui. Nenaudokite, jei yra padid\u0117j\u0119s jautrumas atskiriems kompozicijos komponentams. Ne vaistas.<\/p>\n<p>Laikymo s\u0105lygos: laikyti nuo +5 \u00b0C iki +25 \u00b0C temperat\u016broje ir santykin\u0117je oro dr\u0117gm\u0117je iki 75%, saugoti nuo tiesiogini\u0173 saul\u0117s spinduli\u0173. Laikyti vaikams nepasiekiamoje vietoje.<\/p>\n<p>Geriausias: 36 m\u0117nesiai nuo pagaminimo datos.<\/p>\n","protected":false},"excerpt":{"rendered":"<p>Veiksmingas produktas, pagr\u012fstas nat\u016braliais eteriniais aliejais ir augal\u0173 ekstraktais. Sukurta suma\u017einti \u012ftamp\u0105 ir nuovarg\u012f. Unikali nat\u016brali\u0173 ingredient\u0173 sud\u0117tis leid\u017eia greitai ir efektyviai suma\u017einti diskomfort\u0105 bei turi prie\u0161u\u017edegimin\u012f poveik\u012f. Veikli\u0173j\u0173 med\u017eiag\u0173 sud\u0117tis: rutinas, glicerinas, melis\u0173, kiparis\u0173, kadagi\u0173, rozmarin\u0173, arbatmed\u017ei\u0173 eteriniai aliejai, taka\u017eoli\u0173 ekstraktai, galangali\u0173 \u0161aknys, medetk\u0173 \u017eiedai, arnikos, \u0105\u017euol\u0173 \u017eiev\u0117, ka\u0161ton\u0173 vaisiai, \u0161alavijai, krauja\u017eol\u0117s, japonin\u0117s soforos, [&#8230;]\n","protected":false},"featured_media":99542,"template":"","meta":[],"product_cat":[2181],"product_tag":[],"class_list":{"0":"post-55848","1":"product","2":"type-product","3":"status-publish","4":"has-post-thumbnail","6":"product_brand-healer-cosmetics_ua-lt","7":"product_cat-bez-kategorijas-lt","9":"first","10":"instock","11":"taxable","12":"shipping-taxable","13":"product-type-simple"},"_links":{"self":[{"href":"https:\/\/e.kosmolat.eu\/lt\/wp-json\/wp\/v2\/product\/55848","targetHints":{"allow":["GET"]}}],"collection":[{"href":"https:\/\/e.kosmolat.eu\/lt\/wp-json\/wp\/v2\/product"}],"about":[{"href":"https:\/\/e.kosmolat.eu\/lt\/wp-json\/wp\/v2\/types\/product"}],"wp:featuredmedia":[{"embeddable":true,"href":"https:\/\/e.kosmolat.eu\/lt\/wp-json\/wp\/v2\/media\/99542"}],"wp:attachment":[{"href":"https:\/\/e.kosmolat.eu\/lt\/wp-json\/wp\/v2\/media?parent=55848"}],"wp:term":[{"taxonomy":"product_cat","embeddable":true,"href":"https:\/\/e.kosmolat.eu\/lt\/wp-json\/wp\/v2\/product_cat?post=55848"},{"taxonomy":"product_tag","embeddable":true,"href":"https:\/\/e.kosmolat.eu\/lt\/wp-json\/wp\/v2\/product_tag?post=55848"}],"curies":[{"name":"wp","href":"https:\/\/api.w.org\/{rel}","templated":true}]}}