{"id":55840,"date":"2024-09-17T04:04:58","date_gmt":"2024-09-17T04:04:58","guid":{"rendered":"https:\/\/e.kosmolat.eu\/product\/nc-9-zales-zeleja-balz-papeza-piesim-un-podagras-pedas-kaul-40-g\/"},"modified":"2026-04-02T08:24:05","modified_gmt":"2026-04-02T08:24:05","slug":"nc-9-zales-zeleja-balz-papeza-piesim-un-podagras-pedas-kaul-40-g","status":"publish","type":"product","link":"https:\/\/e.kosmolat.eu\/lt\/produktas\/nc-9-zales-zeleja-balz-papeza-piesim-un-podagras-pedas-kaul-40-g\/","title":{"rendered":"NARODNYJ CELITEL 9 \u017doleli\u0173 Gelis-balzamas prie\u0161 podagr\u0105, 40 g"},"content":{"rendered":"<p>Veiksmingas produktas, pagr\u012fstas nat\u016braliais eteriniais aliejais ir augal\u0173 ekstraktais. Pagerina p\u0117d\u0173 b\u016bkl\u0119, mink\u0161tina ir ramina od\u0105.<\/p>\n<p>Veikli\u0173j\u0173 med\u017eiag\u0173 sud\u0117tis: kadagi\u0173 vaisi\u0173, pievos \u0161akn\u0173 ir \u017eoleli\u0173 ekstraktai, pu\u0161\u0173 pumpur\u0173, \u017eibuokli\u0173, varnal\u0117\u0161\u0173 \u0161akn\u0173, graikini\u0173 rie\u0161ut\u0173 lap\u0173 ir gluosnio \u017eiev\u0117s ekstraktai, kadagio ir pu\u0161\u0173 eteriniai aliejai.<\/p>\n<p>Naudojimas: tepkite problemines p\u0117d\u0173 vietas, \u012ftrinkite lengvais masa\u017eo judesiais kol \u012fsigers.<br \/>\nJei reikia kartokite 2-3 kartus per dien\u0105.<\/p>\n<p>Atsargumo priemon\u0117s: Tik i\u0161oriniam naudojimui. Nenaudokite, jei yra padid\u0117j\u0119s jautrumas atskiriems kompozicijos komponentams. Ne vaistas.<\/p>\n<p>Laikymo s\u0105lygos: laikyti nuo +5 \u00b0C iki +25 \u00b0C temperat\u016broje ir santykin\u0117je oro dr\u0117gm\u0117je iki 75%, saugoti nuo tiesiogini\u0173 saul\u0117s spinduli\u0173. Laikyti vaikams nepasiekiamoje vietoje.<\/p>\n<p>Geriausias: 36 m\u0117nesiai nuo pagaminimo datos.<\/p>\n","protected":false},"excerpt":{"rendered":"<p>Veiksmingas produktas, pagr\u012fstas nat\u016braliais eteriniais aliejais ir augal\u0173 ekstraktais. Pagerina p\u0117d\u0173 b\u016bkl\u0119, mink\u0161tina ir ramina od\u0105. Veikli\u0173j\u0173 med\u017eiag\u0173 sud\u0117tis: kadagi\u0173 vaisi\u0173, pievos \u0161akn\u0173 ir \u017eoleli\u0173 ekstraktai, pu\u0161\u0173 pumpur\u0173, \u017eibuokli\u0173, varnal\u0117\u0161\u0173 \u0161akn\u0173, graikini\u0173 rie\u0161ut\u0173 lap\u0173 ir gluosnio \u017eiev\u0117s ekstraktai, kadagio ir pu\u0161\u0173 eteriniai aliejai. Naudojimas: tepkite problemines p\u0117d\u0173 vietas, \u012ftrinkite lengvais masa\u017eo judesiais kol \u012fsigers. Jei [&#8230;]\n","protected":false},"featured_media":98924,"template":"","meta":[],"product_cat":[2181],"product_tag":[],"class_list":{"0":"post-55840","1":"product","2":"type-product","3":"status-publish","4":"has-post-thumbnail","6":"product_brand-healer-cosmetics_ua-lt","7":"product_cat-bez-kategorijas-lt","9":"first","10":"instock","11":"taxable","12":"shipping-taxable","13":"product-type-simple"},"_links":{"self":[{"href":"https:\/\/e.kosmolat.eu\/lt\/wp-json\/wp\/v2\/product\/55840","targetHints":{"allow":["GET"]}}],"collection":[{"href":"https:\/\/e.kosmolat.eu\/lt\/wp-json\/wp\/v2\/product"}],"about":[{"href":"https:\/\/e.kosmolat.eu\/lt\/wp-json\/wp\/v2\/types\/product"}],"wp:featuredmedia":[{"embeddable":true,"href":"https:\/\/e.kosmolat.eu\/lt\/wp-json\/wp\/v2\/media\/98924"}],"wp:attachment":[{"href":"https:\/\/e.kosmolat.eu\/lt\/wp-json\/wp\/v2\/media?parent=55840"}],"wp:term":[{"taxonomy":"product_cat","embeddable":true,"href":"https:\/\/e.kosmolat.eu\/lt\/wp-json\/wp\/v2\/product_cat?post=55840"},{"taxonomy":"product_tag","embeddable":true,"href":"https:\/\/e.kosmolat.eu\/lt\/wp-json\/wp\/v2\/product_tag?post=55840"}],"curies":[{"name":"wp","href":"https:\/\/api.w.org\/{rel}","templated":true}]}}