{"id":55832,"date":"2024-09-17T04:04:40","date_gmt":"2024-09-17T04:04:40","guid":{"rendered":"https:\/\/e.kosmolat.eu\/product\/nc-9-zales-zeleja-balzams-pret-iesnam-40-g\/"},"modified":"2026-04-01T12:25:09","modified_gmt":"2026-04-01T12:25:09","slug":"nc-9-zales-zeleja-balzams-pret-iesnam-40-g","status":"publish","type":"product","link":"https:\/\/e.kosmolat.eu\/lt\/produktas\/nc-9-zales-zeleja-balzams-pret-iesnam-40-g\/","title":{"rendered":"NARODNYJ CELITEL 9 \u017doleli\u0173 Gelis &#8211; balzamas prie\u0161 slog\u0105, 40 g"},"content":{"rendered":"<p>Veiksminga priemon\u0117 nuo slogos ekstrakt\u0173 ir augal\u0173 pagrindu. Gerina savijaut\u0105. <\/p>\n<p>Veikli\u0173j\u0173 med\u017eiag\u0173 sud\u0117tis: Kalank\u0117s lap\u0173 ekstraktai, propolis, ciklameno \u0161aknis, mentolis, kamparas, eukalipt\u0173, gvazdik\u0117li\u0173, cinamono, m\u0117t\u0173, arbatmed\u017ei\u0173 eteriniai aliejai. <\/p>\n<p>Naudojimo instrukcija: Nosies tiltel\u012f, antakius ir nosies sparnus i\u0161tepkite geliniu balzamu. Kartokite 2-3 kartus per dien\u0105, kol pasijusite geriau. <\/p>\n<p>D\u0117mesio! Nenaudoti vaikams iki 3 met\u0173 am\u017eiaus.<\/p>\n<p>Atsargumo priemon\u0117s: Tik i\u0161oriniam naudojimui. Nenaudokite, jei yra padid\u0117j\u0119s jautrumas atskiriems kompozicijos komponentams. Ne vaistas.<\/p>\n<p>Laikymo s\u0105lygos: laikyti nuo +5 \u00b0C iki +25 \u00b0C temperat\u016broje ir santykin\u0117je oro dr\u0117gm\u0117je iki 75%, saugoti nuo tiesiogini\u0173 saul\u0117s spinduli\u0173. Laikyti vaikams nepasiekiamoje vietoje.<\/p>\n<p>Geriausias: 36 m\u0117nesiai nuo pagaminimo datos.<\/p>\n","protected":false},"excerpt":{"rendered":"<p>Veiksminga priemon\u0117 nuo slogos ekstrakt\u0173 ir augal\u0173 pagrindu. Gerina savijaut\u0105. Veikli\u0173j\u0173 med\u017eiag\u0173 sud\u0117tis: Kalank\u0117s lap\u0173 ekstraktai, propolis, ciklameno \u0161aknis, mentolis, kamparas, eukalipt\u0173, gvazdik\u0117li\u0173, cinamono, m\u0117t\u0173, arbatmed\u017ei\u0173 eteriniai aliejai. Naudojimo instrukcija: Nosies tiltel\u012f, antakius ir nosies sparnus i\u0161tepkite geliniu balzamu. Kartokite 2-3 kartus per dien\u0105, kol pasijusite geriau. D\u0117mesio! Nenaudoti vaikams iki 3 met\u0173 am\u017eiaus. Atsargumo [&#8230;]\n","protected":false},"featured_media":98615,"template":"","meta":[],"product_cat":[1322],"product_tag":[],"class_list":{"0":"post-55832","1":"product","2":"type-product","3":"status-publish","4":"has-post-thumbnail","6":"product_brand-healer-cosmetics_ua-lt","7":"product_cat-veido-kremai","9":"first","10":"instock","11":"taxable","12":"shipping-taxable","13":"product-type-simple"},"_links":{"self":[{"href":"https:\/\/e.kosmolat.eu\/lt\/wp-json\/wp\/v2\/product\/55832","targetHints":{"allow":["GET"]}}],"collection":[{"href":"https:\/\/e.kosmolat.eu\/lt\/wp-json\/wp\/v2\/product"}],"about":[{"href":"https:\/\/e.kosmolat.eu\/lt\/wp-json\/wp\/v2\/types\/product"}],"wp:featuredmedia":[{"embeddable":true,"href":"https:\/\/e.kosmolat.eu\/lt\/wp-json\/wp\/v2\/media\/98615"}],"wp:attachment":[{"href":"https:\/\/e.kosmolat.eu\/lt\/wp-json\/wp\/v2\/media?parent=55832"}],"wp:term":[{"taxonomy":"product_cat","embeddable":true,"href":"https:\/\/e.kosmolat.eu\/lt\/wp-json\/wp\/v2\/product_cat?post=55832"},{"taxonomy":"product_tag","embeddable":true,"href":"https:\/\/e.kosmolat.eu\/lt\/wp-json\/wp\/v2\/product_tag?post=55832"}],"curies":[{"name":"wp","href":"https:\/\/api.w.org\/{rel}","templated":true}]}}