{"id":55824,"date":"2024-09-17T04:04:21","date_gmt":"2024-09-17T04:04:21","guid":{"rendered":"https:\/\/e.kosmolat.eu\/product\/nc-15-zales-zeleja-balz-neiralgij-un-sezas-nerva-iekais-profilaks-40-g\/"},"modified":"2026-04-21T10:22:03","modified_gmt":"2026-04-21T10:22:03","slug":"nc-15-zales-zeleja-balz-neiralgij-un-sezas-nerva-iekais-profilaks-40-g","status":"publish","type":"product","link":"https:\/\/e.kosmolat.eu\/lt\/produktas\/nc-15-zales-zeleja-balz-neiralgij-un-sezas-nerva-iekais-profilaks-40-g\/","title":{"rendered":"NARODNYJ CELITEL 15 \u017doleli\u0173 Gelis &#8211; balzamas prie\u0161 neuralgij\u0105 ir s\u0117dimojo nervo u\u017edegim\u0105, 40 g"},"content":{"rendered":"<p>Veiksmingas produktas, pagr\u012fstas nat\u016braliais eteriniais aliejais ir ekstraktais.<\/p>\n<p>Veikliosios med\u017eiagos: terpentinas, metilsalicilatas, kamparas, kadagio eterinis aliejus, krien\u0173, ridik\u0117li\u0173, alyv\u0173, \u010desnak\u0173, apyni\u0173, kadagi\u0173, arnikos, ramun\u0117li\u0173, eukalipto, ber\u017eo, \u010diobreli\u0173, pelyno ekstraktai.<\/p>\n<p>Naudojimas: u\u017etepkite nedidel\u012f kiek\u012f gelio-balzamo ir 2-3 kartus per dien\u0105 \u012ftrinkite \u012f problemines vietas, kad visi\u0161kai \u012fsigert\u0173. Rekomenduojama naudoti masa\u017eo metu.<\/p>\n<p>Atsargumo priemon\u0117s: tik i\u0161oriniam naudojimui. Nenaudokite, jei yra padid\u0117j\u0119s jautrumas atskiriems kompozicijos komponentams. Ne vaistas.<\/p>\n<p>Laikymo s\u0105lygos: laikyti nuo +5 \u00b0C iki +25 \u00b0C temperat\u016broje ir santykin\u0117je oro dr\u0117gm\u0117je iki 75%, saugoti nuo tiesiogini\u0173 saul\u0117s spinduli\u0173. Laikyti vaikams nepasiekiamoje vietoje.<\/p>\n<p>Geriausias: 36 m\u0117nesiai nuo pagaminimo datos.<\/p>\n","protected":false},"excerpt":{"rendered":"<p>Veiksmingas produktas, pagr\u012fstas nat\u016braliais eteriniais aliejais ir ekstraktais. Veikliosios med\u017eiagos: terpentinas, metilsalicilatas, kamparas, kadagio eterinis aliejus, krien\u0173, ridik\u0117li\u0173, alyv\u0173, \u010desnak\u0173, apyni\u0173, kadagi\u0173, arnikos, ramun\u0117li\u0173, eukalipto, ber\u017eo, \u010diobreli\u0173, pelyno ekstraktai. Naudojimas: u\u017etepkite nedidel\u012f kiek\u012f gelio-balzamo ir 2-3 kartus per dien\u0105 \u012ftrinkite \u012f problemines vietas, kad visi\u0161kai \u012fsigert\u0173. Rekomenduojama naudoti masa\u017eo metu. Atsargumo priemon\u0117s: tik i\u0161oriniam naudojimui. [&#8230;]\n","protected":false},"featured_media":99365,"template":"","meta":[],"product_cat":[1390],"product_tag":[],"class_list":{"0":"post-55824","1":"product","2":"type-product","3":"status-publish","4":"has-post-thumbnail","6":"product_brand-healer-cosmetics_ua-lt","7":"product_cat-kremai-aliejai-kuno-pienelis","9":"first","10":"instock","11":"taxable","12":"shipping-taxable","13":"product-type-simple"},"_links":{"self":[{"href":"https:\/\/e.kosmolat.eu\/lt\/wp-json\/wp\/v2\/product\/55824","targetHints":{"allow":["GET"]}}],"collection":[{"href":"https:\/\/e.kosmolat.eu\/lt\/wp-json\/wp\/v2\/product"}],"about":[{"href":"https:\/\/e.kosmolat.eu\/lt\/wp-json\/wp\/v2\/types\/product"}],"wp:featuredmedia":[{"embeddable":true,"href":"https:\/\/e.kosmolat.eu\/lt\/wp-json\/wp\/v2\/media\/99365"}],"wp:attachment":[{"href":"https:\/\/e.kosmolat.eu\/lt\/wp-json\/wp\/v2\/media?parent=55824"}],"wp:term":[{"taxonomy":"product_cat","embeddable":true,"href":"https:\/\/e.kosmolat.eu\/lt\/wp-json\/wp\/v2\/product_cat?post=55824"},{"taxonomy":"product_tag","embeddable":true,"href":"https:\/\/e.kosmolat.eu\/lt\/wp-json\/wp\/v2\/product_tag?post=55824"}],"curies":[{"name":"wp","href":"https:\/\/api.w.org\/{rel}","templated":true}]}}