{"id":55816,"date":"2024-09-17T04:04:03","date_gmt":"2024-09-17T04:04:03","guid":{"rendered":"https:\/\/e.kosmolat.eu\/product\/10-zales-zeleja-balz-muguras-sapem-40-g\/"},"modified":"2026-05-15T07:24:16","modified_gmt":"2026-05-15T07:24:16","slug":"nc-10-zales-zeleja-balz-muguras-sapem-40-g","status":"publish","type":"product","link":"https:\/\/e.kosmolat.eu\/lt\/produktas\/nc-10-zales-zeleja-balz-muguras-sapem-40-g\/","title":{"rendered":"NARODNYJ CELITEL 10 \u017doleli\u0173 Gelis &#8211; balzamas skaudan\u010diai nugarai, 40 g"},"content":{"rendered":"<p>Gelis-balzamas nuo stuburo skausmo yra veiksminga priemon\u0117, sukurta i\u0161 nat\u016brali\u0173 ingredient\u0173, kurie kartu mal\u0161ina nugaros skausm\u0105.<\/p>\n<p>Sud\u0117tis: ramun\u0117li\u0173 \u017eied\u0173, apyni\u0173 spurg\u0173, eukalipt\u0173 lap\u0173, alyvmed\u017ei\u0173 \u017eiedyn\u0173, ber\u017e\u0173 pumpur\u0173, \u010diobreli\u0173 (\u0161liau\u017eian\u010diojo \u010diobrelio), pelyn\u0173, kamparo, terpentino, kadagi\u0173 eterinio aliejaus ekstraktai.<br \/>\nNaudojimas: u\u017etepkite nedidel\u012f kiek\u012f gelio-balzamo ir 2-3 kartus per dien\u0105 \u012ftrinkite \u012f problemines vietas.<br \/>\nRekomenduojama naudoti masa\u017eo metu.<\/p>\n<p>Nenaudokite, jei yra padid\u0117j\u0119s jautrumas atskiriems kompozicijos komponentams.<br \/>\nNe vaistas.<\/p>\n<p>Laikymo s\u0105lygos: laikyti nuo +5 \u00b0C iki +25 \u00b0C temperat\u016broje ir santykin\u0117je oro dr\u0117gm\u0117je iki 75%, saugoti nuo tiesiogini\u0173 saul\u0117s spinduli\u0173. Laikyti vaikams nepasiekiamoje vietoje.<\/p>\n<p>Geriausias: 36 m\u0117nesiai nuo pagaminimo datos.<\/p>\n","protected":false},"excerpt":{"rendered":"<p>Gelis-balzamas nuo stuburo skausmo yra veiksminga priemon\u0117, sukurta i\u0161 nat\u016brali\u0173 ingredient\u0173, kurie kartu mal\u0161ina nugaros skausm\u0105. Sud\u0117tis: ramun\u0117li\u0173 \u017eied\u0173, apyni\u0173 spurg\u0173, eukalipt\u0173 lap\u0173, alyvmed\u017ei\u0173 \u017eiedyn\u0173, ber\u017e\u0173 pumpur\u0173, \u010diobreli\u0173 (\u0161liau\u017eian\u010diojo \u010diobrelio), pelyn\u0173, kamparo, terpentino, kadagi\u0173 eterinio aliejaus ekstraktai. Naudojimas: u\u017etepkite nedidel\u012f kiek\u012f gelio-balzamo ir 2-3 kartus per dien\u0105 \u012ftrinkite \u012f problemines vietas. Rekomenduojama naudoti masa\u017eo metu. [&#8230;]\n","protected":false},"featured_media":99293,"template":"","meta":[],"product_cat":[1390],"product_tag":[],"class_list":{"0":"post-55816","1":"product","2":"type-product","3":"status-publish","4":"has-post-thumbnail","6":"product_brand-healer-cosmetics_ua-lt","7":"product_cat-kremai-aliejai-kuno-pienelis","9":"first","10":"instock","11":"taxable","12":"shipping-taxable","13":"product-type-simple"},"_links":{"self":[{"href":"https:\/\/e.kosmolat.eu\/lt\/wp-json\/wp\/v2\/product\/55816","targetHints":{"allow":["GET"]}}],"collection":[{"href":"https:\/\/e.kosmolat.eu\/lt\/wp-json\/wp\/v2\/product"}],"about":[{"href":"https:\/\/e.kosmolat.eu\/lt\/wp-json\/wp\/v2\/types\/product"}],"wp:featuredmedia":[{"embeddable":true,"href":"https:\/\/e.kosmolat.eu\/lt\/wp-json\/wp\/v2\/media\/99293"}],"wp:attachment":[{"href":"https:\/\/e.kosmolat.eu\/lt\/wp-json\/wp\/v2\/media?parent=55816"}],"wp:term":[{"taxonomy":"product_cat","embeddable":true,"href":"https:\/\/e.kosmolat.eu\/lt\/wp-json\/wp\/v2\/product_cat?post=55816"},{"taxonomy":"product_tag","embeddable":true,"href":"https:\/\/e.kosmolat.eu\/lt\/wp-json\/wp\/v2\/product_tag?post=55816"}],"curies":[{"name":"wp","href":"https:\/\/api.w.org\/{rel}","templated":true}]}}