{"id":55808,"date":"2024-09-17T04:03:47","date_gmt":"2024-09-17T04:03:47","guid":{"rendered":"https:\/\/e.kosmolat.eu\/product\/8-zales-kaju-zeleja-balzams-pretsenisu-antiperspirants-40-ml\/"},"modified":"2026-04-22T13:13:21","modified_gmt":"2026-04-22T13:13:21","slug":"nc-8-zales-kaju-zeleja-balzams-pretsenisu-antiperspirants-40-ml","status":"publish","type":"product","link":"https:\/\/e.kosmolat.eu\/lt\/produktas\/nc-8-zales-kaju-zeleja-balzams-pretsenisu-antiperspirants-40-ml\/","title":{"rendered":"NARODNYJ CELITEL 8 \u017dolel\u0117s Gelis &#8211; balzamas kojoms Prie\u0161grybelinis antiperspirantas, 40 ml"},"content":{"rendered":"<p>Pasi\u017eymi prie\u0161grybeliniu veikimu; naudojamas nuo gausaus prakaitavimo ir nemalonaus kvapo; atkuria apsaugin\u0119 epidermio funkcij\u0105; pagreitina l\u0105steli\u0173 atsigavim\u0105.<\/p>\n<p>Sud\u0117tis: salicilo r\u016bg\u0161tis, \u0105\u017euolo \u017eiev\u0117s ekstraktai, graikini\u0173 rie\u0161ut\u0173 lap\u0173, \u0161liau\u017eian\u010di\u0173 \u010diobreli\u0173, ramun\u0117li\u0173 \u017eiedai, ro\u017ei\u0173 \u017eiedlapiai, gyslo\u010di\u0173, bra\u0161ki\u0173 lapai, glicerinas, metenaminas, arbatmed\u017ei\u0173 eterinis aliejus.<br \/>\nNaudojimo instrukcija: Nedidel\u012f kiek\u012f priemon\u0117s tepkite prie\u0161 mieg\u0105 ant anks\u010diau nuvalytos p\u0117d\u0173 odos (p\u0117d\u0173, tarppir\u0161\u010di\u0173) ir nag\u0173. Veiksmingas iki 24 valandas. <\/p>\n<p>Atsargumo priemon\u0117s: nenaudokite, jei yra padid\u0117j\u0119s jautrumas atskiriems kompozicijos komponentams.<br \/>\nNe vaistas.<\/p>\n<p>Laikymo s\u0105lygos: laikyti nuo +5 \u00b0C iki +25 \u00b0C temperat\u016broje ir santykin\u0117je oro dr\u0117gm\u0117je iki 75%, saugoti nuo tiesiogini\u0173 saul\u0117s spinduli\u0173.<br \/>\nLaikyti vaikams nepasiekiamoje vietoje.<\/p>\n<p>Geriausias: 36 m\u0117nesiai nuo pagaminimo datos.<\/p>\n","protected":false},"excerpt":{"rendered":"<p>Pasi\u017eymi prie\u0161grybeliniu veikimu; naudojamas nuo gausaus prakaitavimo ir nemalonaus kvapo; atkuria apsaugin\u0119 epidermio funkcij\u0105; pagreitina l\u0105steli\u0173 atsigavim\u0105. Sud\u0117tis: salicilo r\u016bg\u0161tis, \u0105\u017euolo \u017eiev\u0117s ekstraktai, graikini\u0173 rie\u0161ut\u0173 lap\u0173, \u0161liau\u017eian\u010di\u0173 \u010diobreli\u0173, ramun\u0117li\u0173 \u017eiedai, ro\u017ei\u0173 \u017eiedlapiai, gyslo\u010di\u0173, bra\u0161ki\u0173 lapai, glicerinas, metenaminas, arbatmed\u017ei\u0173 eterinis aliejus. Naudojimo instrukcija: Nedidel\u012f kiek\u012f priemon\u0117s tepkite prie\u0161 mieg\u0105 ant anks\u010diau nuvalytos p\u0117d\u0173 odos (p\u0117d\u0173, tarppir\u0161\u010di\u0173) [&#8230;]\n","protected":false},"featured_media":99124,"template":"","meta":[],"product_cat":[2181],"product_tag":[],"class_list":{"0":"post-55808","1":"product","2":"type-product","3":"status-publish","4":"has-post-thumbnail","6":"product_brand-healer-cosmetics_ua-lt","7":"product_cat-bez-kategorijas-lt","9":"first","10":"outofstock","11":"taxable","12":"shipping-taxable","13":"product-type-simple"},"_links":{"self":[{"href":"https:\/\/e.kosmolat.eu\/lt\/wp-json\/wp\/v2\/product\/55808","targetHints":{"allow":["GET"]}}],"collection":[{"href":"https:\/\/e.kosmolat.eu\/lt\/wp-json\/wp\/v2\/product"}],"about":[{"href":"https:\/\/e.kosmolat.eu\/lt\/wp-json\/wp\/v2\/types\/product"}],"wp:featuredmedia":[{"embeddable":true,"href":"https:\/\/e.kosmolat.eu\/lt\/wp-json\/wp\/v2\/media\/99124"}],"wp:attachment":[{"href":"https:\/\/e.kosmolat.eu\/lt\/wp-json\/wp\/v2\/media?parent=55808"}],"wp:term":[{"taxonomy":"product_cat","embeddable":true,"href":"https:\/\/e.kosmolat.eu\/lt\/wp-json\/wp\/v2\/product_cat?post=55808"},{"taxonomy":"product_tag","embeddable":true,"href":"https:\/\/e.kosmolat.eu\/lt\/wp-json\/wp\/v2\/product_tag?post=55808"}],"curies":[{"name":"wp","href":"https:\/\/api.w.org\/{rel}","templated":true}]}}