{"id":55800,"date":"2024-09-17T04:03:29","date_gmt":"2024-09-17T04:03:29","guid":{"rendered":"https:\/\/e.kosmolat.eu\/product\/nc-5-zales-zeleja-balz-locitavu-sapju-profilaksei-40-ml\/"},"modified":"2026-04-23T09:13:12","modified_gmt":"2026-04-23T09:13:12","slug":"nc-5-zales-zeleja-balz-locitavu-sapju-profilaksei-40-ml","status":"publish","type":"product","link":"https:\/\/e.kosmolat.eu\/lt\/produktas\/nc-5-zales-zeleja-balz-locitavu-sapju-profilaksei-40-ml\/","title":{"rendered":"NARODNYJ CELITEL 5 \u017doleli\u0173 Gelis &#8211; balzamas prie\u0161 sanari\u0173 skausm\u0105, 40 g"},"content":{"rendered":"<p>Veiksmingas produktas, pagr\u012fstas nat\u016braliais ingredientais.<\/p>\n<p>Veikliosios med\u017eiagos: kamparas, terpentinas, cinamono, m\u0117t\u0173, kadagio ir egl\u0117s eteriniai aliejai.<\/p>\n<p>Naudojimas: u\u017etepkite nedidel\u012f kiek\u012f gelio-balzamo ir 2-3 kartus per dien\u0105 \u012ftrinkite \u012f problemines vietas. Rekomenduojama naudoti masa\u017eo metu.<\/p>\n<p>Atsargumo priemon\u0117s: Tik i\u0161oriniam naudojimui. Nenaudokite, jei yra padid\u0117j\u0119s jautrumas tam tikriems kompozicijos komponentai. Ne vaistas.<\/p>\n<p>Laikymo s\u0105lygos: laikyti nuo +5 \u00b0C iki +25 \u00b0C temperat\u016broje ir santykin\u0117je oro dr\u0117gm\u0117je iki 75%, saugoti nuo tiesiogini\u0173 saul\u0117s spinduli\u0173. Laikyti vaikams nepasiekiamoje vietoje.<\/p>\n<p>Geriausias: 36 m\u0117nesiai nuo pagaminimo datos.<\/p>\n","protected":false},"excerpt":{"rendered":"<p>Veiksmingas produktas, pagr\u012fstas nat\u016braliais ingredientais. Veikliosios med\u017eiagos: kamparas, terpentinas, cinamono, m\u0117t\u0173, kadagio ir egl\u0117s eteriniai aliejai. Naudojimas: u\u017etepkite nedidel\u012f kiek\u012f gelio-balzamo ir 2-3 kartus per dien\u0105 \u012ftrinkite \u012f problemines vietas. Rekomenduojama naudoti masa\u017eo metu. Atsargumo priemon\u0117s: Tik i\u0161oriniam naudojimui. Nenaudokite, jei yra padid\u0117j\u0119s jautrumas tam tikriems kompozicijos komponentai. Ne vaistas. Laikymo s\u0105lygos: laikyti nuo +5 [&#8230;]\n","protected":false},"featured_media":99289,"template":"","meta":[],"product_cat":[2181],"product_tag":[],"class_list":{"0":"post-55800","1":"product","2":"type-product","3":"status-publish","4":"has-post-thumbnail","6":"product_brand-healer-cosmetics_ua-lt","7":"product_cat-bez-kategorijas-lt","9":"first","10":"instock","11":"taxable","12":"shipping-taxable","13":"product-type-simple"},"_links":{"self":[{"href":"https:\/\/e.kosmolat.eu\/lt\/wp-json\/wp\/v2\/product\/55800","targetHints":{"allow":["GET"]}}],"collection":[{"href":"https:\/\/e.kosmolat.eu\/lt\/wp-json\/wp\/v2\/product"}],"about":[{"href":"https:\/\/e.kosmolat.eu\/lt\/wp-json\/wp\/v2\/types\/product"}],"wp:featuredmedia":[{"embeddable":true,"href":"https:\/\/e.kosmolat.eu\/lt\/wp-json\/wp\/v2\/media\/99289"}],"wp:attachment":[{"href":"https:\/\/e.kosmolat.eu\/lt\/wp-json\/wp\/v2\/media?parent=55800"}],"wp:term":[{"taxonomy":"product_cat","embeddable":true,"href":"https:\/\/e.kosmolat.eu\/lt\/wp-json\/wp\/v2\/product_cat?post=55800"},{"taxonomy":"product_tag","embeddable":true,"href":"https:\/\/e.kosmolat.eu\/lt\/wp-json\/wp\/v2\/product_tag?post=55800"}],"curies":[{"name":"wp","href":"https:\/\/api.w.org\/{rel}","templated":true}]}}