{"id":55792,"date":"2024-09-17T04:02:45","date_gmt":"2024-09-17T04:02:45","guid":{"rendered":"https:\/\/e.kosmolat.eu\/product\/nc-11-zales-zeleja-balz-saaukstes-un-klepus-profil-40-ml\/"},"modified":"2026-04-23T08:29:56","modified_gmt":"2026-04-23T08:29:56","slug":"nc-11-zales-zeleja-balz-saaukstes-un-klepus-profil-40-ml","status":"publish","type":"product","link":"https:\/\/e.kosmolat.eu\/lt\/produktas\/nc-11-zales-zeleja-balz-saaukstes-un-klepus-profil-40-ml\/","title":{"rendered":"NARODNYJ CELITEL 11 \u017doleli\u0173 Gelis-balzamas prie\u0161 per\u0161alim\u0105 ir kosul\u012f, 40 g"},"content":{"rendered":"<p>Veiksmingas produktas, pagr\u012fstas nat\u016braliais eteriniais aliejais ir ekstraktais. Gerina savijaut\u0105.<\/p>\n<p>Veikliosios med\u017eiagos: kamparas, terpentinas, mentolis, sald\u017ei\u0173j\u0173 dobil\u0173, pipir\u0173, krien\u0173 ekstraktai, egli\u0173, pi\u0161\u0173, kadagi\u0173, eukalipt\u0173 ir m\u0117t\u0173 eteriniai aliejai.<\/p>\n<p>Naudojimas: pasirei\u0161kus pirmiesiems per\u0161alimo simptomams ir j\u0173 profilaktikai tepti srit\u012f aplink nos\u012f, kr\u016btin\u0119, nugar\u0105 ir p\u0117das. Kartokite proced\u016br\u0105 2-3 kartus per dien\u0105, kol pasijusite geriau.<\/p>\n<p>D\u0117mesio! Nenaudoti vaikams iki 3 met\u0173 am\u017eiaus.<br \/>\nAtsargumo priemon\u0117s: Tik i\u0161oriniam naudojimui. Nenaudokite, jei yra padid\u0117j\u0119s jautrumas atskiriems kompozicijos komponentams. Ne vaistas.<\/p>\n<p>Laikymo s\u0105lygos: laikyti nuo +5 \u00b0C iki +25 \u00b0C temperat\u016broje ir santykin\u0117je oro dr\u0117gm\u0117je iki 75%, saugoti nuo tiesiogini\u0173 saul\u0117s spinduli\u0173. Laikyti vaikams nepasiekiamoje vietoje.<\/p>\n<p>Geriausias: 36 m\u0117nesiai nuo pagaminimo datos.<\/p>\n","protected":false},"excerpt":{"rendered":"<p>Veiksmingas produktas, pagr\u012fstas nat\u016braliais eteriniais aliejais ir ekstraktais. Gerina savijaut\u0105. Veikliosios med\u017eiagos: kamparas, terpentinas, mentolis, sald\u017ei\u0173j\u0173 dobil\u0173, pipir\u0173, krien\u0173 ekstraktai, egli\u0173, pi\u0161\u0173, kadagi\u0173, eukalipt\u0173 ir m\u0117t\u0173 eteriniai aliejai. Naudojimas: pasirei\u0161kus pirmiesiems per\u0161alimo simptomams ir j\u0173 profilaktikai tepti srit\u012f aplink nos\u012f, kr\u016btin\u0119, nugar\u0105 ir p\u0117das. Kartokite proced\u016br\u0105 2-3 kartus per dien\u0105, kol pasijusite geriau. D\u0117mesio! Nenaudoti [&#8230;]\n","protected":false},"featured_media":100448,"template":"","meta":[],"product_cat":[1390],"product_tag":[],"class_list":{"0":"post-55792","1":"product","2":"type-product","3":"status-publish","4":"has-post-thumbnail","6":"product_brand-healer-cosmetics_ua-lt","7":"product_cat-kremai-aliejai-kuno-pienelis","9":"first","10":"instock","11":"taxable","12":"shipping-taxable","13":"product-type-simple"},"_links":{"self":[{"href":"https:\/\/e.kosmolat.eu\/lt\/wp-json\/wp\/v2\/product\/55792","targetHints":{"allow":["GET"]}}],"collection":[{"href":"https:\/\/e.kosmolat.eu\/lt\/wp-json\/wp\/v2\/product"}],"about":[{"href":"https:\/\/e.kosmolat.eu\/lt\/wp-json\/wp\/v2\/types\/product"}],"wp:featuredmedia":[{"embeddable":true,"href":"https:\/\/e.kosmolat.eu\/lt\/wp-json\/wp\/v2\/media\/100448"}],"wp:attachment":[{"href":"https:\/\/e.kosmolat.eu\/lt\/wp-json\/wp\/v2\/media?parent=55792"}],"wp:term":[{"taxonomy":"product_cat","embeddable":true,"href":"https:\/\/e.kosmolat.eu\/lt\/wp-json\/wp\/v2\/product_cat?post=55792"},{"taxonomy":"product_tag","embeddable":true,"href":"https:\/\/e.kosmolat.eu\/lt\/wp-json\/wp\/v2\/product_tag?post=55792"}],"curies":[{"name":"wp","href":"https:\/\/api.w.org\/{rel}","templated":true}]}}