{"id":55380,"date":"2024-09-14T04:06:33","date_gmt":"2024-09-14T04:06:33","guid":{"rendered":"https:\/\/e.kosmolat.eu\/product\/garden-collect-gaisa-atsvaidz-anti-tobacco-300-ml\/"},"modified":"2025-01-28T12:23:02","modified_gmt":"2025-01-28T12:23:02","slug":"garden-collect-gaisa-atsvaidz-anti-tobacco-300-ml","status":"publish","type":"product","link":"https:\/\/e.kosmolat.eu\/lt\/produktas\/garden-collect-gaisa-atsvaidz-anti-tobacco-300-ml\/","title":{"rendered":"GARDEN COLLECTION Oro gaiviklis Anti Tobacco, 300 ml"},"content":{"rendered":"<p>GARDEN yra oro gaiviklis, kuriam neatsispirsite d\u0117l plataus kvap\u0173 asortimento ir ilgalaikio poveikio. Tai pakeis j\u016bs\u0173 nam\u0173, biuro ar automobilio atmosfer\u0105.<\/p>\n<p><strong>Naudojimo instrukcijos:<\/strong> Prie&scaron; naudojim\u0105 skardin\u0119 gerai suplakite. Pur&scaron;kite 5-10 sekund\u017ei\u0173, laikydami pe\u010di\u0173 lygyje.<\/p>\n<p><strong>Atsargumo priemon\u0117s:<\/strong> Tik i&scaron;oriniam naudojimui. Vengti patekimo \u012f akis. Patekus, nedelsiant nuplaukite dideliu kiekiu vandens ir kreipkit\u0117s \u012f gydytoj\u0105. Ne\u012fkv\u0117pti aerozoli\u0173<\/p>\n<p><strong>Sud\u0117tis:<\/strong> 15 % arba daugiau, bet ma\u017eiau kaip 30 % alifatini\u0173 angliavandenili\u0173 (propanas, butanas, izobutanas). Kvapai. Konservantas: Methylclorisothiazolinone, Methylisothiazolinone.<\/p>\n<p>&nbsp;<\/p>\n<p><img decoding=\"async\" alt=\"\" src=\"data:image\/png;base64,iVBORw0KGgoAAAANSUhEUgAAAD4AAAA+CAYAAAEExpjSAAAAAXNSR0IArs4c6QAAAARnQU1BAACxjwv8YQUAAAAJcEhZcwAAFxEAABcRAcom8z8AAA4LSURBVFhHvVl5bFRVFx+UGlwQ0rgESAFFEc0nfILaskYRKf5NIBhDNCLRhM0QYrQRxA2iBGj4ZKmllG6UEhIWGw2BkKqJJQokRtFAAolgjEBhBqW8KbS93\/n93r133rx5M\/NmaPklL2+775579nPPiyg\/Ojv1hYukAdGJo92L69fds8AOiE4cw3NNTQ3P6sYNnjjAvDx27JiKRCKJQR0dMsAzXZ8+fXgeOXIkz7HpEzQJzyCD6LRinhOLvJEYFJtWoq98XGBh0dIJ+sZF8oAAJA8QIUUnaFloJAZ4JBid8KS+MgO63JeQAQ7ASDUSnTKWF++884565plnVEVFBe8Bp6bSncGMrqqqUhs2bOC1U1vFs12DVZQgXl+tr7yLFEQnjVGO5yWQNMAPzBqd\/JTVbBACJwAlw7kB5edRl0HyEmE2Hnl2yjXEtnr1av1Ej+mI6zs9gf\/DDtiZlvnFixd5vuOOO\/RbFxQa7REQc\/NKEbjtttvUV199xevy8nJVUFDAayD2QrFy6rbxOlkGwqOZaN26dTzWrl3Lc3V1tdhwiajI\/dAgUIhcEQSpERPjNxT9CJ7AQNTn7ND+lwYZJ3CqNumrYKT9GMuNvjje+m0QAj\/mh9qfnQYRmkg7CCkfOzVb7YdXr17lOd5UFzhB0sdOdQWXavD888\/rK5lgZ+oE9mOneotQTHwIS3vooYcY+f79918+80\/Aj0lRop3Bu+++a022uLhYHTp0SL\/RLEx1J4g42ysYJg1uiH5bWlr44ejRo+0kXpgVRCAcp84NHwYYXFRUpI4fP64GDBjA+40bN+q3SnV3SgAVB+OUNHyP\/d59993qyJEjvI7FYqqwsJDXQDfips4Edj0xEZZTn1jBTz\/9pNra2lR9fb1+kqBokMRM7MUJEgG30jWNh5mDkdrnxsmSEEB4Tm2lvtPweZtByscAJojLCggGjtQPgcCPAbIgavQv1Yu0HwOYIBMyfpwJ9DyRA7TU7YmyuSBn4oiHhig06DTg\/r+0tVwXEZq4s71SE5VwEVBsxBtr+B5u0x0Pt4isxJHWwRljlCdfAa+\/\/rq+SoB+i0VgfBZJpCXucirihNF4UnB3d7dqbm7m9dSpU5nvAMdxeDbgIsTEGcLSSCKFOOMiiYoh+fL+33\/\/zTMCzTfffGMjVllZmXruuedUa2sr33vhLmI006CsUD91YYkzpmqifvEaIJODGLjFeejQoWrQoEF2EZWVUnnJOQhGErAZYxORa5vKEzoVkabDww8\/zFjdr18\/lr0g0tTUxHdmMThWrVqlzp07x+dBcBplEVKWxV4o0ZxLEYOQBEPxx3aD06dPWwI4gPb2dp6BOXPm2He\/\/fabfuqBqBBSBfcIvkCyjK5LyBYJQBLe\/GDw559\/MrkgQ\/mxcOFCEv7111\/1Ew3UUiAawFiwgrBKvYi454OdO3eqlStXqg8++EB9\/PHHvP7www\/VJ598oj766CNeb968mWNhrC4j4DRYmsHEDUTHcDV3Ap0lsgF5S6Ifxeur0f3ITFwDXPj1lQKJemZMPE1l6Uco4gbdkAS4giQk8hEkKuINwakfORE36O7qctUhuy0EkGylcDrkRZyQmOBUJsqpfJAf5xA1xS8uacSfB3InjvINhCVK0X+hayl38kFuBmcsGhyjwoPuERkny70kpFwRnrixdFq1x5VkF4win89zXEAo4shCluOAsEt3mz7Rfb8t\/AKyEzcRS\/b1fsJm30OICqJYACUQzgYyE5cyKCqpj0HFR\/i6cPvee+\/pOw0xRjc7igRCGGF64qJjJgYEEdmU+oE+gymhkkAJGBvIvIBg4qJjm5GkNPbi6NGj8jquLly4wBS6bZv7HrWdhaiKNpBlAanEr3dojiVBBIRNpNWZM2eqU6dOkfiQIUP4\/JVXXuHZAhIoneRKbpubZv1IJg6rlkKPK\/aJGjrukgkXLFjAggK53FQueN6\/f3890gNIoFRLoCp1AQni4FjKXHLcWKsfJuORRx5Rb731liWK4\/bbb1ePPfYYF4Qa76+\/\/tKjNSgBWQC8xScBEsc2h5ULVrhjO18EAcTuv\/9+S3jevHn2esqUKeqJJ55QDQ0NerQHRgK+OBBxOdY6li1PEEw1+sADD1hiOFDTjR07NunZvn37ODYFIgFrhHoBEWzwkJedhvQcHz58WK1fv54tZEPE6Liurs4+M51k2Ec6mGR07Yu1KuLUfMkbiAUNh3QwBHBs2rRJ3XfffXy+e\/du9fbbb6t7772XHZ8777yTz4OAhgezoagYIZk6RwsBPs1tb5pVP\/7445b4ihUraFwAfB4w74YPH857P5w6lwYJS00IWGtHTU0JiP7Rq\/Fj\/\/79nPzll19WW7ZsUdeuXdNvFHvRn3\/+Od\/v2rVLP03Azg3m9KKBJD\/nIKxO9OLdmRosXbqUBE6cOKGfuEBrD8+nTZumnySAnADCRtReJBEHUOC7g2WTH2ADMCZwjjCLkArCixYtUj\/\/\/LMekQB1zB1qsDpTiANcgNaP2SZDt++\/\/75avnw5dys4sHPBLuXTTz+lHeDdpUuX3PGUoux6PTr2I5A4wN4LJIA2h3wMjj\/77DN209C3Nr1r77FmzRp1VTad2FhQx77Ggh9piQPYBLgqSO8FfpAwPIeE07sukJE4gB8mrhumGowfKCqpY8nnmTg2yEocwN7LFWN6CRhDxRh\/OyUdQhEH2GLH5Oit+BZggxRdNLOovQhNHDA+i42hWYDbKjMchycM5EQcsEYoemVekDxNHYc0SC9yJg4g58OwkA3JsaTLfJAXcQDb4jDulAl5E88boh7YDiSG+OFs\/zIvld0sbh3jkqPIsMQq2iuaGjgQ\/iWCc4MjFd2tQu8zTg1L7IOGwTByJZxUch6jhq7q+RwWgD5Hnv8tckGvMd4t2kN6Y8tKM4awCGaTTFv81JF6nVtbjMMBC6jeIpuJ3rOAnmccGpa0SkYk7DK9SkHKn+SZgpEUrHGJmvR9RE5xAWxkuLnoBQvoMcaRzBCooi88azUHJqjhXKKvCABpI1bauxZw04yjXmHhJP5JLSG5SgDjzj7Dxmvv3r38yZsWnV3K2VkrsQEC8FhAdUWPCCB\/xlEbSyCiaSIwQTMIWqLhbMXb5cuXuZEfP368On\/+vH6aBmItcQiAvRWhgVghNdzNZoHcGdcaZlqCFqANmLRoONPW2ou2tjY1ffp07usmT56c2kIJAmJAY60bLBE7KACxAAggDwsIz7gEGPhZbGqxZtjVcBwMZ9Hwjh072MJpbGzkvb+Lgo5ah178wYMH1ffff8\/rQEAA+Cmpu2tYC+sA9JpzCILZGUdaAsNoFdGkhRiiNFpG4odhgL9tYHDMmDE085aWFnXXXXdZxtFE27jR\/VGyePFiNWzYMLYWM0JoQwBuGpQ1IbZAAOjyhbCA9IxTwxWMqNQw8\/B4zXDwr2UD7KHRG0EjDl2DV1991TI5adIk9eijj9p7c0A4X3\/9tbrnnnsoFPwXB5IauUFADGgSAcwwMQBBUAvA95\/ci1TGZdFx8ZuED4NhMWkwnMNuBM0BMAQzfu211+yvbnP07ds36Xe390AD+ZdffmHkHzVqlGptbdWzZoCsDTHAzQJP0goQBOOsA1ItIME4orQwbDUMhuHD6HR7K62QqK6uJnNBjOGAOf\/4449s4XifQ0BDhw5NauuiuxYasIBdDVIHJLKALYR0mxCI0KQtwzJo8lM0Gza6c9AwTBKmjVYQOu7\/\/POPmjFjRhJT3uPNN9+0Zrxs2bLAMTjQ6zxz5gzHYd7Q6JIg2FSvYi9NcZusyARwAQrAURHnyy\/cFAEtY7ekq62gnmc2XLlyRZWUlNBPZ82apd544w12\/cEAnqEBj+uioiL1+++\/66+Uam5utmb\/9NNPs1uM6+LiYvp9eXm5qq2tze7vPnQL89wIodbw7gQr\/qdNHVtGFCNmywgzR47EH\/+QudkAfllQUMCFe48HH3yQpo226JIlS9QPP\/ygv1Dq22+\/VZs3u788qqqqUr7HfVADOS1QPsvuz\/JDcxeGZdNk+EkKbvi1gi4WU4TxcwhAtpVhG0vofM+dO9cuGn4+btw4+jT+ihw4cECPTMXWrVvVwIEDObawsNDOga66aednAkpZMsxqUtYPDcOChSf88PYiOJ1BYugfQmLcYbmpDE2vbKkMaG9vV\/Pnz7cLHzx4sPruu+\/4rlO+D\/JVPIcpO5KCZs+encQ0mugZId9ibWQYGsaaoTDhAbwEIZhxA24xtcl4LUCkGqaZiny+Z88e\/tfE3x\/U53AF\/PH1++vJkyc5DsyOGDFClZWVqbNnz+q3weAGyWvSVJBmOEsmysy4ASSKRi4JuFUSJSouEMYCvIC2UZ56tQ4hQKvQehBSgho1rC2SDGM9YpGMSeHWE45xA1iASJhR0mcBXgkjlZWWllpzvZkD\/n72jz\/ciTV9q2GsAS7oox8GuTFuIFLF5gSbFEqbEoeJSdQMGQRzAnwfaclqWA69QcrV4gzyY9xApIw\/PW4WgAbkoAAq5V3+e2UL9u3Q5BCG9fysJhFkc9SwHzfHuAGqJNGIjarGAmCC+VgAsgpcihqGRblZhX07odUT6BnGNZAr8avNVoLIowg6sIAQW0XuF1BHmDYWNIwNkmjYn4dvFj3KuAWiLgQABrTGXBdIEwOgYZs1YDGuSbNRmacPZ0PvMK6B3nq8YbswYX4aeCwA6UyOYA2jb9cLQdKDXmXcAhYgEZguAAvAbmnqszpoCcPj\/0MfdjuzvaNhP24N4xpoRrJn7o0Bco1nYRuVPYVbyrgXMHG0tmTvqJ\/cSij1fz8Grtdd8Jr3AAAAAElFTkSuQmCC\" \/><strong>GHS02 Pavojinga<\/strong><\/p>\n<p><strong>H222 <\/strong>Ypa\u010d degus aerozolis.<\/p>\n<p><strong>H229 <\/strong>Sl\u0117gin\u0117 talpykla. Kaitinama gali sprogti.<\/p>\n<p><img decoding=\"async\" alt=\"\" src=\"data:image\/png;base64,iVBORw0KGgoAAAANSUhEUgAAAEUAAABFCAYAAAFrihu\/AAAAAXNSR0IArs4c6QAAAARnQU1BAACxjwv8YQUAAAAJcEhZcwAAFxEAABcRAcom8z8AAA2qSURBVGhDzVtrbBTXFbbBNhg7xHbWa2OewUloUmokEL9IhdRisIEoJQ0VUqhaNUB\/plBEqrRKaH8FKYKADQSogFQKldKfqZCCUkQo\/EChooDNU0FCoQouAivwA\/y6p+c7997Z2dmZ2ZnZh\/tJa++87px7Ht8597EVFAG5N42NEbXONQcawS21tpsv7puUMl9cMDfqm0ZH5d8P5s+nmsmTqXrSJDkWTGs3N7Vky+BgeEj+ZV7nkkEwPGy+eAWf9pz+77oByL4J8LbIyL3JB9k3oZUx3VM3AgTP1pm+yQrsBsxjUAFlAf39\/VRRUSHKfO\/dd+UcjY7IP93SyDD96\/x5+ZqFFt1ARia+MQsuGZ2bRFR7Y2u2jJmWLBIpEw\/5POiFb0MiHlQ3ojUggLh8zsczBf5iuxvwAg2Gdg0xFNDAXz7+mGpra+n48ePUNm2aPokGXT6vG4KBjSGBGn4IRoaxFy5cSDdv3jRXPMCLjXNkdw0iu1woEAhRT\/d8lR1oJR8asfBvyAIPIWzQ7YAGLMIbioG8DY39\/g\/mWzBCG1GdK4hqU0RdK80ZfwQ2opYtJ2qeqQ9SM0mt6NbffeDfCDegGtvMgcHTfLycJfNBTiNaghnmyINnZrBEXeYgg6xGoAOVCmjAomk6qa7srjmNqM7OjA7yQSTKNKQbgRXS\/g2MssuvWbOGampqaPPmzbR48WJ94Rm+31itQv2YJfB04Y\/bt0tAVvGDCE4EKY5z0MQSLe\/iRvgP+mkxffp0eRAN4MEd779vrvigYRqp7lWmOxAL4hkov8zrRQO\/eOUr8jWjWCiKFRYJ6EbXKnPgNTFM5+qaH1QDO93K1eZII0db4kxBDfk0APionLGCTQ43d0FNbSFiJfrBvxGG6IgDT8BxBCsEIbARAawGKlgZ3AAQ3ghjbPufzLdg5G0kH9QyxNwc9lx\/moiDxMLIy5Ecm9kjBgfFByn9LNsknE3DEFsY4b+25\/0ZCJEHofh6GDMHIbIwwh3cc0rzy8LqEwDXQQ\/QVJ6840ZeYbQmXtBkbor5yIBQjWzGiJoKFgZCiE8kEMILCAW2aWHNLg8WKkcYyQfQRBMzTBT2jQOUUEz3WlMhuVVqC5RKcMw8xd0I9\/T0l1\/Spo0bqampSfJNVvIy1eUPX36Z\/vbpp\/To0SPzpAE0nZolmnf7VMXYO+9ox6xtDjTH0qVLpfHKiROdUtb58DHOW4FWcK4\/fPhwYMWehVGunSczo6bm0Nh7nI3NaS0hfAQSe4Tq6elxXgZN\/HbLFjr\/1VeioURA++JDrJnuTHbK9RnYEjwC20apxeOAhVBTW7XPcOe92guOJng9vB89SKoBCzyPHA3eSZwlGcIP0BT4YiRmiPN4Spno8SsWvMgrjIX4FBwdzJpPU5hqMLkqihAWkYWxcDSFl3l5aIyPUfW18fg3RhqwiC2MhWRn9BxCIWsbn8hX+IQhsTAWUkqgnkmgCS8KFoYu\/JvUxYvmIDkKE6T\/ClF1HanqeqJrV83JZEjuK\/39LAQLwBQun6p6UleTC5NIEHX5sryY6tOkDhwi2neAv\/NYAcJcYS0lQHxB+vpYE09pIXr3mZOM3XsLEiaeIBCiZirRlBSpj1gTHqje\/UR1nOlrWNCYZoosiPgEzAEh9vILg7C7l+9J873sxDGEiSSI6oMQddxbfsH+j8zZYKgeNhmbTjtwNDPlF0R8gjVR10JqX4gmvBBh2GfwbASfCRXEMQc0EWaOAKg9bCZHM+FmChREQhTRMaU53CfyAdEEB2bNSMcC4CuIgjlEEyzEfuaIAqFEGDbTRHbgADPlCtJvhQBZHTQniwCEtuUZHwfOEkRdAW2zOeCYCc0xNKRXdHxhSE9VPUXKk5scQVSfoW1ows2YEXDzxg3aunUrtbe3y0hg\/fr1dPToUepctowqKyvp+vXr5k7GHpeZXD4jgjiOGdEn\/jswQH8+dIheevFFqjYTfxOqqqjajIcwFkqn07Rxw4ZsISz2MhdBGH6nFaaCJEQ1WQWZ48GDB3Ti88\/pJ6++SpP5RfLi6uqcwRj+T+TzuJ4PCgxseAahzaOqSqIZLxD9cpO5JRu3bt2ShvGRHrtHg\/wd5+z1xsZGGZxdjUjt6ue\/0u\/G80I0YD84EaT04Ny5c\/IS+3K82A5D6+vq6Gdr19KpU6fo4cOH5oloULv2GPOwRth82kdgHhMtYj8XxngkWMX2x4thlgUdHfTXY8dokM2VGLt6jFnYR4z2MlEDYdiTRZgPszWDUf+tr782R4VB7YQQudk5y6sQ24hxkRYxX2SonbtJCY9oc7iR497CeuATCAM2LBIU+AOaEJ+4Zs5m4Btnkg+MmVRP4ZrRjslCTGQhAqp9X0EA7cA68RViJrVrtxaCy8ewUiBQEEAeFDMx2aG2iAv2CapvlTbUtVxzuBEqiMDtM6i6omInm8MUReTjE17kF4SRcWDWTBRhEP4QHM\/k0YRFJEEAzcDswKjQfRjYAiEqPiFC+CS8AEQWRABhMGZBlvYLbTg1BMU9ETVhEU8QhoS29RlXNEmI4hx4IsGAPLYgQJYw+w6acYzxiZAQDUMiQQAntO1sAAjw+g1zNT4SCyJAboIpQHxcLhaCwgRhqIuXSF3iUrNAFCxIweBUIgsXVZP0XFxCHysmxk0pyKuyqAafx46aGc\/r\/3yM5YIkLFAslF0pGEmpTlYGKmUsa6HYaJ+vxxLt39dJAhvXUNV2dTujn3KibEqRYaX1DKxkQRmpGaT28fDBrmhh0QelIdZuRDnPasZcwcqJMOtTLJReKX0mTMDEWO1AZ9Mz9XjbZ6ulAErCWAtbN1BoYWcgZrsRVmXgnJIpBZbVYWKVwcm6qU17RtRlRdzHoxJZKEOyRztIdfCcEiqn6EqRMMHKDtweYQJLN3OYYMhlt6rGBRbvMILG8hWUg7DC5ArWVTErXGQUTSnqEtcINkxAlOCM9Cw9kV+sBWe0g7BqnmU4h5WO0VwXh1URCblwpfT3kfrRMk2gEiaGQPcfDOaMQjE6outnS8j8Xpl56CwO5yRWigwMwRmYaoEy6nkY1ICpW2STAlf9owLhCOU8zUNvhBUIGcYB58QccrkRWymYxZfVYMR0mt0X4z5sJsLEqU2t5cYIew44y+EclgsTZ6hzEqTy6EpB0WWVgaILBArOgDKKxRmFAnUOxsbYeeFWDvYZXIkeVvmVAs8AgWIWAGEyJSV1BoEz\/m+h9IwGPMdwjhAydhv5LON44asUbCTBEo8zNmnjWK1jZaDOAGcMl54zMAH+z9On6cCBA7Rl82bZHT1w9665qnH322\/pH198QXt7e+nEiRP05MkTc8UAqXx3r97\/jjrJcA52U8rUs7nNixyl6LEJwgSpld0P2aQZFSh7RqHbplx4\/Pgx3b59m06ePEk7duygn772GnUsWEANDQ2yQuD+TMByRWWlLFe1tbVRXV1d5tqECbKKtOHNN2lgYMC07gE4B4SMClkqatQ5rBzUOT6ck1EKUiu2B0MZljNS0xMvBA6zle7fv0+XL16kI0eO0LZt2+iV1aupubmZqs1KlPPhjmHPIn475iwc+XygmI6ODvr7Z5\/Rw+++477GNBI2U9lUDs5BPzHwxIYrl3Iq6MIF7RkyauWiq3m2jFrVfi66IqZW\/AQBi03r1q2jefPmUSqV8u+0T0edD1bS7PJdVRVV8jPuNvC7o0WLFtHZM2fMWwsA9uTt5bEXRucp7q+dsoDncBFaIZUofisgHsIXcROG8OCOiBv6zp49Sy3swhDe6ZzpYM6Hz0M58ksKtrzt9AT+3traSosWLqRfb9okXAKeuPPNN+YtRQQ2HmI2d\/b3tBOg36jEV61m+uhzhQ8GcHAjO88B94Kbwd3y7CXG+umSJUukcwgBfKTTLmuDD\/BjljmzZ9Pa11+n3739Nh375BNZRx0cHOTitww1DpcOCmMobP2z4QMP6eaU7VruyCVaKAfTgvAcEBKICT97gnJCYvjevXv0m7feorlz58ov5Na\/8Qb19vTQGXb3\/9y5IxwzbsC7P3QpA\/2CZ2BnqE\/lG5ySkbLwQwAoB6kMa4NoFMsr49nBOBga0ks+2K2MlIzSAlMP3atIhUz1+yolC1zsSNFjizd4DhdFerknPKzGDaiwwRlSn5jiDbSAnbLFWhUU9NuwsvMkrHkupxXcslSj4bhAeH\/AnoFd35DPzLvIpvoYE+HRlWKgOYcJ2SpHZtTsJFLxirtYwHtBoI1mhs5OQgVwRj7EVoqFDM2RrSznQBgM4YWQy8Q5Q5xaWRkKhSbeL3O5mjPo5ngtDzIwqYPRMyZ5NCGDc7gSLqXncLs6tdq52+f0JBOKL78NYzFRsFIsZHGryxCycA4rB9OGKAKLOB0pyrYEivegTEc2KeJEdtGUYiETyQ4hc2zDkhjCw7JJUzlS6we7tDI8nFGKWf2iK8VC6hykchRJkspR57C7g3Oies4oewbqIpluNKkVu0l5WII6o1QFQcmUYiGcI8phywohc+cwhJe53IBUjvNI9Z55EPGMInBGPpRcKRYyb4FsJetB7P6WkLFMapUjBLrHlOPgDFtncDYp44J72ZRioQnZDDxlfYg7j6mKX2wkmvOSVoaMWlGBsme45jnKhbIrxcLhHIQFlICtGMgmSK0yNil9mARh3JTiAJwj2WqSrkDHURkaRP8DZ4bd2+wgYF0AAAAASUVORK5CYII=\" \/><strong>GHS04 Atsargiai<\/strong><\/p>\n<p><strong>H280 <\/strong>Turi sl\u0117gio veikiam\u0173 duj\u0173, kaitinant gali sprogti.<\/p>\n<p><strong>EUH208<\/strong> Sud\u0117tyje yra: 5-chlor-2-metil-2H-izotiazol-3- ono ir 2-metil-2H-izotiazol-3-ono reakcijos mas\u0117 (3:1). Gali sukelti alergin\u0119 reakcij\u0105.<\/p>\n<p>P102 Laikyti vaikams neprieinamoje vietoje.<\/p>\n<p>P210 Laikyti atokiau nuo &scaron;ilumos &scaron;altini\u0173, kar&scaron;t\u0173 pavir&scaron;i\u0173, \u017eie\u017eirb\u0173, atviros liepsnos arba kit\u0173 degimo &scaron;altini\u0173. Ner\u016bkyti.<\/p>\n<p>P211 Nepurk&scaron;ti \u012f atvir\u0105 liepsn\u0105 arba kitus degimo &scaron;altinius.<\/p>\n<p>P251 Nepradurti ir nedeginti net panaudoto.<\/p>\n<p>P410+P412 Saugoti nuo saul\u0117s &scaron;viesos. Nelaikyti auk&scaron;tesn\u0117je kaip 50 &deg;C \/122 &deg;F temperat\u016broje.<\/p>\n<p>P410+P403 Saugoti nuo saul\u0117s &scaron;viesos. Laikyti gerai v\u0117dinamoje vietoje.<\/p>\n","protected":false},"excerpt":{"rendered":"<p>GARDEN yra oro gaiviklis, kuriam neatsispirsite d\u0117l plataus kvap\u0173 asortimento ir ilgalaikio poveikio. Tai pakeis j\u016bs\u0173 nam\u0173, biuro ar automobilio atmosfer\u0105. Naudojimo instrukcijos: Prie&scaron; naudojim\u0105 skardin\u0119 gerai suplakite. Pur&scaron;kite 5-10 sekund\u017ei\u0173, laikydami pe\u010di\u0173 lygyje. Atsargumo priemon\u0117s: Tik i&scaron;oriniam naudojimui. Vengti patekimo \u012f akis. Patekus, nedelsiant nuplaukite dideliu kiekiu vandens ir kreipkit\u0117s \u012f gydytoj\u0105. Ne\u012fkv\u0117pti aerozoli\u0173 [&#8230;]\n","protected":false},"featured_media":55382,"template":"","meta":[],"product_cat":[2181],"product_tag":[],"class_list":{"0":"post-55380","1":"product","2":"type-product","3":"status-publish","4":"has-post-thumbnail","6":"product_brand-sora_tr-lt","7":"product_cat-bez-kategorijas-lt","9":"first","10":"outofstock","11":"taxable","12":"shipping-taxable","13":"product-type-simple"},"_links":{"self":[{"href":"https:\/\/e.kosmolat.eu\/lt\/wp-json\/wp\/v2\/product\/55380","targetHints":{"allow":["GET"]}}],"collection":[{"href":"https:\/\/e.kosmolat.eu\/lt\/wp-json\/wp\/v2\/product"}],"about":[{"href":"https:\/\/e.kosmolat.eu\/lt\/wp-json\/wp\/v2\/types\/product"}],"wp:featuredmedia":[{"embeddable":true,"href":"https:\/\/e.kosmolat.eu\/lt\/wp-json\/wp\/v2\/media\/55382"}],"wp:attachment":[{"href":"https:\/\/e.kosmolat.eu\/lt\/wp-json\/wp\/v2\/media?parent=55380"}],"wp:term":[{"taxonomy":"product_cat","embeddable":true,"href":"https:\/\/e.kosmolat.eu\/lt\/wp-json\/wp\/v2\/product_cat?post=55380"},{"taxonomy":"product_tag","embeddable":true,"href":"https:\/\/e.kosmolat.eu\/lt\/wp-json\/wp\/v2\/product_tag?post=55380"}],"curies":[{"name":"wp","href":"https:\/\/api.w.org\/{rel}","templated":true}]}}