{"id":55348,"date":"2024-09-14T04:05:21","date_gmt":"2024-09-14T04:05:21","guid":{"rendered":"https:\/\/e.kosmolat.eu\/product\/eci-barber-series-ultra-hold-matu-vasks-150-ml\/"},"modified":"2026-04-22T09:38:29","modified_gmt":"2026-04-22T09:38:29","slug":"eci-barber-series-ultra-hold-matu-vasks-150-ml","status":"publish","type":"product","link":"https:\/\/e.kosmolat.eu\/lt\/produktas\/eci-barber-series-ultra-hold-matu-vasks-150-ml\/","title":{"rendered":"ECI Barber Series Ultra Hold Va\u0161kas plaukams, 150 ml"},"content":{"rendered":"<p>Va\u0161kas  plaukams yra specialiai sukurtas, kad suteikt\u0173 blizges\u012f ir tvirt\u0105 fiksacij\u0105. Sukurkite unikalias ir k\u016brybi\u0161kas \u0161ukuosenas formuodami plaukus.<\/p>\n<p>Naudojimas: Pir\u0161tais paimkite nedidel\u012f kiek\u012f va\u0161ko ir paskirstykite ant plauk\u0173.<\/p>\n<p>Atsargumo priemon\u0117s: Tik i\u0161oriniam naudojimui. Vengti patekimo \u012f akis. Patekus \u012f akis, gerai i\u0161plauti dideliu kiekiu vandens. Laikyti vaikams nepasiekiamoje vietoje kambario temperat\u016broje. Nenaudoti vaikams iki 3 met\u0173.<\/p>\n","protected":false},"excerpt":{"rendered":"<p>Va\u0161kas plaukams yra specialiai sukurtas, kad suteikt\u0173 blizges\u012f ir tvirt\u0105 fiksacij\u0105. Sukurkite unikalias ir k\u016brybi\u0161kas \u0161ukuosenas formuodami plaukus. Naudojimas: Pir\u0161tais paimkite nedidel\u012f kiek\u012f va\u0161ko ir paskirstykite ant plauk\u0173. Atsargumo priemon\u0117s: Tik i\u0161oriniam naudojimui. Vengti patekimo \u012f akis. Patekus \u012f akis, gerai i\u0161plauti dideliu kiekiu vandens. Laikyti vaikams nepasiekiamoje vietoje kambario temperat\u016broje. Nenaudoti vaikams iki 3 [&#8230;]\n","protected":false},"featured_media":107173,"template":"","meta":[],"product_cat":[2181],"product_tag":[],"class_list":{"0":"post-55348","1":"product","2":"type-product","3":"status-publish","4":"has-post-thumbnail","6":"product_brand-sora_tr-lt","7":"product_cat-bez-kategorijas-lt","9":"first","10":"instock","11":"taxable","12":"shipping-taxable","13":"product-type-simple"},"_links":{"self":[{"href":"https:\/\/e.kosmolat.eu\/lt\/wp-json\/wp\/v2\/product\/55348","targetHints":{"allow":["GET"]}}],"collection":[{"href":"https:\/\/e.kosmolat.eu\/lt\/wp-json\/wp\/v2\/product"}],"about":[{"href":"https:\/\/e.kosmolat.eu\/lt\/wp-json\/wp\/v2\/types\/product"}],"wp:featuredmedia":[{"embeddable":true,"href":"https:\/\/e.kosmolat.eu\/lt\/wp-json\/wp\/v2\/media\/107173"}],"wp:attachment":[{"href":"https:\/\/e.kosmolat.eu\/lt\/wp-json\/wp\/v2\/media?parent=55348"}],"wp:term":[{"taxonomy":"product_cat","embeddable":true,"href":"https:\/\/e.kosmolat.eu\/lt\/wp-json\/wp\/v2\/product_cat?post=55348"},{"taxonomy":"product_tag","embeddable":true,"href":"https:\/\/e.kosmolat.eu\/lt\/wp-json\/wp\/v2\/product_tag?post=55348"}],"curies":[{"name":"wp","href":"https:\/\/api.w.org\/{rel}","templated":true}]}}