{"id":55340,"date":"2024-09-14T04:05:00","date_gmt":"2024-09-14T04:05:00","guid":{"rendered":"https:\/\/e.kosmolat.eu\/product\/eci-barber-series-mega-hold-matu-vasks-150-ml\/"},"modified":"2026-04-24T05:27:37","modified_gmt":"2026-04-24T05:27:37","slug":"eci-barber-series-mega-hold-matu-vasks-150-ml","status":"publish","type":"product","link":"https:\/\/e.kosmolat.eu\/lt\/produktas\/eci-barber-series-mega-hold-matu-vasks-150-ml\/","title":{"rendered":"ECI Barber Series Mega Hold Va\u0161kas plaukams, 150 ml"},"content":{"rendered":"<p>Va\u0161kas plaukams yra specialiai sukurtas, kad suteikt\u0173 blizges\u012f ir itin tvirt\u0105 fiksacij\u0105. Sukurkite unikalias ir k\u016brybi\u0161kas \u0161ukuosenas formuodami plaukus.<\/p>\n<p>Naudojimas: Pir\u0161tais paimkite nedidel\u012f kiek\u012f va\u0161ko ir paskirstykite ant plauk\u0173.<\/p>\n<p>Atsargumo priemon\u0117s: Tik i\u0161oriniam naudojimui. Vengti patekimo \u012f akis. Patekus \u012f akis, gerai i\u0161plauti dideliu kiekiu vandens. Laikyti vaikams nepasiekiamoje vietoje kambario temperat\u016broje. Nenaudoti vaikams iki 3 met\u0173.<\/p>\n","protected":false},"excerpt":{"rendered":"<p>Va\u0161kas plaukams yra specialiai sukurtas, kad suteikt\u0173 blizges\u012f ir itin tvirt\u0105 fiksacij\u0105. Sukurkite unikalias ir k\u016brybi\u0161kas \u0161ukuosenas formuodami plaukus. Naudojimas: Pir\u0161tais paimkite nedidel\u012f kiek\u012f va\u0161ko ir paskirstykite ant plauk\u0173. Atsargumo priemon\u0117s: Tik i\u0161oriniam naudojimui. Vengti patekimo \u012f akis. Patekus \u012f akis, gerai i\u0161plauti dideliu kiekiu vandens. Laikyti vaikams nepasiekiamoje vietoje kambario temperat\u016broje. Nenaudoti vaikams iki [&#8230;]\n","protected":false},"featured_media":107145,"template":"","meta":[],"product_cat":[1688],"product_tag":[],"class_list":{"0":"post-55340","1":"product","2":"type-product","3":"status-publish","4":"has-post-thumbnail","6":"product_brand-sora_tr-lt","7":"product_cat-plauku-prieziura-vyrams-2","9":"first","10":"instock","11":"taxable","12":"shipping-taxable","13":"product-type-simple"},"_links":{"self":[{"href":"https:\/\/e.kosmolat.eu\/lt\/wp-json\/wp\/v2\/product\/55340","targetHints":{"allow":["GET"]}}],"collection":[{"href":"https:\/\/e.kosmolat.eu\/lt\/wp-json\/wp\/v2\/product"}],"about":[{"href":"https:\/\/e.kosmolat.eu\/lt\/wp-json\/wp\/v2\/types\/product"}],"wp:featuredmedia":[{"embeddable":true,"href":"https:\/\/e.kosmolat.eu\/lt\/wp-json\/wp\/v2\/media\/107145"}],"wp:attachment":[{"href":"https:\/\/e.kosmolat.eu\/lt\/wp-json\/wp\/v2\/media?parent=55340"}],"wp:term":[{"taxonomy":"product_cat","embeddable":true,"href":"https:\/\/e.kosmolat.eu\/lt\/wp-json\/wp\/v2\/product_cat?post=55340"},{"taxonomy":"product_tag","embeddable":true,"href":"https:\/\/e.kosmolat.eu\/lt\/wp-json\/wp\/v2\/product_tag?post=55340"}],"curies":[{"name":"wp","href":"https:\/\/api.w.org\/{rel}","templated":true}]}}