{"id":55324,"date":"2024-09-14T04:04:20","date_gmt":"2024-09-14T04:04:20","guid":{"rendered":"https:\/\/e.kosmolat.eu\/product\/eci-barber-series-skusanas-zeleja-3-in-1-700-ml\/"},"modified":"2026-03-20T11:58:38","modified_gmt":"2026-03-20T11:58:38","slug":"eci-barber-series-skusanas-zeleja-3-in-1-700-ml","status":"publish","type":"product","link":"https:\/\/e.kosmolat.eu\/lt\/produktas\/eci-barber-series-skusanas-zeleja-3-in-1-700-ml\/","title":{"rendered":"ECI Barber Series Gelis skutimuisi 3 in 1, 700 ml"},"content":{"rendered":"<p>Odos prie\u017ei\u016bra, dr\u0117kinimas, lengvas skutimas. Specialiai sukurtas gelis jautriai odai u\u017etikrina patog\u0173 ir lengv\u0105 skutim\u0105si net skutant prie\u0161 plauk\u0173 augim\u0105. Suma\u017eina atsparum\u0105 \u0161eriams, tod\u0117l skustuvas skland\u017eiai slysta per od\u0105.<\/p>\n<p>Naudojimas: Nedidel\u012f kiek\u012f gelio u\u017etepkite ant delno ir masa\u017euojamaisiais judesiais paskirstykite ant dr\u0117gno veido. J\u016bs esate pasireng\u0119s i\u0161 karto skustis. Rezultatas: Patogiausias ir maloniausias skutimasis.<\/p>\n<p>Atsargumo priemon\u0117s: Tik i\u0161oriniam naudojimui. Vengti patekimo \u012f akis. Patekus \u012f akis, gerai i\u0161plauti dideliu kiekiu vandens. Laikyti vaikams nepasiekiamoje vietoje<\/p>\n","protected":false},"excerpt":{"rendered":"<p>Odos prie\u017ei\u016bra, dr\u0117kinimas, lengvas skutimas. Specialiai sukurtas gelis jautriai odai u\u017etikrina patog\u0173 ir lengv\u0105 skutim\u0105si net skutant prie\u0161 plauk\u0173 augim\u0105. Suma\u017eina atsparum\u0105 \u0161eriams, tod\u0117l skustuvas skland\u017eiai slysta per od\u0105. Naudojimas: Nedidel\u012f kiek\u012f gelio u\u017etepkite ant delno ir masa\u017euojamaisiais judesiais paskirstykite ant dr\u0117gno veido. J\u016bs esate pasireng\u0119s i\u0161 karto skustis. Rezultatas: Patogiausias ir maloniausias skutimasis. Atsargumo [&#8230;]\n","protected":false},"featured_media":98916,"template":"","meta":[],"product_cat":[2181],"product_tag":[],"class_list":{"0":"post-55324","1":"product","2":"type-product","3":"status-publish","4":"has-post-thumbnail","6":"product_brand-sora_tr-lt","7":"product_cat-bez-kategorijas-lt","9":"first","10":"instock","11":"taxable","12":"shipping-taxable","13":"product-type-simple"},"_links":{"self":[{"href":"https:\/\/e.kosmolat.eu\/lt\/wp-json\/wp\/v2\/product\/55324","targetHints":{"allow":["GET"]}}],"collection":[{"href":"https:\/\/e.kosmolat.eu\/lt\/wp-json\/wp\/v2\/product"}],"about":[{"href":"https:\/\/e.kosmolat.eu\/lt\/wp-json\/wp\/v2\/types\/product"}],"wp:featuredmedia":[{"embeddable":true,"href":"https:\/\/e.kosmolat.eu\/lt\/wp-json\/wp\/v2\/media\/98916"}],"wp:attachment":[{"href":"https:\/\/e.kosmolat.eu\/lt\/wp-json\/wp\/v2\/media?parent=55324"}],"wp:term":[{"taxonomy":"product_cat","embeddable":true,"href":"https:\/\/e.kosmolat.eu\/lt\/wp-json\/wp\/v2\/product_cat?post=55324"},{"taxonomy":"product_tag","embeddable":true,"href":"https:\/\/e.kosmolat.eu\/lt\/wp-json\/wp\/v2\/product_tag?post=55324"}],"curies":[{"name":"wp","href":"https:\/\/api.w.org\/{rel}","templated":true}]}}