{"id":55048,"date":"2024-08-28T04:02:24","date_gmt":"2024-08-28T04:02:24","guid":{"rendered":"https:\/\/e.kosmolat.eu\/product\/serija-03-zeleja-balzams-badjaga-75-ml\/"},"modified":"2025-09-19T18:39:12","modified_gmt":"2025-09-19T18:39:12","slug":"serija-03-zeleja-balzams-badjaga-75-ml","status":"publish","type":"product","link":"https:\/\/e.kosmolat.eu\/lt\/produktas\/serija-03-zeleja-balzams-badjaga-75-ml\/","title":{"rendered":"&#8220;Serija 03&#8221; K\u016bno gelis-balzamas &#8220;Bodiaga&#8221; 75ml"},"content":{"rendered":"<p>Odos prie\u017ei\u016bros priemon\u0117 esant sumu\u0161imams ir m\u0117lyn\u0117ms. Bodiaga &ndash; unikali nat\u016brali priemon\u0117, pagreitina m\u0117lyni\u0173 regeneracij\u0105, turi atsinaujinimo poveik\u012f, sustiprina apytakos procesus, kolageno ir elastino veikl\u0105, padeda sustiprinti apsaugines funkcijas. Naudojimo b\u016bdas: tepkite ant \u0161varios &nbsp;problemin\u0117s vietos, lengvai pamasa\u017euokite, tepkite 2 kartus per dien\u0105. Atsargumo priemon\u0117s: venkite patekimo \u012f akis ir burn\u0105. Jei pateko, nedelsiant praplaukite dideliu \u0161ilto vandens kiekiu. Tik i\u0161oriniam naudojimui. Kontraindikacijos: individualus komponent\u0173 netoleravimas. Tai n\u0117ra vaistas. Laikymo s\u0105lygos: laikyti nuo +5&deg;C iki 25&deg;C temperat\u016broje, vaikams nepasiekiamoje vietoje. Venkite tiesiogini\u0173 saul\u0117s spinduli\u0173.&nbsp;<\/p>\n","protected":false},"excerpt":{"rendered":"<p>Odos prie\u017ei\u016bros priemon\u0117 esant sumu\u0161imams ir m\u0117lyn\u0117ms. Bodiaga &ndash; unikali nat\u016brali priemon\u0117, pagreitina m\u0117lyni\u0173 regeneracij\u0105, turi atsinaujinimo poveik\u012f, sustiprina apytakos procesus, kolageno ir elastino veikl\u0105, padeda sustiprinti apsaugines funkcijas. Naudojimo b\u016bdas: tepkite ant \u0161varios &nbsp;problemin\u0117s vietos, lengvai pamasa\u017euokite, tepkite 2 kartus per dien\u0105. Atsargumo priemon\u0117s: venkite patekimo \u012f akis ir burn\u0105. Jei pateko, nedelsiant praplaukite [&#8230;]\n","protected":false},"featured_media":82002,"template":"","meta":[],"product_cat":[1390],"product_tag":[],"class_list":{"0":"post-55048","1":"product","2":"type-product","3":"status-publish","4":"has-post-thumbnail","6":"product_brand-malina-akcija-lt","7":"product_cat-kremai-aliejai-kuno-pienelis","9":"first","10":"outofstock","11":"taxable","12":"shipping-taxable","13":"product-type-simple"},"_links":{"self":[{"href":"https:\/\/e.kosmolat.eu\/lt\/wp-json\/wp\/v2\/product\/55048","targetHints":{"allow":["GET"]}}],"collection":[{"href":"https:\/\/e.kosmolat.eu\/lt\/wp-json\/wp\/v2\/product"}],"about":[{"href":"https:\/\/e.kosmolat.eu\/lt\/wp-json\/wp\/v2\/types\/product"}],"wp:featuredmedia":[{"embeddable":true,"href":"https:\/\/e.kosmolat.eu\/lt\/wp-json\/wp\/v2\/media\/82002"}],"wp:attachment":[{"href":"https:\/\/e.kosmolat.eu\/lt\/wp-json\/wp\/v2\/media?parent=55048"}],"wp:term":[{"taxonomy":"product_cat","embeddable":true,"href":"https:\/\/e.kosmolat.eu\/lt\/wp-json\/wp\/v2\/product_cat?post=55048"},{"taxonomy":"product_tag","embeddable":true,"href":"https:\/\/e.kosmolat.eu\/lt\/wp-json\/wp\/v2\/product_tag?post=55048"}],"curies":[{"name":"wp","href":"https:\/\/api.w.org\/{rel}","templated":true}]}}