{"id":54981,"date":"2024-08-15T03:50:00","date_gmt":"2024-08-15T03:50:00","guid":{"rendered":"https:\/\/e.kosmolat.eu\/product\/master-lux-prof-tonejos-matu-maska-tonis-sudraba-200-ml\/"},"modified":"2026-04-18T11:22:30","modified_gmt":"2026-04-18T11:22:30","slug":"master-lux-prof-tonejos-matu-maska-tonis-sudraba-200-ml","status":"publish","type":"product","link":"https:\/\/e.kosmolat.eu\/lt\/produktas\/master-lux-prof-tonejos-matu-maska-tonis-sudraba-200-ml\/","title":{"rendered":"MASTER LUX Professional Tonuojanti plauk\u0173 kauk\u0117, tonas Sidabrinis, 200 ml"},"content":{"rendered":"<p>K\u016brybiniam laikinam \u0161viesint\u0173 ir \u0161viesi\u0173 plauk\u0173 da\u017eymui ry\u0161kiais arba pasteliniais atspalviais. Formul\u0117, pagr\u012fsta tiesioginiais pigmentais su keratinu ir pantenoliu. Sud\u0117tyje n\u0117ra amoniako. Nesimai\u0161o su oksidatoriumi. Linijos spalvos sumai\u0161omos, kad b\u016bt\u0173 sukurti atskiri atspalviai. <\/p>\n<p>NAUDOJIMAS: m\u016bv\u0117kite pir\u0161tines. Tonuojan\u010di\u0105  kauk\u0119 tolygiai paskirstykite ant i\u0161plaut\u0173, rank\u0161luos\u010diu nusausint\u0173 plauk\u0173. \u0160ukomis tolygiai paskirstykite per vis\u0105 ilg\u012f. Da\u017eymo laikas 5-20 minu\u010di\u0173, priklausomai nuo norimo atspalvio intensyvumo. Nuplaukite vandeniu. Spalvos stabilumas priklauso nuo pasirinkto atspalvio, plauk\u0173 strukt\u016bros ir naudojimo laiko. Spalva i\u0161lieka iki 10 plauk\u0173 plovim\u0173.<\/p>\n<p>ATSARGUMO PRIEMON\u0116S: atid\u017eiai perskaitykite naudojimo instrukcij\u0105. Nerekomenduojama jaunesniems nei 16 met\u0173 asmenims. Gali pasireik\u0161ti alergin\u0117 reakcija. Laikinos juodosios chna tatuiruot\u0117s padidina alergin\u0117s reakcijos rizik\u0105. Nor\u0117dami atlikti jautrumo test\u0105, nedidel\u012f kiek\u012f plonu sluoksniu u\u017etepkite ant vidin\u0117s alk\u016bn\u0117s pus\u0117s ir palikite 30 minu\u010di\u0173. Kruop\u0161\u010diai nuplaukite mi\u0161in\u012f \u0161iltu vandeniu. Jei bandymo metu arba per 24 valandas atsiranda reakcija, \u0161io gaminio nenaudokite. Nenaudoti, jei: i\u0161b\u0117r\u0117 veid\u0105, jautri, pa\u017eeista, sudirgusi galvos oda, jau buvo pasirei\u0161kusios alergin\u0117s reakcijos po da\u017eymo ar laikinos tatuiruot\u0117s juod\u0105ja chna. Vengti patekimo \u012f akis! Patekus \u012f akis, nedelsiant jas praplauti vandeniu.<\/p>\n<p>LAIKYMO S\u0104LYGOS: laikyti nuo +5\u00b0C iki +25\u00b0C temperat\u016broje. Laikymo metu produktas neturi b\u016bti veikiamas tiesiogini\u0173 saul\u0117s spinduli\u0173. Neleid\u017eiama produkto laikyti ma\u017eesniu nei 0,5 m atstumu nuo \u012fjungt\u0173 \u0161ildymo prietais\u0173. Laikyti vaikams nepasiekiamoje vietoje Tu\u0161\u010dias pakuotes i\u0161meskite kaip buitines atliekas.<\/p>\n","protected":false},"excerpt":{"rendered":"<p>K\u016brybiniam laikinam \u0161viesint\u0173 ir \u0161viesi\u0173 plauk\u0173 da\u017eymui ry\u0161kiais arba pasteliniais atspalviais. Formul\u0117, pagr\u012fsta tiesioginiais pigmentais su keratinu ir pantenoliu. Sud\u0117tyje n\u0117ra amoniako. Nesimai\u0161o su oksidatoriumi. Linijos spalvos sumai\u0161omos, kad b\u016bt\u0173 sukurti atskiri atspalviai. NAUDOJIMAS: m\u016bv\u0117kite pir\u0161tines. Tonuojan\u010di\u0105 kauk\u0119 tolygiai paskirstykite ant i\u0161plaut\u0173, rank\u0161luos\u010diu nusausint\u0173 plauk\u0173. \u0160ukomis tolygiai paskirstykite per vis\u0105 ilg\u012f. Da\u017eymo laikas 5-20 minu\u010di\u0173, [&#8230;]\n","protected":false},"featured_media":97241,"template":"","meta":[],"product_cat":[1299],"product_tag":[],"class_list":{"0":"post-54981","1":"product","2":"type-product","3":"status-publish","4":"has-post-thumbnail","6":"product_brand-supermash_ua-lt","7":"product_cat-tonizuojancios-priemones-plaukams","9":"first","10":"instock","11":"taxable","12":"shipping-taxable","13":"product-type-simple"},"_links":{"self":[{"href":"https:\/\/e.kosmolat.eu\/lt\/wp-json\/wp\/v2\/product\/54981","targetHints":{"allow":["GET"]}}],"collection":[{"href":"https:\/\/e.kosmolat.eu\/lt\/wp-json\/wp\/v2\/product"}],"about":[{"href":"https:\/\/e.kosmolat.eu\/lt\/wp-json\/wp\/v2\/types\/product"}],"wp:featuredmedia":[{"embeddable":true,"href":"https:\/\/e.kosmolat.eu\/lt\/wp-json\/wp\/v2\/media\/97241"}],"wp:attachment":[{"href":"https:\/\/e.kosmolat.eu\/lt\/wp-json\/wp\/v2\/media?parent=54981"}],"wp:term":[{"taxonomy":"product_cat","embeddable":true,"href":"https:\/\/e.kosmolat.eu\/lt\/wp-json\/wp\/v2\/product_cat?post=54981"},{"taxonomy":"product_tag","embeddable":true,"href":"https:\/\/e.kosmolat.eu\/lt\/wp-json\/wp\/v2\/product_tag?post=54981"}],"curies":[{"name":"wp","href":"https:\/\/api.w.org\/{rel}","templated":true}]}}