{"id":54964,"date":"2024-08-09T04:02:28","date_gmt":"2024-08-09T04:02:28","guid":{"rendered":"https:\/\/e.kosmolat.eu\/product\/zimulu-asinamais-4104\/"},"modified":"2026-04-09T16:26:54","modified_gmt":"2026-04-09T16:26:54","slug":"zimulu-asinamais-4104","status":"publish","type":"product","link":"https:\/\/e.kosmolat.eu\/lt\/produktas\/zimulu-asinamais-4104\/","title":{"rendered":"DONEGAL Pie\u0161tuk\u0173 dro\u017etukas"},"content":{"rendered":"<p>Pie\u0161tuk\u0173 dro\u017etukas.<\/p>\n","protected":false},"excerpt":{"rendered":"<p>Pie\u0161tuk\u0173 dro\u017etukas.<\/p>\n","protected":false},"featured_media":80070,"template":"","meta":[],"product_cat":[1554],"product_tag":[],"class_list":{"0":"post-54964","1":"product","2":"type-product","3":"status-publish","4":"has-post-thumbnail","6":"product_brand-donegal-sp-zo-o-_pl-lt","7":"product_cat-irankiai-ir-smulkmenos","9":"first","10":"instock","11":"taxable","12":"shipping-taxable","13":"product-type-simple"},"_links":{"self":[{"href":"https:\/\/e.kosmolat.eu\/lt\/wp-json\/wp\/v2\/product\/54964","targetHints":{"allow":["GET"]}}],"collection":[{"href":"https:\/\/e.kosmolat.eu\/lt\/wp-json\/wp\/v2\/product"}],"about":[{"href":"https:\/\/e.kosmolat.eu\/lt\/wp-json\/wp\/v2\/types\/product"}],"wp:featuredmedia":[{"embeddable":true,"href":"https:\/\/e.kosmolat.eu\/lt\/wp-json\/wp\/v2\/media\/80070"}],"wp:attachment":[{"href":"https:\/\/e.kosmolat.eu\/lt\/wp-json\/wp\/v2\/media?parent=54964"}],"wp:term":[{"taxonomy":"product_cat","embeddable":true,"href":"https:\/\/e.kosmolat.eu\/lt\/wp-json\/wp\/v2\/product_cat?post=54964"},{"taxonomy":"product_tag","embeddable":true,"href":"https:\/\/e.kosmolat.eu\/lt\/wp-json\/wp\/v2\/product_tag?post=54964"}],"curies":[{"name":"wp","href":"https:\/\/api.w.org\/{rel}","templated":true}]}}