{"id":54956,"date":"2024-08-09T04:00:37","date_gmt":"2024-08-09T04:00:37","guid":{"rendered":"https:\/\/e.kosmolat.eu\/product\/donegal-suklis-sejas-tirisanai\/"},"modified":"2026-04-09T16:35:00","modified_gmt":"2026-04-09T16:35:00","slug":"suklis-sejas-tirisanai","status":"publish","type":"product","link":"https:\/\/e.kosmolat.eu\/lt\/produktas\/suklis-sejas-tirisanai\/","title":{"rendered":"DONEGAL Kempin\u0117l\u0117 veido valymui"},"content":{"rendered":"<p>Valomoji kempin\u0117 skirta makia\u017eui nuvalyti ir kasdienei veido prie\u017ei\u016brai. Idealiai tinka blakstien\u0173 tu\u0161ui, aki\u0173 pie\u0161tukui, aki\u0173 \u0161e\u0161\u0117liams, pagrindui, kauk\u0117ms ar pilingams nuvalyti. Palieka od\u0105 skaidri\u0105, \u0161velni\u0105 ir lygi\u0105. &Scaron;is produktas gali b\u016bti naudojamas veido, kaklo ir dekolt\u0117 masa\u017eui.<br \/>\n<strong>Naudojimo instrukcijos:<\/strong> Sudr\u0117kinkite valom\u0105j\u0105 kempin\u0119 ir i\u0161gr\u0119\u017ekite vandens pertekli\u0173. Galite naudoti su \u0161variu vandeniu arba savo m\u0117gstamu valikliu.<br \/>\nNuvalykite makia\u017e\u0105 ir nuvalykite veid\u0105 sukamaisiais judesiais. Produktas puikiai tinka vis\u0173 tip\u0173 odai, \u012fskaitant jautri\u0105 od\u0105 ir gle\u017en\u0105 od\u0105 aplink akis. Po kiekvieno naudojimo kempin\u0119 nuplaukite nedideliu kiekiu \u0161velnaus biologinio ploviklio ir leiskite i\u0161d\u017ei\u016bti.<br \/>\n&nbsp;<\/p>\n","protected":false},"excerpt":{"rendered":"<p>Valomoji kempin\u0117 skirta makia\u017eui nuvalyti ir kasdienei veido prie\u017ei\u016brai. Idealiai tinka blakstien\u0173 tu\u0161ui, aki\u0173 pie\u0161tukui, aki\u0173 \u0161e\u0161\u0117liams, pagrindui, kauk\u0117ms ar pilingams nuvalyti. Palieka od\u0105 skaidri\u0105, \u0161velni\u0105 ir lygi\u0105. &Scaron;is produktas gali b\u016bti naudojamas veido, kaklo ir dekolt\u0117 masa\u017eui. Naudojimo instrukcijos: Sudr\u0117kinkite valom\u0105j\u0105 kempin\u0119 ir i\u0161gr\u0119\u017ekite vandens pertekli\u0173. Galite naudoti su \u0161variu vandeniu arba savo m\u0117gstamu [&#8230;]\n","protected":false},"featured_media":105516,"template":"","meta":[],"product_cat":[1551],"product_tag":[],"class_list":{"0":"post-54956","1":"product","2":"type-product","3":"status-publish","4":"has-post-thumbnail","6":"product_brand-donegal-sp-zo-o-_pl-lt","7":"product_cat-kempineles-ir-aplikatoriai","9":"first","10":"instock","11":"taxable","12":"shipping-taxable","13":"product-type-simple"},"_links":{"self":[{"href":"https:\/\/e.kosmolat.eu\/lt\/wp-json\/wp\/v2\/product\/54956","targetHints":{"allow":["GET"]}}],"collection":[{"href":"https:\/\/e.kosmolat.eu\/lt\/wp-json\/wp\/v2\/product"}],"about":[{"href":"https:\/\/e.kosmolat.eu\/lt\/wp-json\/wp\/v2\/types\/product"}],"wp:featuredmedia":[{"embeddable":true,"href":"https:\/\/e.kosmolat.eu\/lt\/wp-json\/wp\/v2\/media\/105516"}],"wp:attachment":[{"href":"https:\/\/e.kosmolat.eu\/lt\/wp-json\/wp\/v2\/media?parent=54956"}],"wp:term":[{"taxonomy":"product_cat","embeddable":true,"href":"https:\/\/e.kosmolat.eu\/lt\/wp-json\/wp\/v2\/product_cat?post=54956"},{"taxonomy":"product_tag","embeddable":true,"href":"https:\/\/e.kosmolat.eu\/lt\/wp-json\/wp\/v2\/product_tag?post=54956"}],"curies":[{"name":"wp","href":"https:\/\/api.w.org\/{rel}","templated":true}]}}