{"id":54932,"date":"2024-08-03T04:00:38","date_gmt":"2024-08-03T04:00:38","guid":{"rendered":"https:\/\/e.kosmolat.eu\/product\/i_oblepiha-organica-micelarais-losjons-delikatai-makijazas-nonemsanai-150-ml\/"},"modified":"2025-09-19T22:31:28","modified_gmt":"2025-09-19T22:31:28","slug":"i_oblepiha-organica-micelarais-losjons-delikatai-makijazas-nonemsanai-150-ml","status":"publish","type":"product","link":"https:\/\/e.kosmolat.eu\/lt\/produktas\/i_oblepiha-organica-micelarais-losjons-delikatai-makijazas-nonemsanai-150-ml\/","title":{"rendered":"BELKOSMEX Oblepiha Organica Micelinis vanduo delikatus makia\u017eo valymas 150 ml"},"content":{"rendered":"<p>Veiksming\u0173 ingredient\u0173 prisotinta losjono formul\u0117 leid\u017eia lengvai ir efektyviai pa\u0161alinti ne\u0161varumus ir kosmetikos liku\u010dius nuo odos.<br \/>\nEkologi\u0161kame \u0161altalanki\u0173 aliejuje i\u0161skirtinai gausu biologi\u0161kai aktyvi\u0173 med\u017eiag\u0173 (vitamin\u0173, mikroelement\u0173, riebal\u0173 r\u016bg\u0161\u010di\u0173). Maitina od\u0105, neleid\u017eia i\u0161saus\u0117ti ir pleiskanoti, gr\u0105\u017eina komforto jausm\u0105.<br \/>\nNat\u016bral\u016bs \u0161alavij\u0173 ir \u0161altalanki\u0173 ekstraktai tonizuoja ir atgaivina pavargusi\u0105 od\u0105 po dienos streso.<br \/>\nNaudojimas: U\u017etepkite ant vatos diskelio, nuvalykite od\u0105 ma\u017eiausiai tempimo linija. U\u017ebaikite valym\u0105 vandeniu arba toniku.<\/p>\n","protected":false},"excerpt":{"rendered":"<p>Veiksming\u0173 ingredient\u0173 prisotinta losjono formul\u0117 leid\u017eia lengvai ir efektyviai pa\u0161alinti ne\u0161varumus ir kosmetikos liku\u010dius nuo odos. Ekologi\u0161kame \u0161altalanki\u0173 aliejuje i\u0161skirtinai gausu biologi\u0161kai aktyvi\u0173 med\u017eiag\u0173 (vitamin\u0173, mikroelement\u0173, riebal\u0173 r\u016bg\u0161\u010di\u0173). Maitina od\u0105, neleid\u017eia i\u0161saus\u0117ti ir pleiskanoti, gr\u0105\u017eina komforto jausm\u0105. Nat\u016bral\u016bs \u0161alavij\u0173 ir \u0161altalanki\u0173 ekstraktai tonizuoja ir atgaivina pavargusi\u0105 od\u0105 po dienos streso. Naudojimas: U\u017etepkite ant vatos diskelio, [&#8230;]\n","protected":false},"featured_media":86198,"template":"","meta":[],"product_cat":[1580],"product_tag":[],"class_list":{"0":"post-54932","1":"product","2":"type-product","3":"status-publish","4":"has-post-thumbnail","6":"product_brand-belkosmex_by-lt","7":"product_cat-losjonai-ir-tonikai","9":"first","10":"outofstock","11":"taxable","12":"shipping-taxable","13":"product-type-simple"},"_links":{"self":[{"href":"https:\/\/e.kosmolat.eu\/lt\/wp-json\/wp\/v2\/product\/54932","targetHints":{"allow":["GET"]}}],"collection":[{"href":"https:\/\/e.kosmolat.eu\/lt\/wp-json\/wp\/v2\/product"}],"about":[{"href":"https:\/\/e.kosmolat.eu\/lt\/wp-json\/wp\/v2\/types\/product"}],"wp:featuredmedia":[{"embeddable":true,"href":"https:\/\/e.kosmolat.eu\/lt\/wp-json\/wp\/v2\/media\/86198"}],"wp:attachment":[{"href":"https:\/\/e.kosmolat.eu\/lt\/wp-json\/wp\/v2\/media?parent=54932"}],"wp:term":[{"taxonomy":"product_cat","embeddable":true,"href":"https:\/\/e.kosmolat.eu\/lt\/wp-json\/wp\/v2\/product_cat?post=54932"},{"taxonomy":"product_tag","embeddable":true,"href":"https:\/\/e.kosmolat.eu\/lt\/wp-json\/wp\/v2\/product_tag?post=54932"}],"curies":[{"name":"wp","href":"https:\/\/api.w.org\/{rel}","templated":true}]}}