{"id":54914,"date":"2024-08-01T05:36:11","date_gmt":"2024-08-01T05:36:11","guid":{"rendered":"https:\/\/e.kosmolat.eu\/product\/fresh-juice-%d0%barems-sviests-kermenim-passion-fruit-macadamia-225-ml\/"},"modified":"2026-04-21T07:44:07","modified_gmt":"2026-04-21T07:44:07","slug":"fresh-juice-%d0%barems-sviests-kermenim-passion-fruit-macadamia-225-ml","status":"publish","type":"product","link":"https:\/\/e.kosmolat.eu\/lt\/produktas\/fresh-juice-%d0%barems-sviests-kermenim-passion-fruit-macadamia-225-ml\/","title":{"rendered":"FRESH JUICE K\u016bno kremas-sviestas Passion Fruit &#038; Macadamia, 225 ml"},"content":{"rendered":"<p>Tirpstantis k\u016bno sviestas efektyviai r\u016bpinasi net ir sausiausia oda, j\u0105 maitina ir mink\u0161tina. Sud\u0117tis praturtinta pasiflor\u0173 ekstraktu. Makadamij\u0173 aliejus ir taukmed\u017ei\u0173 sviestas dr\u0117kina od\u0105, suteikia jai glotnumo ir elastingumo. <\/p>\n<p>Dermatologi\u0161kai patikrintas.<\/p>\n<p>Naudojimas: tepkite ant \u0161varios, sausos odos lengvais masa\u017euojamaisiais judesiais.<\/p>\n<p>Atsargumo priemon\u0117s: individualus jautrumas atskiriems komponentams.<\/p>\n","protected":false},"excerpt":{"rendered":"<p>Tirpstantis k\u016bno sviestas efektyviai r\u016bpinasi net ir sausiausia oda, j\u0105 maitina ir mink\u0161tina. Sud\u0117tis praturtinta pasiflor\u0173 ekstraktu. Makadamij\u0173 aliejus ir taukmed\u017ei\u0173 sviestas dr\u0117kina od\u0105, suteikia jai glotnumo ir elastingumo. Dermatologi\u0161kai patikrintas. Naudojimas: tepkite ant \u0161varios, sausos odos lengvais masa\u017euojamaisiais judesiais. Atsargumo priemon\u0117s: individualus jautrumas atskiriems komponentams.<\/p>\n","protected":false},"featured_media":54916,"template":"","meta":[],"product_cat":[1390],"product_tag":[],"class_list":{"0":"post-54914","1":"product","2":"type-product","3":"status-publish","4":"has-post-thumbnail","6":"product_brand-elfa_ua-lt","7":"product_cat-kremai-aliejai-kuno-pienelis","9":"first","10":"instock","11":"taxable","12":"shipping-taxable","13":"product-type-simple"},"_links":{"self":[{"href":"https:\/\/e.kosmolat.eu\/lt\/wp-json\/wp\/v2\/product\/54914","targetHints":{"allow":["GET"]}}],"collection":[{"href":"https:\/\/e.kosmolat.eu\/lt\/wp-json\/wp\/v2\/product"}],"about":[{"href":"https:\/\/e.kosmolat.eu\/lt\/wp-json\/wp\/v2\/types\/product"}],"wp:featuredmedia":[{"embeddable":true,"href":"https:\/\/e.kosmolat.eu\/lt\/wp-json\/wp\/v2\/media\/54916"}],"wp:attachment":[{"href":"https:\/\/e.kosmolat.eu\/lt\/wp-json\/wp\/v2\/media?parent=54914"}],"wp:term":[{"taxonomy":"product_cat","embeddable":true,"href":"https:\/\/e.kosmolat.eu\/lt\/wp-json\/wp\/v2\/product_cat?post=54914"},{"taxonomy":"product_tag","embeddable":true,"href":"https:\/\/e.kosmolat.eu\/lt\/wp-json\/wp\/v2\/product_tag?post=54914"}],"curies":[{"name":"wp","href":"https:\/\/api.w.org\/{rel}","templated":true}]}}