{"id":54906,"date":"2024-08-01T05:11:31","date_gmt":"2024-08-01T05:11:31","guid":{"rendered":"https:\/\/e.kosmolat.eu\/product\/fj-krems-sviests-kermenim-sokolade-marcipans-225-ml\/"},"modified":"2026-04-17T06:58:34","modified_gmt":"2026-04-17T06:58:34","slug":"fj-krems-sviests-kermenim-sokolade-marcipans-225-ml","status":"publish","type":"product","link":"https:\/\/e.kosmolat.eu\/lt\/produktas\/fj-krems-sviests-kermenim-sokolade-marcipans-225-ml\/","title":{"rendered":"FRESH JUICE K\u016bno kremas-sviestas Chocolate &#038; Marzipan, 225 ml"},"content":{"rendered":"<p>Maitina ir mink\u0161tina sausiausi\u0105 od\u0105. Sud\u0117tis praturtinta migdol\u0173, taukmed\u017ei\u0173 ir kakavos aliejais, kurie suteikia odai glotnumo ir elastingumo. Dermatologi\u0161kai patikrintas.<\/p>\n<p>Naudojimas: tepkite ant \u0161varios, sausos odos lengvais masa\u017euojamaisiais judesiais.<\/p>\n<p>Atsargumo priemon\u0117s: individualus jautrumas atskiriems komponentams.<\/p>\n","protected":false},"excerpt":{"rendered":"<p>Maitina ir mink\u0161tina sausiausi\u0105 od\u0105. Sud\u0117tis praturtinta migdol\u0173, taukmed\u017ei\u0173 ir kakavos aliejais, kurie suteikia odai glotnumo ir elastingumo. Dermatologi\u0161kai patikrintas. Naudojimas: tepkite ant \u0161varios, sausos odos lengvais masa\u017euojamaisiais judesiais. Atsargumo priemon\u0117s: individualus jautrumas atskiriems komponentams.<\/p>\n","protected":false},"featured_media":80482,"template":"","meta":[],"product_cat":[2181],"product_tag":[],"class_list":{"0":"post-54906","1":"product","2":"type-product","3":"status-publish","4":"has-post-thumbnail","6":"product_brand-elfa_ua-lt","7":"product_cat-bez-kategorijas-lt","9":"first","10":"instock","11":"taxable","12":"shipping-taxable","13":"product-type-simple"},"_links":{"self":[{"href":"https:\/\/e.kosmolat.eu\/lt\/wp-json\/wp\/v2\/product\/54906","targetHints":{"allow":["GET"]}}],"collection":[{"href":"https:\/\/e.kosmolat.eu\/lt\/wp-json\/wp\/v2\/product"}],"about":[{"href":"https:\/\/e.kosmolat.eu\/lt\/wp-json\/wp\/v2\/types\/product"}],"wp:featuredmedia":[{"embeddable":true,"href":"https:\/\/e.kosmolat.eu\/lt\/wp-json\/wp\/v2\/media\/80482"}],"wp:attachment":[{"href":"https:\/\/e.kosmolat.eu\/lt\/wp-json\/wp\/v2\/media?parent=54906"}],"wp:term":[{"taxonomy":"product_cat","embeddable":true,"href":"https:\/\/e.kosmolat.eu\/lt\/wp-json\/wp\/v2\/product_cat?post=54906"},{"taxonomy":"product_tag","embeddable":true,"href":"https:\/\/e.kosmolat.eu\/lt\/wp-json\/wp\/v2\/product_tag?post=54906"}],"curies":[{"name":"wp","href":"https:\/\/api.w.org\/{rel}","templated":true}]}}