{"id":54829,"date":"2024-07-27T23:20:53","date_gmt":"2024-07-27T23:20:53","guid":{"rendered":"https:\/\/e.kosmolat.eu\/product\/relouis-pro-liquid-strobing-kremv-hailaiteris-20-tonis-rose-4-g\/"},"modified":"2026-02-18T06:49:32","modified_gmt":"2026-02-18T06:49:32","slug":"relouis-pro-20-liquid-strobing-kremv-hailaiteris-rose-4-g","status":"publish","type":"product","link":"https:\/\/e.kosmolat.eu\/lt\/produktas\/relouis-pro-20-liquid-strobing-kremv-hailaiteris-rose-4-g\/","title":{"rendered":"RELOUIS PRO Liquid Strobing kreminis hailaiteris, tonas 20 rose, 4 g"},"content":{"rendered":"<p>Kremin\u0117s tekst\u016bros; nat\u016bralus \u0161vyt\u0117jimas; momentinis odos transformavimas; \u0161viesus \u0161e\u0161\u0117liavimas; sud\u0117tyje yra hialurono r\u016bg\u0161ties.<\/p>\n<p>Naudojimo instrukcija: aplikatoriumi tepkite tas veido vietas, kurias reikia pabr\u0117\u017eti, ir \u0161velniai sumai\u0161ykite.<\/p>\n<p>Laikyti nuo +5\u00b0C iki +25\u00b0C temperat\u016broje.<\/p>\n","protected":false},"excerpt":{"rendered":"<p>Kremin\u0117s tekst\u016bros; nat\u016bralus \u0161vyt\u0117jimas; momentinis odos transformavimas; \u0161viesus \u0161e\u0161\u0117liavimas; sud\u0117tyje yra hialurono r\u016bg\u0161ties. Naudojimo instrukcija: aplikatoriumi tepkite tas veido vietas, kurias reikia pabr\u0117\u017eti, ir \u0161velniai sumai\u0161ykite. Laikyti nuo +5\u00b0C iki +25\u00b0C temperat\u016broje.<\/p>\n","protected":false},"featured_media":101258,"template":"","meta":[],"product_cat":[1490],"product_tag":[],"class_list":{"0":"post-54829","1":"product","2":"type-product","3":"status-publish","4":"has-post-thumbnail","6":"product_brand-relui-bel_by-lt","7":"product_cat-korektoriai","9":"first","10":"outofstock","11":"taxable","12":"shipping-taxable","13":"product-type-simple"},"_links":{"self":[{"href":"https:\/\/e.kosmolat.eu\/lt\/wp-json\/wp\/v2\/product\/54829","targetHints":{"allow":["GET"]}}],"collection":[{"href":"https:\/\/e.kosmolat.eu\/lt\/wp-json\/wp\/v2\/product"}],"about":[{"href":"https:\/\/e.kosmolat.eu\/lt\/wp-json\/wp\/v2\/types\/product"}],"wp:featuredmedia":[{"embeddable":true,"href":"https:\/\/e.kosmolat.eu\/lt\/wp-json\/wp\/v2\/media\/101258"}],"wp:attachment":[{"href":"https:\/\/e.kosmolat.eu\/lt\/wp-json\/wp\/v2\/media?parent=54829"}],"wp:term":[{"taxonomy":"product_cat","embeddable":true,"href":"https:\/\/e.kosmolat.eu\/lt\/wp-json\/wp\/v2\/product_cat?post=54829"},{"taxonomy":"product_tag","embeddable":true,"href":"https:\/\/e.kosmolat.eu\/lt\/wp-json\/wp\/v2\/product_tag?post=54829"}],"curies":[{"name":"wp","href":"https:\/\/api.w.org\/{rel}","templated":true}]}}