{"id":54813,"date":"2024-07-27T22:56:01","date_gmt":"2024-07-27T22:56:01","guid":{"rendered":"https:\/\/e.kosmolat.eu\/product\/relouis-pro-highlighter-kompakts-hailaiteris-02-tonis-champagne-4-g\/"},"modified":"2025-03-28T08:00:25","modified_gmt":"2025-03-28T08:00:25","slug":"relouis-pro-02-highlighter-kompakts-hailaiteris-champagne-4-g","status":"publish","type":"product","link":"https:\/\/e.kosmolat.eu\/lt\/produktas\/relouis-pro-02-highlighter-kompakts-hailaiteris-champagne-4-g\/","title":{"rendered":"RELOUIS PRO Highlighter Compact, tonas 02 Champagne, 4 g"},"content":{"rendered":"<p>Naudojimo instrukcija: teptuku tepkite tas veido vietas, kurias reikia pabr\u0117\u017eti, ir \u0161velniai paskleiskite.<\/p>\n<p>Laikyti nuo 0\u00b0C iki +25\u00b0C temperat\u016broje.<\/p>\n","protected":false},"excerpt":{"rendered":"<p>Naudojimo instrukcija: teptuku tepkite tas veido vietas, kurias reikia pabr\u0117\u017eti, ir \u0161velniai paskleiskite. Laikyti nuo 0\u00b0C iki +25\u00b0C temperat\u016broje.<\/p>\n","protected":false},"featured_media":54815,"template":"","meta":[],"product_cat":[1487],"product_tag":[],"class_list":{"0":"post-54813","1":"product","2":"type-product","3":"status-publish","4":"has-post-thumbnail","6":"product_brand-relui-bel_by-lt","7":"product_cat-pudros","9":"first","10":"instock","11":"taxable","12":"shipping-taxable","13":"product-type-simple"},"_links":{"self":[{"href":"https:\/\/e.kosmolat.eu\/lt\/wp-json\/wp\/v2\/product\/54813","targetHints":{"allow":["GET"]}}],"collection":[{"href":"https:\/\/e.kosmolat.eu\/lt\/wp-json\/wp\/v2\/product"}],"about":[{"href":"https:\/\/e.kosmolat.eu\/lt\/wp-json\/wp\/v2\/types\/product"}],"wp:featuredmedia":[{"embeddable":true,"href":"https:\/\/e.kosmolat.eu\/lt\/wp-json\/wp\/v2\/media\/54815"}],"wp:attachment":[{"href":"https:\/\/e.kosmolat.eu\/lt\/wp-json\/wp\/v2\/media?parent=54813"}],"wp:term":[{"taxonomy":"product_cat","embeddable":true,"href":"https:\/\/e.kosmolat.eu\/lt\/wp-json\/wp\/v2\/product_cat?post=54813"},{"taxonomy":"product_tag","embeddable":true,"href":"https:\/\/e.kosmolat.eu\/lt\/wp-json\/wp\/v2\/product_tag?post=54813"}],"curies":[{"name":"wp","href":"https:\/\/api.w.org\/{rel}","templated":true}]}}