{"id":54805,"date":"2024-07-27T22:50:45","date_gmt":"2024-07-27T22:50:45","guid":{"rendered":"https:\/\/e.kosmolat.eu\/product\/relouis-pro-highlighter-kompakts-hailaiteris-01-tonis-pearl-4-g\/"},"modified":"2025-05-12T11:11:42","modified_gmt":"2025-05-12T11:11:42","slug":"relouis-pro-01-highlighter-kompakts-hailaiteris-pearl-4-g","status":"publish","type":"product","link":"https:\/\/e.kosmolat.eu\/lt\/produktas\/relouis-pro-01-highlighter-kompakts-hailaiteris-pearl-4-g\/","title":{"rendered":"RELOUIS PRO Highlighter Compact, tonas 01 Pearl, 4 g"},"content":{"rendered":"<p>Naudojimo instrukcija: teptuku tepkite tas veido vietas, kurias reikia pabr\u0117\u017eti, ir \u0161velniai paskleiskite.<\/p>\n<p>Laikyti nuo 0\u00b0C iki +25\u00b0C temperat\u016broje.<\/p>\n","protected":false},"excerpt":{"rendered":"<p>Naudojimo instrukcija: teptuku tepkite tas veido vietas, kurias reikia pabr\u0117\u017eti, ir \u0161velniai paskleiskite. Laikyti nuo 0\u00b0C iki +25\u00b0C temperat\u016broje.<\/p>\n","protected":false},"featured_media":54807,"template":"","meta":[],"product_cat":[1487],"product_tag":[],"class_list":{"0":"post-54805","1":"product","2":"type-product","3":"status-publish","4":"has-post-thumbnail","6":"product_brand-relui-bel_by-lt","7":"product_cat-pudros","9":"first","10":"outofstock","11":"taxable","12":"shipping-taxable","13":"product-type-simple"},"_links":{"self":[{"href":"https:\/\/e.kosmolat.eu\/lt\/wp-json\/wp\/v2\/product\/54805","targetHints":{"allow":["GET"]}}],"collection":[{"href":"https:\/\/e.kosmolat.eu\/lt\/wp-json\/wp\/v2\/product"}],"about":[{"href":"https:\/\/e.kosmolat.eu\/lt\/wp-json\/wp\/v2\/types\/product"}],"wp:featuredmedia":[{"embeddable":true,"href":"https:\/\/e.kosmolat.eu\/lt\/wp-json\/wp\/v2\/media\/54807"}],"wp:attachment":[{"href":"https:\/\/e.kosmolat.eu\/lt\/wp-json\/wp\/v2\/media?parent=54805"}],"wp:term":[{"taxonomy":"product_cat","embeddable":true,"href":"https:\/\/e.kosmolat.eu\/lt\/wp-json\/wp\/v2\/product_cat?post=54805"},{"taxonomy":"product_tag","embeddable":true,"href":"https:\/\/e.kosmolat.eu\/lt\/wp-json\/wp\/v2\/product_tag?post=54805"}],"curies":[{"name":"wp","href":"https:\/\/api.w.org\/{rel}","templated":true}]}}