{"id":54749,"date":"2024-07-27T20:02:24","date_gmt":"2024-07-27T20:02:24","guid":{"rendered":"https:\/\/e.kosmolat.eu\/product\/relouis-pro-facebody-foundat-24h-spf-30-tonal-kr-tonis-1%d1%81-gaiss-auksts-30-ml\/"},"modified":"2025-03-24T06:37:34","modified_gmt":"2025-03-24T06:37:34","slug":"relouis-pro-facebody-foundat-24h-spf-30-tonal-kr-tonis-1%d1%81-gaiss-auksts-30-ml","status":"publish","type":"product","link":"https:\/\/e.kosmolat.eu\/lt\/produktas\/relouis-pro-facebody-foundat-24h-spf-30-tonal-kr-tonis-1%d1%81-gaiss-auksts-30-ml\/","title":{"rendered":"RELOUIS PRO Face&#038;Body Foundation 24H SPF 30  makia\u017eo pagrindas, tonas 1C \u0161viesus, \u0161altas, 30 ml"},"content":{"rendered":"<p>\u0160viesiai sm\u0117lin\u0117s spalvos su \u0161altu atspalviu.<\/p>\n<p>Skystas pagrindas su SPF 30 ir patogios tekst\u016bros bet kokio tipo odai suteikia nat\u016bral\u0173 matin\u012f pavir\u0161i\u0173 ir patvarum\u0105 24 valandas. Idealiai i\u0161lygina veido ir k\u016bno odos tekst\u016br\u0105, i\u0161lygina ton\u0105 ir paslepia visus tr\u016bkumus. Krem\u0105 lengva mai\u0161yti ir sluoksniuoti, tod\u0117l jis yra vidutinio ar pilno padengimo. Sud\u0117tyje n\u0117ra mineralin\u0117s alyvos.<\/p>\n<p>Naudojimo instrukcija: prie\u0161 naudojim\u0105 buteliuk\u0105 suplakite, veid\u0105 ir\/ar atviras k\u016bno vietas tepkite kremu dr\u0117gna kempine ar \u0161epet\u0117liu.<\/p>\n<p>Laikyti nuo 5 \u00b0C iki +25 \u00b0C temperat\u016broje.<\/p>\n","protected":false},"excerpt":{"rendered":"<p>\u0160viesiai sm\u0117lin\u0117s spalvos su \u0161altu atspalviu. Skystas pagrindas su SPF 30 ir patogios tekst\u016bros bet kokio tipo odai suteikia nat\u016bral\u0173 matin\u012f pavir\u0161i\u0173 ir patvarum\u0105 24 valandas. Idealiai i\u0161lygina veido ir k\u016bno odos tekst\u016br\u0105, i\u0161lygina ton\u0105 ir paslepia visus tr\u016bkumus. Krem\u0105 lengva mai\u0161yti ir sluoksniuoti, tod\u0117l jis yra vidutinio ar pilno padengimo. Sud\u0117tyje n\u0117ra mineralin\u0117s alyvos. [&#8230;]\n","protected":false},"featured_media":54751,"template":"","meta":[],"product_cat":[1291],"product_tag":[],"class_list":{"0":"post-54749","1":"product","2":"type-product","3":"status-publish","4":"has-post-thumbnail","6":"product_brand-relui-bel_by-lt","7":"product_cat-makiazo-pagrindas","9":"first","10":"outofstock","11":"taxable","12":"shipping-taxable","13":"product-type-simple"},"_links":{"self":[{"href":"https:\/\/e.kosmolat.eu\/lt\/wp-json\/wp\/v2\/product\/54749","targetHints":{"allow":["GET"]}}],"collection":[{"href":"https:\/\/e.kosmolat.eu\/lt\/wp-json\/wp\/v2\/product"}],"about":[{"href":"https:\/\/e.kosmolat.eu\/lt\/wp-json\/wp\/v2\/types\/product"}],"wp:featuredmedia":[{"embeddable":true,"href":"https:\/\/e.kosmolat.eu\/lt\/wp-json\/wp\/v2\/media\/54751"}],"wp:attachment":[{"href":"https:\/\/e.kosmolat.eu\/lt\/wp-json\/wp\/v2\/media?parent=54749"}],"wp:term":[{"taxonomy":"product_cat","embeddable":true,"href":"https:\/\/e.kosmolat.eu\/lt\/wp-json\/wp\/v2\/product_cat?post=54749"},{"taxonomy":"product_tag","embeddable":true,"href":"https:\/\/e.kosmolat.eu\/lt\/wp-json\/wp\/v2\/product_tag?post=54749"}],"curies":[{"name":"wp","href":"https:\/\/api.w.org\/{rel}","templated":true}]}}