{"id":54701,"date":"2024-07-27T18:52:18","date_gmt":"2024-07-27T18:52:18","guid":{"rendered":"https:\/\/e.kosmolat.eu\/product\/relouis-pro-blush-duo-kompakts-vaigu-sartums-tonis-205-5-g\/"},"modified":"2025-06-03T14:01:01","modified_gmt":"2025-06-03T14:01:01","slug":"relouis-pro-205-blush-duo-kompakts-vaigu-sartums-5-g","status":"publish","type":"product","link":"https:\/\/e.kosmolat.eu\/lt\/produktas\/relouis-pro-205-blush-duo-kompakts-vaigu-sartums-5-g\/","title":{"rendered":"RELOUIS PRO Blush Duo Compact skaistalai, tonas 205, 5 g"},"content":{"rendered":"<p>Naudojimas: skaistalus teptuku u\u017etepkite ant skruostikauli\u0173 ir skruost\u0173, paskleiskite.<\/p>\n<p>Laikyti nuo 0\u00b0C iki +25\u00b0C temperat\u016broje.<\/p>\n","protected":false},"excerpt":{"rendered":"<p>Naudojimas: skaistalus teptuku u\u017etepkite ant skruostikauli\u0173 ir skruost\u0173, paskleiskite. Laikyti nuo 0\u00b0C iki +25\u00b0C temperat\u016broje.<\/p>\n","protected":false},"featured_media":54703,"template":"","meta":[],"product_cat":[1497],"product_tag":[],"class_list":{"0":"post-54701","1":"product","2":"type-product","3":"status-publish","4":"has-post-thumbnail","6":"product_brand-relui-bel_by-lt","7":"product_cat-skaistalai","9":"first","10":"outofstock","11":"taxable","12":"shipping-taxable","13":"product-type-simple"},"_links":{"self":[{"href":"https:\/\/e.kosmolat.eu\/lt\/wp-json\/wp\/v2\/product\/54701","targetHints":{"allow":["GET"]}}],"collection":[{"href":"https:\/\/e.kosmolat.eu\/lt\/wp-json\/wp\/v2\/product"}],"about":[{"href":"https:\/\/e.kosmolat.eu\/lt\/wp-json\/wp\/v2\/types\/product"}],"wp:featuredmedia":[{"embeddable":true,"href":"https:\/\/e.kosmolat.eu\/lt\/wp-json\/wp\/v2\/media\/54703"}],"wp:attachment":[{"href":"https:\/\/e.kosmolat.eu\/lt\/wp-json\/wp\/v2\/media?parent=54701"}],"wp:term":[{"taxonomy":"product_cat","embeddable":true,"href":"https:\/\/e.kosmolat.eu\/lt\/wp-json\/wp\/v2\/product_cat?post=54701"},{"taxonomy":"product_tag","embeddable":true,"href":"https:\/\/e.kosmolat.eu\/lt\/wp-json\/wp\/v2\/product_tag?post=54701"}],"curies":[{"name":"wp","href":"https:\/\/api.w.org\/{rel}","templated":true}]}}