{"id":54661,"date":"2024-07-27T17:54:19","date_gmt":"2024-07-27T17:54:19","guid":{"rendered":"https:\/\/e.kosmolat.eu\/product\/relouis-pro-all-in-one-liquid-blush-skid-vaigu-sartums-tonis-03-nectarine-3-5-g\/"},"modified":"2025-03-01T16:54:48","modified_gmt":"2025-03-01T16:54:48","slug":"relouis-pro-03-all-in-one-liquid-blush-skid-vaigu-sartums-nectarine-3-5-g","status":"publish","type":"product","link":"https:\/\/e.kosmolat.eu\/lt\/produktas\/relouis-pro-03-all-in-one-liquid-blush-skid-vaigu-sartums-nectarine-3-5-g\/","title":{"rendered":"RELOUIS PRO All-in-One Liquid Blush Skysti skaistalai, tonas 03 Nectarine, 3.5 g"},"content":{"rendered":"<p>L\u016bpoms, skruostams ir akims; kremin\u0117 \u0161ilkin\u0117 tekst\u016bra; \u0161viesus \u0161e\u0161\u0117liavimas; satino apdaila; nat\u016bralus poveikis; maitinimas, dr\u0117kinimas ir komfortas.<\/p>\n<p>Naudojimas: skaistalus aplikatoriumi u\u017etepkite ant skruost\u0173 ir\/ar aki\u0173, l\u016bp\u0173, sumai\u0161ykite pir\u0161t\u0173 galiukais (\u0161epet\u0117liu, kempin\u0117le).<\/p>\n<p>Laikyti nuo +10\u00b0C iki +25\u00b0C temperat\u016broje.<\/p>\n","protected":false},"excerpt":{"rendered":"<p>L\u016bpoms, skruostams ir akims; kremin\u0117 \u0161ilkin\u0117 tekst\u016bra; \u0161viesus \u0161e\u0161\u0117liavimas; satino apdaila; nat\u016bralus poveikis; maitinimas, dr\u0117kinimas ir komfortas. Naudojimas: skaistalus aplikatoriumi u\u017etepkite ant skruost\u0173 ir\/ar aki\u0173, l\u016bp\u0173, sumai\u0161ykite pir\u0161t\u0173 galiukais (\u0161epet\u0117liu, kempin\u0117le). Laikyti nuo +10\u00b0C iki +25\u00b0C temperat\u016broje.<\/p>\n","protected":false},"featured_media":54663,"template":"","meta":[],"product_cat":[1497],"product_tag":[],"class_list":{"0":"post-54661","1":"product","2":"type-product","3":"status-publish","4":"has-post-thumbnail","6":"product_brand-relui-bel_by-lt","7":"product_cat-skaistalai","9":"first","10":"instock","11":"taxable","12":"shipping-taxable","13":"product-type-simple"},"_links":{"self":[{"href":"https:\/\/e.kosmolat.eu\/lt\/wp-json\/wp\/v2\/product\/54661","targetHints":{"allow":["GET"]}}],"collection":[{"href":"https:\/\/e.kosmolat.eu\/lt\/wp-json\/wp\/v2\/product"}],"about":[{"href":"https:\/\/e.kosmolat.eu\/lt\/wp-json\/wp\/v2\/types\/product"}],"wp:featuredmedia":[{"embeddable":true,"href":"https:\/\/e.kosmolat.eu\/lt\/wp-json\/wp\/v2\/media\/54663"}],"wp:attachment":[{"href":"https:\/\/e.kosmolat.eu\/lt\/wp-json\/wp\/v2\/media?parent=54661"}],"wp:term":[{"taxonomy":"product_cat","embeddable":true,"href":"https:\/\/e.kosmolat.eu\/lt\/wp-json\/wp\/v2\/product_cat?post=54661"},{"taxonomy":"product_tag","embeddable":true,"href":"https:\/\/e.kosmolat.eu\/lt\/wp-json\/wp\/v2\/product_tag?post=54661"}],"curies":[{"name":"wp","href":"https:\/\/api.w.org\/{rel}","templated":true}]}}