{"id":54365,"date":"2024-07-27T10:38:42","date_gmt":"2024-07-27T10:38:42","guid":{"rendered":"https:\/\/e.kosmolat.eu\/product\/relouis-maigas-lupas-higien-lupu-krasa-ar-roza-nokrasu-3-4-g\/"},"modified":"2025-07-07T05:52:20","modified_gmt":"2025-07-07T05:52:20","slug":"relouis-maigas-lupas-higien-lupu-krasa-ar-roza-nokrasu-3-4-g","status":"publish","type":"product","link":"https:\/\/e.kosmolat.eu\/lt\/produktas\/relouis-maigas-lupas-higien-lupu-krasa-ar-roza-nokrasu-3-4-g\/","title":{"rendered":"RELOUIS \u0160velnios l\u016bpos Higieninis l\u016bpda\u017eis su ro\u017einiu atspalviu 3.4 g"},"content":{"rendered":"<p>Naudojimo instrukcijos: tepkite l\u016bpas l\u016bpda\u017eiu.<\/p>\n<p>Laikyti nuo 0 \u00b0C iki +25 \u00b0C temperat\u016broje.<\/p>\n","protected":false},"excerpt":{"rendered":"<p>Naudojimo instrukcijos: tepkite l\u016bpas l\u016bpda\u017eiu. Laikyti nuo 0 \u00b0C iki +25 \u00b0C temperat\u016broje.<\/p>\n","protected":false},"featured_media":54367,"template":"","meta":[],"product_cat":[2181],"product_tag":[],"class_list":{"0":"post-54365","1":"product","2":"type-product","3":"status-publish","4":"has-post-thumbnail","6":"product_brand-relui-bel_by-lt","7":"product_cat-bez-kategorijas-lt","9":"first","10":"outofstock","11":"taxable","12":"shipping-taxable","13":"product-type-simple"},"_links":{"self":[{"href":"https:\/\/e.kosmolat.eu\/lt\/wp-json\/wp\/v2\/product\/54365","targetHints":{"allow":["GET"]}}],"collection":[{"href":"https:\/\/e.kosmolat.eu\/lt\/wp-json\/wp\/v2\/product"}],"about":[{"href":"https:\/\/e.kosmolat.eu\/lt\/wp-json\/wp\/v2\/types\/product"}],"wp:featuredmedia":[{"embeddable":true,"href":"https:\/\/e.kosmolat.eu\/lt\/wp-json\/wp\/v2\/media\/54367"}],"wp:attachment":[{"href":"https:\/\/e.kosmolat.eu\/lt\/wp-json\/wp\/v2\/media?parent=54365"}],"wp:term":[{"taxonomy":"product_cat","embeddable":true,"href":"https:\/\/e.kosmolat.eu\/lt\/wp-json\/wp\/v2\/product_cat?post=54365"},{"taxonomy":"product_tag","embeddable":true,"href":"https:\/\/e.kosmolat.eu\/lt\/wp-json\/wp\/v2\/product_tag?post=54365"}],"curies":[{"name":"wp","href":"https:\/\/api.w.org\/{rel}","templated":true}]}}