{"id":54109,"date":"2024-07-26T15:12:37","date_gmt":"2024-07-26T15:12:37","guid":{"rendered":"https:\/\/e.kosmolat.eu\/?post_type=product&#038;p=54109"},"modified":"2026-04-01T11:23:23","modified_gmt":"2026-04-01T11:23:23","slug":"suelo-pavimenti-gridas-tiris-lidz-sicilijas-citrons-1-l","status":"publish","type":"product","link":"https:\/\/e.kosmolat.eu\/lt\/produktas\/suelo-pavimenti-gridas-tiris-lidz-sicilijas-citrons-1-l\/","title":{"rendered":"SUELO PAVIMENTI Grind\u0173 plovimo priemon\u0117 Sicilijos citrina, 1 l"},"content":{"rendered":"<p>Daugiafunkcinis valiklis ir riebal\u0173 \u0161alinimo priemon\u0117 bet kokio tipo ne\u0161varumams. Palieka pavir\u0161ius blizgan\u010dius. Idealiai tinka kasdieniam grind\u0173 ir vis\u0173 plaunam\u0173 pavir\u0161i\u0173 valymui.<br \/>\nDideliems pavir\u0161iams: 4-6 produkto dangtelius atskieskite 5 litrais vandens. Nereikalauja skalavimo. 1 dangtelis = 28 ml.<br \/>\nEsant stiprioms d\u0117m\u0117ms: u\u017ela\u0161inkite kelis la\u0161us produkto tiesiai ant d\u0117m\u0117s. Nuvalykite dr\u0117gna \u0161luoste. Pavir\u0161ius, kurie lie\u010diasi su maistu, nuplaukite tekan\u010diu vandeniu.<\/p>\n<p>Sud\u0117tis: ma\u017eiau kaip 5 % nejonini\u0173  aktyvi\u0173j\u0173 pavir\u0161iaus med\u017eiag\u0173. Kvapai\/ Geraniol, Limonene. Konservavimo med\u017eiaga: Benzisothiazolinone\/ Methylchloroisothiazolinone\/ Methylisothiazolinone.<\/p>\n<p>EUH208 Sud\u0117tyje yra Metilchlorizotiazolinonas ir metilizotiazolinonas. Gali sukelti alergin\u0119 reakcij\u0105.<br \/>\nP101 Jei reikalinga gydytojo konsultacija, su savimi tur\u0117kite produkto talpykl\u0105 ar jo etiket\u0119.<br \/>\nP102 Laikyti vaikams neprieinamoje vietoje<br \/>\nP103 Prie\u0161 naudojim\u0105 perskaityti etiket\u0119.<\/p>\n","protected":false},"excerpt":{"rendered":"<p>Daugiafunkcinis valiklis ir riebal\u0173 \u0161alinimo priemon\u0117 bet kokio tipo ne\u0161varumams. Palieka pavir\u0161ius blizgan\u010dius. Idealiai tinka kasdieniam grind\u0173 ir vis\u0173 plaunam\u0173 pavir\u0161i\u0173 valymui. Dideliems pavir\u0161iams: 4-6 produkto dangtelius atskieskite 5 litrais vandens. Nereikalauja skalavimo. 1 dangtelis = 28 ml. Esant stiprioms d\u0117m\u0117ms: u\u017ela\u0161inkite kelis la\u0161us produkto tiesiai ant d\u0117m\u0117s. Nuvalykite dr\u0117gna \u0161luoste. Pavir\u0161ius, kurie lie\u010diasi su [&#8230;]\n","protected":false},"featured_media":100244,"template":"","meta":[],"product_cat":[2181],"product_tag":[],"class_list":{"0":"post-54109","1":"product","2":"type-product","3":"status-publish","4":"has-post-thumbnail","6":"product_brand-italchimica-it-lt","7":"product_cat-bez-kategorijas-lt","9":"first","10":"instock","11":"taxable","12":"shipping-taxable","13":"product-type-simple"},"_links":{"self":[{"href":"https:\/\/e.kosmolat.eu\/lt\/wp-json\/wp\/v2\/product\/54109","targetHints":{"allow":["GET"]}}],"collection":[{"href":"https:\/\/e.kosmolat.eu\/lt\/wp-json\/wp\/v2\/product"}],"about":[{"href":"https:\/\/e.kosmolat.eu\/lt\/wp-json\/wp\/v2\/types\/product"}],"wp:featuredmedia":[{"embeddable":true,"href":"https:\/\/e.kosmolat.eu\/lt\/wp-json\/wp\/v2\/media\/100244"}],"wp:attachment":[{"href":"https:\/\/e.kosmolat.eu\/lt\/wp-json\/wp\/v2\/media?parent=54109"}],"wp:term":[{"taxonomy":"product_cat","embeddable":true,"href":"https:\/\/e.kosmolat.eu\/lt\/wp-json\/wp\/v2\/product_cat?post=54109"},{"taxonomy":"product_tag","embeddable":true,"href":"https:\/\/e.kosmolat.eu\/lt\/wp-json\/wp\/v2\/product_tag?post=54109"}],"curies":[{"name":"wp","href":"https:\/\/api.w.org\/{rel}","templated":true}]}}