{"id":54066,"date":"2024-07-23T04:05:01","date_gmt":"2024-07-23T04:05:01","guid":{"rendered":"https:\/\/e.kosmolat.eu\/product\/i_dd-roku-krems-probiotikis-42-ml\/"},"modified":"2026-04-22T10:34:17","modified_gmt":"2026-04-22T10:34:17","slug":"the-dr-hc-roku-krems-probiotikis-42-ml","status":"publish","type":"product","link":"https:\/\/e.kosmolat.eu\/lt\/produktas\/the-dr-hc-roku-krems-probiotikis-42-ml\/","title":{"rendered":"DOMA\u0160NIJ DOKTOR Rank\u0173 kremas Probiotikas, 42 ml"},"content":{"rendered":"<p>Atkuria odos apsaugines savybes. Maitina, dr\u0117kina ir yra atsakingas u\u017e rank\u0173 odos \u0161velnum\u0105, gro\u017e\u012f ir sveik\u0105 i\u0161vaizd\u0105.<br \/>\nNaudojimas: tepkite ant sausos, \u0161varios rank\u0173 odos. Atsargumo priemon\u0117s: padid\u0117j\u0119s individualus jautrumas atskiriems komponentams. Laikyti nuo +5 \u00b0\u0421 iki +25 \u00b0\u0421 temperat\u016broje.<\/p>\n","protected":false},"excerpt":{"rendered":"<p>Atkuria odos apsaugines savybes. Maitina, dr\u0117kina ir yra atsakingas u\u017e rank\u0173 odos \u0161velnum\u0105, gro\u017e\u012f ir sveik\u0105 i\u0161vaizd\u0105. Naudojimas: tepkite ant sausos, \u0161varios rank\u0173 odos. Atsargumo priemon\u0117s: padid\u0117j\u0119s individualus jautrumas atskiriems komponentams. Laikyti nuo +5 \u00b0\u0421 iki +25 \u00b0\u0421 temperat\u016broje.<\/p>\n","protected":false},"featured_media":85234,"template":"","meta":[],"product_cat":[2181],"product_tag":[],"class_list":{"0":"post-54066","1":"product","2":"type-product","3":"status-publish","4":"has-post-thumbnail","6":"product_brand-elfa_ua-lt","7":"product_cat-bez-kategorijas-lt","9":"first","10":"instock","11":"taxable","12":"shipping-taxable","13":"product-type-simple"},"_links":{"self":[{"href":"https:\/\/e.kosmolat.eu\/lt\/wp-json\/wp\/v2\/product\/54066","targetHints":{"allow":["GET"]}}],"collection":[{"href":"https:\/\/e.kosmolat.eu\/lt\/wp-json\/wp\/v2\/product"}],"about":[{"href":"https:\/\/e.kosmolat.eu\/lt\/wp-json\/wp\/v2\/types\/product"}],"wp:featuredmedia":[{"embeddable":true,"href":"https:\/\/e.kosmolat.eu\/lt\/wp-json\/wp\/v2\/media\/85234"}],"wp:attachment":[{"href":"https:\/\/e.kosmolat.eu\/lt\/wp-json\/wp\/v2\/media?parent=54066"}],"wp:term":[{"taxonomy":"product_cat","embeddable":true,"href":"https:\/\/e.kosmolat.eu\/lt\/wp-json\/wp\/v2\/product_cat?post=54066"},{"taxonomy":"product_tag","embeddable":true,"href":"https:\/\/e.kosmolat.eu\/lt\/wp-json\/wp\/v2\/product_tag?post=54066"}],"curies":[{"name":"wp","href":"https:\/\/api.w.org\/{rel}","templated":true}]}}