{"id":54053,"date":"2024-07-19T04:11:37","date_gmt":"2024-07-19T04:11:37","guid":{"rendered":"https:\/\/e.kosmolat.eu\/product\/7d-mbw-sildoss-pretcelulita-kermena-krems-chile-130-ml\/"},"modified":"2026-03-02T07:51:12","modified_gmt":"2026-03-02T07:51:12","slug":"7d-mbw-sildoss-pretcelulita-kermena-krems-chile-130-ml","status":"publish","type":"product","link":"https:\/\/e.kosmolat.eu\/lt\/produktas\/7d-mbw-sildoss-pretcelulita-kermena-krems-chile-130-ml\/","title":{"rendered":"7DAYS MY BEAUTY WEEK Anticeliulitinis \u0161ildantis k\u016bno kremas Chile, 130 ml"},"content":{"rendered":"<p>Kremas 2 in 1, skirtas veiksmingai kovai su celiulitu terminio poveikio pagalba. 1. Kreme yra pipir\u0173 ekstrakto, kuris gerina mikrocirkuliacij\u0105, skatina riebal\u0173 &nbsp;deginim\u0105 ir skys\u010di\u0173 pertekliaus pa&scaron;alinim\u0105 i&scaron; organizmo. Imbier\u0173 ekstraktas pasi\u017eymi liftingo efektu ir gerina odos elastingum\u0105. 2. Skin Workout masa\u017einis volelis patogiai ir neskausmingai apdirba problemines vietas, sustiprina anticeliulitin\u012f poveik\u012f ir u\u017etikrina gil\u0173 veikli\u0173j\u0173 med\u017eiag\u0173 \u012fsiskverbim\u0105.<\/p>\n<p><strong>Naudojimas:<\/strong> pasukite antgalio apa\u010di\u0105 pagal laikrod\u017eio rodykl\u0119, kad atidarytum\u0117te pakuot\u0119. Atkreipkite d\u0117mes\u012f, kad galite reguliuoti tiekiamo kremo kiek\u012f, tepti produkt\u0105 ta&scaron;kas problemines vietas. U\u017edarykite pakuot\u0119 sukdami antgalio apa\u010di\u0105 prie&scaron; laikrod\u017eio rodykl\u0119, kol ji u\u017esifiksuos. Gelis turi b\u016bti paskirstytas ant k\u016bno sukamaisiais judesiais i&scaron; vir&scaron;aus \u012f apa\u010di\u0105 10-15 minu\u010di\u0173 naudojant masa\u017eo volel\u012f. Gelis nereikalauja nuplovimo.<\/p>\n<p><strong>Atsargumo priemon\u0117s: <\/strong>Tik i&scaron;oriniam naudojimui. Vengti patekimo \u012f akis. Patekus \u012f akis, nedelsiant praplauti dideliu kiekiu vandens ir, jei reikia, kreiptis \u012f gydytoj\u0105. Netepkite ant pa\u017eeistos odos. Nenaudoti esant padid\u0117jusiam jautrumui bet kuriai produkto sudedamajai daliai. Nustokite naudoti, jei atsiranda dirginimas. Saugoti nuo vaik\u0173. Laikyti nuo +5 &deg;C iki +25 &deg;C temperat\u016broje.<br \/>\n&nbsp;<\/p>\n","protected":false},"excerpt":{"rendered":"<p>Kremas 2 in 1, skirtas veiksmingai kovai su celiulitu terminio poveikio pagalba. 1. Kreme yra pipir\u0173 ekstrakto, kuris gerina mikrocirkuliacij\u0105, skatina riebal\u0173 &nbsp;deginim\u0105 ir skys\u010di\u0173 pertekliaus pa&scaron;alinim\u0105 i&scaron; organizmo. Imbier\u0173 ekstraktas pasi\u017eymi liftingo efektu ir gerina odos elastingum\u0105. 2. Skin Workout masa\u017einis volelis patogiai ir neskausmingai apdirba problemines vietas, sustiprina anticeliulitin\u012f poveik\u012f ir u\u017etikrina gil\u0173 [&#8230;]\n","protected":false},"featured_media":101326,"template":"","meta":[],"product_cat":[2181],"product_tag":[],"class_list":{"0":"post-54053","1":"product","2":"type-product","3":"status-publish","4":"has-post-thumbnail","6":"product_brand-7days_it-lt","7":"product_cat-bez-kategorijas-lt","9":"first","10":"instock","11":"taxable","12":"shipping-taxable","13":"product-type-simple"},"_links":{"self":[{"href":"https:\/\/e.kosmolat.eu\/lt\/wp-json\/wp\/v2\/product\/54053","targetHints":{"allow":["GET"]}}],"collection":[{"href":"https:\/\/e.kosmolat.eu\/lt\/wp-json\/wp\/v2\/product"}],"about":[{"href":"https:\/\/e.kosmolat.eu\/lt\/wp-json\/wp\/v2\/types\/product"}],"wp:featuredmedia":[{"embeddable":true,"href":"https:\/\/e.kosmolat.eu\/lt\/wp-json\/wp\/v2\/media\/101326"}],"wp:attachment":[{"href":"https:\/\/e.kosmolat.eu\/lt\/wp-json\/wp\/v2\/media?parent=54053"}],"wp:term":[{"taxonomy":"product_cat","embeddable":true,"href":"https:\/\/e.kosmolat.eu\/lt\/wp-json\/wp\/v2\/product_cat?post=54053"},{"taxonomy":"product_tag","embeddable":true,"href":"https:\/\/e.kosmolat.eu\/lt\/wp-json\/wp\/v2\/product_tag?post=54053"}],"curies":[{"name":"wp","href":"https:\/\/api.w.org\/{rel}","templated":true}]}}