{"id":54049,"date":"2024-07-19T04:07:10","date_gmt":"2024-07-19T04:07:10","guid":{"rendered":"https:\/\/e.kosmolat.eu\/product\/7d-mbw-atvesinosa-pretcelulita-kermena-zeleja-iceice-130-ml\/"},"modified":"2026-03-10T12:09:35","modified_gmt":"2026-03-10T12:09:35","slug":"7d-mbw-atvesinosa-pretcelulita-kermena-zeleja-iceice-130-ml","status":"publish","type":"product","link":"https:\/\/e.kosmolat.eu\/lt\/produktas\/7d-mbw-atvesinosa-pretcelulita-kermena-zeleja-iceice-130-ml\/","title":{"rendered":"7DAYS MY BEAUTY WEEK V\u0117sinamasis anticeliulitinis k\u016bno gelis IceIce, 130 ml"},"content":{"rendered":"<p>Kriogelis 2 viename &nbsp;efektyviai kovai su celiulitu su v\u0117sinan\u010diu poveikiu. 1. Gelyje yra mentolio, kuris gerina mikrocirkuliacij\u0105, skatina riebal\u0173 &nbsp;deginim\u0105 ir vizualin\u012f odos reljefo i&scaron;lyginim\u0105. J\u016bros dumbliai dr\u0117kina, suteikia odai elastingumo ir tonizavimo. 2. Skin Workout masa\u017einis volelis patogiai ir neskausmingai apdirba problemines vietas, sustiprina anticeliulitin\u012f poveik\u012f ir u\u017etikrina gil\u0173 veikli\u0173j\u0173 med\u017eiag\u0173 \u012fsiskverbim\u0105.<\/p>\n<p><strong>Naudojimas:<\/strong> pasukite antgalio apa\u010di\u0105 pagal laikrod\u017eio rodykl\u0119, kad atidarytum\u0117te pakuot\u0119. Atkreipkite d\u0117mes\u012f, kad galite reguliuoti tiekiamo gelio kiek\u012f, tepant gamin\u012f problemin\u0117se vietose. U\u017edarykite pakuot\u0119 sukdami antgalio apa\u010di\u0105 prie&scaron; laikrod\u017eio rodykl\u0119, kol ji u\u017esifiksuos. Gelis turi b\u016bti paskirstytas ant k\u016bno sukamaisiais judesiais i&scaron; vir&scaron;aus \u012f apa\u010di\u0105 10-15 minu\u010di\u0173 naudojant masa\u017eo volel\u012f. Gelis nereikalauja nuplovimo.<\/p>\n<p><strong>Atsargumo priemon\u0117s: <\/strong>Tik i&scaron;oriniam naudojimui. Vengti patekimo \u012f akis. Patekus \u012f akis, nedelsiant praplauti dideliu kiekiu vandens ir, jei reikia, kreiptis \u012f gydytoj\u0105. Netepkite ant pa\u017eeistos odos. Nenaudoti esant padid\u0117jusiam jautrumui bet kuriai produkto sudedamajai daliai. Nustokite naudoti, jei atsiranda dirginimas. Saugoti nuo vaik\u0173. Laikyti nuo +5 &deg;C iki +25 &deg;C temperat\u016broje.<br \/>\n&nbsp;<\/p>\n","protected":false},"excerpt":{"rendered":"<p>Kriogelis 2 viename &nbsp;efektyviai kovai su celiulitu su v\u0117sinan\u010diu poveikiu. 1. Gelyje yra mentolio, kuris gerina mikrocirkuliacij\u0105, skatina riebal\u0173 &nbsp;deginim\u0105 ir vizualin\u012f odos reljefo i&scaron;lyginim\u0105. J\u016bros dumbliai dr\u0117kina, suteikia odai elastingumo ir tonizavimo. 2. Skin Workout masa\u017einis volelis patogiai ir neskausmingai apdirba problemines vietas, sustiprina anticeliulitin\u012f poveik\u012f ir u\u017etikrina gil\u0173 veikli\u0173j\u0173 med\u017eiag\u0173 \u012fsiskverbim\u0105. Naudojimas: pasukite [&#8230;]\n","protected":false},"featured_media":101322,"template":"","meta":[],"product_cat":[2181],"product_tag":[],"class_list":{"0":"post-54049","1":"product","2":"type-product","3":"status-publish","4":"has-post-thumbnail","6":"product_brand-7days_it-lt","7":"product_cat-bez-kategorijas-lt","9":"first","10":"instock","11":"taxable","12":"shipping-taxable","13":"product-type-simple"},"_links":{"self":[{"href":"https:\/\/e.kosmolat.eu\/lt\/wp-json\/wp\/v2\/product\/54049","targetHints":{"allow":["GET"]}}],"collection":[{"href":"https:\/\/e.kosmolat.eu\/lt\/wp-json\/wp\/v2\/product"}],"about":[{"href":"https:\/\/e.kosmolat.eu\/lt\/wp-json\/wp\/v2\/types\/product"}],"wp:featuredmedia":[{"embeddable":true,"href":"https:\/\/e.kosmolat.eu\/lt\/wp-json\/wp\/v2\/media\/101322"}],"wp:attachment":[{"href":"https:\/\/e.kosmolat.eu\/lt\/wp-json\/wp\/v2\/media?parent=54049"}],"wp:term":[{"taxonomy":"product_cat","embeddable":true,"href":"https:\/\/e.kosmolat.eu\/lt\/wp-json\/wp\/v2\/product_cat?post=54049"},{"taxonomy":"product_tag","embeddable":true,"href":"https:\/\/e.kosmolat.eu\/lt\/wp-json\/wp\/v2\/product_tag?post=54049"}],"curies":[{"name":"wp","href":"https:\/\/api.w.org\/{rel}","templated":true}]}}