{"id":54033,"date":"2024-07-19T04:00:31","date_gmt":"2024-07-19T04:00:31","guid":{"rendered":"https:\/\/e.kosmolat.eu\/product\/dilis-bijou-eclatic-mood-smarzudens-sievietem-18-ml\/"},"modified":"2025-09-20T03:46:10","modified_gmt":"2025-09-20T03:46:10","slug":"dilis-bijou-eclatic-mood-smarzudens-sievietem-18-ml","status":"publish","type":"product","link":"https:\/\/e.kosmolat.eu\/lt\/produktas\/dilis-bijou-eclatic-mood-smarzudens-sievietem-18-ml\/","title":{"rendered":"DILIS Bijou Eclatic Mood Moteri\u0161kas parfumuotas vanduo, 18 ml"},"content":{"rendered":"<p><strong>Vir&scaron;utin\u0117s natos: <\/strong>persikai, bij\u016bnai, arbata.<br \/>\n<strong>&Scaron;irdies natos:<\/strong> gintaras, muskusas, alyvos.<br \/>\n<strong>Pagrindin\u0117s natos:<\/strong> kedrai kvepen\u0117s, petitgrain eterinis aliejus.<\/p>\n<p>Laikyti nuo +5 &deg;C iki +25 &deg;C temperat\u016broje. Nelaikyti kvepal\u0173 esant tiesioginiam saul\u0117s spinduli\u0173 poveikiui ir &scaron;alia &scaron;ildymo prietais\u0173.<\/p>\n<p><strong>Atsargumo priemon\u0117s: <\/strong>tik i&scaron;oriniam naudojimui. Vengti patekimo \u012f akis. Nepurk&scaron;kite &scaron;alia atviros liepsnos. &Scaron;io produkto naudojimas maistui yra pavojingas gyvybei ir sveikatai.<\/p>\n<p>Etilo alkoholio t\u016brin\u0117 dalis yra 80%.<br \/>\n&nbsp;<\/p>\n","protected":false},"excerpt":{"rendered":"<p>Vir&scaron;utin\u0117s natos: persikai, bij\u016bnai, arbata. &Scaron;irdies natos: gintaras, muskusas, alyvos. Pagrindin\u0117s natos: kedrai kvepen\u0117s, petitgrain eterinis aliejus. Laikyti nuo +5 &deg;C iki +25 &deg;C temperat\u016broje. Nelaikyti kvepal\u0173 esant tiesioginiam saul\u0117s spinduli\u0173 poveikiui ir &scaron;alia &scaron;ildymo prietais\u0173. Atsargumo priemon\u0117s: tik i&scaron;oriniam naudojimui. Vengti patekimo \u012f akis. Nepurk&scaron;kite &scaron;alia atviros liepsnos. &Scaron;io produkto naudojimas maistui yra pavojingas [&#8230;]\n","protected":false},"featured_media":91218,"template":"","meta":[],"product_cat":[2181],"product_tag":[],"class_list":{"0":"post-54033","1":"product","2":"type-product","3":"status-publish","4":"has-post-thumbnail","6":"product_brand-dilis-kosmetik_by-lt","7":"product_cat-bez-kategorijas-lt","9":"first","10":"outofstock","11":"taxable","12":"shipping-taxable","13":"product-type-simple"},"_links":{"self":[{"href":"https:\/\/e.kosmolat.eu\/lt\/wp-json\/wp\/v2\/product\/54033","targetHints":{"allow":["GET"]}}],"collection":[{"href":"https:\/\/e.kosmolat.eu\/lt\/wp-json\/wp\/v2\/product"}],"about":[{"href":"https:\/\/e.kosmolat.eu\/lt\/wp-json\/wp\/v2\/types\/product"}],"wp:featuredmedia":[{"embeddable":true,"href":"https:\/\/e.kosmolat.eu\/lt\/wp-json\/wp\/v2\/media\/91218"}],"wp:attachment":[{"href":"https:\/\/e.kosmolat.eu\/lt\/wp-json\/wp\/v2\/media?parent=54033"}],"wp:term":[{"taxonomy":"product_cat","embeddable":true,"href":"https:\/\/e.kosmolat.eu\/lt\/wp-json\/wp\/v2\/product_cat?post=54033"},{"taxonomy":"product_tag","embeddable":true,"href":"https:\/\/e.kosmolat.eu\/lt\/wp-json\/wp\/v2\/product_tag?post=54033"}],"curies":[{"name":"wp","href":"https:\/\/api.w.org\/{rel}","templated":true}]}}